{"id":11,"date":"2025-12-22T10:45:38","date_gmt":"2025-12-22T10:45:38","guid":{"rendered":"http:\/\/pay4less.ma\/?page_id=11"},"modified":"2025-12-22T10:45:38","modified_gmt":"2025-12-22T10:45:38","slug":"mon-compte","status":"publish","type":"page","link":"https:\/\/pay4less.ma\/?page_id=11","title":{"rendered":"Mon compte"},"content":{"rendered":"<div class=\"woocommerce\"><div class=\"woocommerce-notices-wrapper\"><\/div>\n<div class=\"wd-registration-page wd-register-tabs\">\n\n\n<div class=\"wd-grid-f-col\" id=\"customer_login\">\n\n\t<div class=\"wd-col col-login\">\n\n\n\t\t<h2 class=\"wd-login-title\">Se connecter<\/h2>\n\n\t\t\t\t\t<form id=\"customer_login\" method=\"post\" class=\"login woocommerce-form woocommerce-form-login hidden-form\" action=\"https:\/\/pay4less.ma\/?page_id=11&#038;action=login\">\n\n\t\t\t\t\n\t\t\t\t\n\t\t\t\t<p class=\"woocommerce-FormRow woocommerce-FormRow--wide form-row form-row-wide form-row-username\">\n\t\t\t\t\t<label for=\"username\">Identifiant ou e-mail&nbsp;<span class=\"required\" aria-hidden=\"true\">*<\/span><span class=\"screen-reader-text\">Obligatoire<\/span><\/label>\n\t\t\t\t\t<input type=\"text\" class=\"woocommerce-Input woocommerce-Input--text input-text\" name=\"username\" id=\"username\" autocomplete=\"username\" value=\"\" \/>\t\t\t\t<\/p>\n\t\t\t\t<p class=\"woocommerce-FormRow woocommerce-FormRow--wide form-row form-row-wide form-row-password\">\n\t\t\t\t\t<label for=\"password\">Password&nbsp;<span class=\"required\" aria-hidden=\"true\">*<\/span><span class=\"screen-reader-text\">Obligatoire<\/span><\/label>\n\t\t\t\t\t<input class=\"woocommerce-Input woocommerce-Input--text input-text\" type=\"password\" name=\"password\" id=\"password\" autocomplete=\"current-password\" \/>\n\t\t\t\t<\/p>\n\n\t\t\t\t\n\t\t\t\t<p class=\"form-row form-row-btn\">\n\t\t\t\t\t<input type=\"hidden\" id=\"woocommerce-login-nonce\" name=\"woocommerce-login-nonce\" value=\"ff19e148f2\" \/><input type=\"hidden\" name=\"_wp_http_referer\" value=\"\/index.php?rest_route=%2Fwp%2Fv2%2Fpages%2F11\" \/>\t\t\t\t\t\t\t\t\t\t<button type=\"submit\" class=\"button woocommerce-button woocommerce-form-login__submit\" name=\"login\" value=\"Log in\">Log in<\/button>\n\t\t\t\t<\/p>\n\n\t\t\t\t<p class=\"login-form-footer\">\n\t\t\t\t\t<a href=\"https:\/\/pay4less.ma\/?page_id=11&#038;lost-password\" class=\"woocommerce-LostPassword lost_password\">Lost your password?<\/a>\n\t\t\t\t\t<label class=\"woocommerce-form__label woocommerce-form__label-for-checkbox woocommerce-form-login__rememberme\">\n\t\t\t\t\t\t<input class=\"woocommerce-form__input woocommerce-form__input-checkbox\" name=\"rememberme\" type=\"checkbox\" value=\"forever\" title=\"Remember me\" aria-label=\"Remember me\" \/> <span>Remember me<\/span>\n\t\t\t\t\t<\/label>\n\t\t\t\t<\/p>\n\n\t\t\t\t\n\t\t\t\t\t\t\t<\/form>\n\n\t\t\n\n\t<\/div>\n\n\t<div class=\"wd-col col-register\">\n\n\t\t<h2 class=\"wd-login-title\">S\u2019inscrire<\/h2>\n\n\t\t\t\t<form method=\"post\" action=\"https:\/\/pay4less.ma\/?page_id=11&#038;action=register\" class=\"woocommerce-form woocommerce-form-register register\"  >\n\t\t\n\t\t\t\t\t\n\t\t\t\t\t\n\t\t\t<p class=\"woocommerce-form-row woocommerce-form-row--wide form-row form-row-wide\">\n\t\t\t\t<label for=\"reg_email\">Adresse e-mail&nbsp;<span class=\"required\" aria-hidden=\"true\">*<\/span><span class=\"screen-reader-text\">Obligatoire<\/span><\/label>\n\t\t\t\t<input type=\"email\" class=\"woocommerce-Input woocommerce-Input--text input-text\" name=\"email\" id=\"reg_email\" autocomplete=\"email\" value=\"\" \/>\t\t\t<\/p>\n\t\t\n\t\t\t\t\t\n\t\t\t\t<p>Un lien permettant de d\u00e9finir un nouveau mot de passe sera envoy\u00e9 \u00e0 votre adresse e-mail.<\/p>\n\t\t\n\t\t\t\t\t\n\t\t\t<div style=\"left: -999em; position: absolute;\"><label for=\"trap\">Anti-spam<\/label><input type=\"text\" name=\"email_2\" id=\"trap\" tabindex=\"-1\" \/><\/div>\n\t\t\n\t\t\t<wc-order-attribution-inputs><\/wc-order-attribution-inputs><div class=\"woocommerce-privacy-policy-text\"><p>Vos donn\u00e9es personnelles seront utilis\u00e9es pour vous accompagner au cours de votre visite du site web, g\u00e9rer l\u2019acc\u00e8s \u00e0 votre compte, et pour d\u2019autres raisons d\u00e9crites dans notre <a href=\"https:\/\/pay4less.ma\/?page_id=3\" class=\"woocommerce-privacy-policy-link\" target=\"_blank\">politique de confidentialit\u00e9<\/a>.<\/p>\n<\/div>\t\t\n\t\t\t<p class=\"woocommerce-form-row form-row form-row-btn\">\n\t\t\t\t<input type=\"hidden\" id=\"woocommerce-register-nonce\" name=\"woocommerce-register-nonce\" value=\"06bd5d9792\" \/><input type=\"hidden\" name=\"_wp_http_referer\" value=\"\/index.php?rest_route=%2Fwp%2Fv2%2Fpages%2F11\" \/>\t\t\t\t<button type=\"submit\" class=\"woocommerce-Button woocommerce-button button\" name=\"register\" value=\"S\u2019inscrire\">S\u2019inscrire<\/button>\n\t\t\t<\/p>\n\t\t\n\t\t\t\t\t\n\t\t<\/form>\n\t\t\n\t<\/div>\n\n\t\t\t<div class=\"wd-col col-register-text\">\n\n\t\t\t<p class=\"title wd-login-divider \"><span>Or<\/span><\/p>\n\n\t\t\t\n\t\t\t\t\t\t\t<h2 class=\"wd-login-title\">Registre<\/h2>\n\t\t\t\n\t\t\t\n\t\t\t\t\t\t\t<div class=\"registration-info\">En vous inscrivant sur ce site, vous pourrez consulter le statut et l'historique de vos commandes. Remplissez simplement les champs ci-dessous et nous cr\u00e9erons votre compte en un rien de temps. Nous ne vous demanderons que les informations n\u00e9cessaires pour simplifier et acc\u00e9l\u00e9rer votre processus d'achat.<\/div>\n\t\t\t\n\t\t\t\n\t\t\t<a href=\"#\" rel=\"nofollow noopener\" class=\"btn wd-switch-to-register\" data-login=\"Se connecter\" data-login-title=\"Se connecter\" data-reg-title=\"Registre\" data-register=\"S\u2019inscrire\">S\u2019inscrire<\/a>\n\n\t\t<\/div>\n\t\n<\/div>\n\n<\/div>\n\n<\/div>\n","protected":false},"excerpt":{"rendered":"","protected":false},"author":1,"featured_media":0,"parent":0,"menu_order":0,"comment_status":"closed","ping_status":"closed","template":"","meta":{"footnotes":""},"class_list":["post-11","page","type-page","status-publish","hentry"],"yoast_head":"<!-- This site is optimized with the Yoast SEO Premium plugin v27.1 (Yoast SEO v27.1) - https:\/\/yoast.com\/product\/yoast-seo-premium-wordpress\/ -->\n<title>Mon compte - PAYLESS MAROC<\/title>\n<meta name=\"robots\" content=\"index, follow, max-snippet:-1, max-image-preview:large, max-video-preview:-1\" \/>\n<link rel=\"canonical\" href=\"https:\/\/pay4less.ma\/?page_id=11\" \/>\n<meta property=\"og:locale\" content=\"fr_FR\" \/>\n<meta property=\"og:type\" content=\"article\" \/>\n<meta property=\"og:title\" content=\"Mon compte\" \/>\n<meta property=\"og:url\" content=\"https:\/\/pay4less.ma\/?page_id=11\" \/>\n<meta property=\"og:site_name\" content=\"PAYLESS MAROC\" \/>\n<meta property=\"article:publisher\" content=\"https:\/\/www.facebook.com\/paylessmaroc\" \/>\n<meta name=\"twitter:card\" content=\"summary_large_image\" \/>\n<script type=\"application\/ld+json\" class=\"yoast-schema-graph\">{\"@context\":\"https:\/\/schema.org\",\"@graph\":[{\"@type\":\"WebPage\",\"@id\":\"https:\/\/pay4less.ma\/?page_id=11\",\"url\":\"https:\/\/pay4less.ma\/?page_id=11\",\"name\":\"Mon compte - PAYLESS MAROC\",\"isPartOf\":{\"@id\":\"https:\/\/pay4less.ma\/#website\"},\"datePublished\":\"2025-12-22T10:45:38+00:00\",\"breadcrumb\":{\"@id\":\"https:\/\/pay4less.ma\/?page_id=11#breadcrumb\"},\"inLanguage\":\"fr-FR\",\"potentialAction\":[{\"@type\":\"ReadAction\",\"target\":[\"https:\/\/pay4less.ma\/?page_id=11\"]}]},{\"@type\":\"BreadcrumbList\",\"@id\":\"https:\/\/pay4less.ma\/?page_id=11#breadcrumb\",\"itemListElement\":[{\"@type\":\"ListItem\",\"position\":1,\"name\":\"Accueil\",\"item\":\"https:\/\/pay4less.ma\/\"},{\"@type\":\"ListItem\",\"position\":2,\"name\":\"Mon compte\"}]},{\"@type\":\"WebSite\",\"@id\":\"https:\/\/pay4less.ma\/#website\",\"url\":\"https:\/\/pay4less.ma\/\",\"name\":\"PAYLESS MAROC\",\"description\":\"PAYLESS \u2013 Votre sp\u00e9cialiste en \u00e9lectrom\u00e9nager, TV et PC au Maroc. Qualit\u00e9, prix justes et service de confiance.\",\"publisher\":{\"@id\":\"https:\/\/pay4less.ma\/#organization\"},\"alternateName\":\"PAY4LESS\",\"potentialAction\":[{\"@type\":\"SearchAction\",\"target\":{\"@type\":\"EntryPoint\",\"urlTemplate\":\"https:\/\/pay4less.ma\/?s={search_term_string}\"},\"query-input\":{\"@type\":\"PropertyValueSpecification\",\"valueRequired\":true,\"valueName\":\"search_term_string\"}}],\"inLanguage\":\"fr-FR\"},{\"@type\":\"Organization\",\"@id\":\"https:\/\/pay4less.ma\/#organization\",\"name\":\"PAYLESS MAROC\",\"alternateName\":\"PAY4LESS\",\"url\":\"https:\/\/pay4less.ma\/\",\"logo\":{\"@type\":\"ImageObject\",\"inLanguage\":\"fr-FR\",\"@id\":\"https:\/\/pay4less.ma\/#\/schema\/logo\/image\/\",\"url\":\"https:\/\/pay4less.ma\/wp-content\/uploads\/2025\/12\/350X100-PX.png\",\"contentUrl\":\"https:\/\/pay4less.ma\/wp-content\/uploads\/2025\/12\/350X100-PX.png\",\"width\":350,\"height\":100,\"caption\":\"PAYLESS MAROC\"},\"image\":{\"@id\":\"https:\/\/pay4less.ma\/#\/schema\/logo\/image\/\"},\"sameAs\":[\"https:\/\/www.facebook.com\/paylessmaroc\",\"https:\/\/instagram.com\/paylessmaroc1\"]}]}<\/script>\n<!-- \/ Yoast SEO Premium plugin. -->","yoast_head_json":{"title":"Mon compte - PAYLESS MAROC","robots":{"index":"index","follow":"follow","max-snippet":"max-snippet:-1","max-image-preview":"max-image-preview:large","max-video-preview":"max-video-preview:-1"},"canonical":"https:\/\/pay4less.ma\/?page_id=11","og_locale":"fr_FR","og_type":"article","og_title":"Mon compte","og_url":"https:\/\/pay4less.ma\/?page_id=11","og_site_name":"PAYLESS MAROC","article_publisher":"https:\/\/www.facebook.com\/paylessmaroc","twitter_card":"summary_large_image","schema":{"@context":"https:\/\/schema.org","@graph":[{"@type":"WebPage","@id":"https:\/\/pay4less.ma\/?page_id=11","url":"https:\/\/pay4less.ma\/?page_id=11","name":"Mon compte - PAYLESS MAROC","isPartOf":{"@id":"https:\/\/pay4less.ma\/#website"},"datePublished":"2025-12-22T10:45:38+00:00","breadcrumb":{"@id":"https:\/\/pay4less.ma\/?page_id=11#breadcrumb"},"inLanguage":"fr-FR","potentialAction":[{"@type":"ReadAction","target":["https:\/\/pay4less.ma\/?page_id=11"]}]},{"@type":"BreadcrumbList","@id":"https:\/\/pay4less.ma\/?page_id=11#breadcrumb","itemListElement":[{"@type":"ListItem","position":1,"name":"Accueil","item":"https:\/\/pay4less.ma\/"},{"@type":"ListItem","position":2,"name":"Mon compte"}]},{"@type":"WebSite","@id":"https:\/\/pay4less.ma\/#website","url":"https:\/\/pay4less.ma\/","name":"PAYLESS MAROC","description":"PAYLESS \u2013 Votre sp\u00e9cialiste en \u00e9lectrom\u00e9nager, TV et PC au Maroc. Qualit\u00e9, prix justes et service de confiance.","publisher":{"@id":"https:\/\/pay4less.ma\/#organization"},"alternateName":"PAY4LESS","potentialAction":[{"@type":"SearchAction","target":{"@type":"EntryPoint","urlTemplate":"https:\/\/pay4less.ma\/?s={search_term_string}"},"query-input":{"@type":"PropertyValueSpecification","valueRequired":true,"valueName":"search_term_string"}}],"inLanguage":"fr-FR"},{"@type":"Organization","@id":"https:\/\/pay4less.ma\/#organization","name":"PAYLESS MAROC","alternateName":"PAY4LESS","url":"https:\/\/pay4less.ma\/","logo":{"@type":"ImageObject","inLanguage":"fr-FR","@id":"https:\/\/pay4less.ma\/#\/schema\/logo\/image\/","url":"https:\/\/pay4less.ma\/wp-content\/uploads\/2025\/12\/350X100-PX.png","contentUrl":"https:\/\/pay4less.ma\/wp-content\/uploads\/2025\/12\/350X100-PX.png","width":350,"height":100,"caption":"PAYLESS MAROC"},"image":{"@id":"https:\/\/pay4less.ma\/#\/schema\/logo\/image\/"},"sameAs":["https:\/\/www.facebook.com\/paylessmaroc","https:\/\/instagram.com\/paylessmaroc1"]}]}},"jetpack_sharing_enabled":true,"_links":{"self":[{"href":"https:\/\/pay4less.ma\/index.php?rest_route=\/wp\/v2\/pages\/11","targetHints":{"allow":["GET"]}}],"collection":[{"href":"https:\/\/pay4less.ma\/index.php?rest_route=\/wp\/v2\/pages"}],"about":[{"href":"https:\/\/pay4less.ma\/index.php?rest_route=\/wp\/v2\/types\/page"}],"author":[{"embeddable":true,"href":"https:\/\/pay4less.ma\/index.php?rest_route=\/wp\/v2\/users\/1"}],"replies":[{"embeddable":true,"href":"https:\/\/pay4less.ma\/index.php?rest_route=%2Fwp%2Fv2%2Fcomments&post=11"}],"version-history":[{"count":0,"href":"https:\/\/pay4less.ma\/index.php?rest_route=\/wp\/v2\/pages\/11\/revisions"}],"wp:attachment":[{"href":"https:\/\/pay4less.ma\/index.php?rest_route=%2Fwp%2Fv2%2Fmedia&parent=11"}],"curies":[{"name":"wp","href":"https:\/\/api.w.org\/{rel}","templated":true}]}}