{"id":10639,"date":"2025-12-22T15:56:42","date_gmt":"2025-12-22T15:56:42","guid":{"rendered":"http:\/\/pay4less.ma\/?post_type=product&#038;p=10639"},"modified":"2025-12-23T15:12:12","modified_gmt":"2025-12-23T15:12:12","slug":"refrigerateur-schneider-2-portes-defrost-205l-no-frost-gris","status":"publish","type":"product","link":"https:\/\/pay4less.ma\/?product=refrigerateur-schneider-2-portes-defrost-205l-no-frost-gris","title":{"rendered":"REFRIGERATEUR SCHNEIDER 2 PORTES DEFROST 205L NO FROST GRIS"},"content":{"rendered":"<h1>&#8211;\u00a0Commande de temp\u00e9rature m\u00e9canique<\/h1>\n<h1>&#8211; \u00c9clairage int\u00e9rieur LED \u00e9l\u00e9gant<\/h1>\n<h1>&#8211; Clayettes en verre ou en fil m\u00e9tallique<\/h1>\n<h1>&#8211; Bac \u00e0 l\u00e9gumes transparent<\/h1>\n<h1>&#8211; Balconnets de porte transparents<\/h1>\n<h1>&#8211; Porte r\u00e9versible<\/h1>\n","protected":false},"excerpt":{"rendered":"<p>REF SCHNEIDER 2 PORTES DEFROST<br \/>\nCapacit\u00e9: 205 L<br \/>\nCouleur : GRIS<\/p>\n","protected":false},"featured_media":10640,"comment_status":"open","ping_status":"closed","template":"","meta":[],"product_brand":[127],"product_cat":[133,139,141],"product_tag":[],"class_list":{"0":"post-10639","1":"product","2":"type-product","3":"status-publish","4":"has-post-thumbnail","6":"product_brand-schneider","7":"product_cat-electromenager","8":"product_cat-gros-electromenager","9":"product_cat-refrigerateurs","11":"first","12":"instock","13":"shipping-taxable","14":"purchasable","15":"product-type-simple"},"yoast_head":"<!-- This site is optimized with the Yoast SEO Premium plugin v27.1 (Yoast SEO v27.1) - https:\/\/yoast.com\/product\/yoast-seo-premium-wordpress\/ -->\n<title>REFRIGERATEUR SCHNEIDER 2 PORTES DEFROST 205L NO FROST GRIS - PAYLESS MAROC<\/title>\n<meta name=\"robots\" content=\"index, follow, max-snippet:-1, max-image-preview:large, max-video-preview:-1\" \/>\n<link rel=\"canonical\" href=\"https:\/\/pay4less.ma\/?product=refrigerateur-schneider-2-portes-defrost-205l-no-frost-gris\" \/>\n<meta property=\"og:locale\" content=\"fr_FR\" \/>\n<meta property=\"og:type\" content=\"article\" \/>\n<meta property=\"og:title\" content=\"REFRIGERATEUR SCHNEIDER 2 PORTES DEFROST 205L NO FROST GRIS\" \/>\n<meta property=\"og:description\" content=\"REF SCHNEIDER 2 PORTES DEFROST Capacit\u00e9: 205 L Couleur : GRIS\" \/>\n<meta property=\"og:url\" content=\"https:\/\/pay4less.ma\/?product=refrigerateur-schneider-2-portes-defrost-205l-no-frost-gris\" \/>\n<meta property=\"og:site_name\" content=\"PAYLESS MAROC\" \/>\n<meta property=\"article:publisher\" content=\"https:\/\/www.facebook.com\/paylessmaroc\" \/>\n<meta property=\"article:modified_time\" content=\"2025-12-23T15:12:12+00:00\" \/>\n<meta property=\"og:image\" content=\"https:\/\/pay4less.ma\/wp-content\/uploads\/2025\/12\/ref-schneider-2-portes-defrost-180l-gris.png\" \/>\n\t<meta property=\"og:image:width\" content=\"1000\" \/>\n\t<meta property=\"og:image:height\" content=\"1000\" \/>\n\t<meta property=\"og:image:type\" content=\"image\/png\" \/>\n<meta name=\"twitter:card\" content=\"summary_large_image\" \/>\n<script type=\"application\/ld+json\" class=\"yoast-schema-graph\">{\"@context\":\"https:\/\/schema.org\",\"@graph\":[{\"@type\":\"WebPage\",\"@id\":\"https:\/\/pay4less.ma\/?product=refrigerateur-schneider-2-portes-defrost-205l-no-frost-gris\",\"url\":\"https:\/\/pay4less.ma\/?product=refrigerateur-schneider-2-portes-defrost-205l-no-frost-gris\",\"name\":\"REFRIGERATEUR SCHNEIDER 2 PORTES DEFROST 205L NO FROST GRIS - PAYLESS MAROC\",\"isPartOf\":{\"@id\":\"https:\/\/pay4less.ma\/#website\"},\"primaryImageOfPage\":{\"@id\":\"https:\/\/pay4less.ma\/?product=refrigerateur-schneider-2-portes-defrost-205l-no-frost-gris#primaryimage\"},\"image\":{\"@id\":\"https:\/\/pay4less.ma\/?product=refrigerateur-schneider-2-portes-defrost-205l-no-frost-gris#primaryimage\"},\"thumbnailUrl\":\"https:\/\/pay4less.ma\/wp-content\/uploads\/2025\/12\/ref-schneider-2-portes-defrost-180l-gris.png\",\"datePublished\":\"2025-12-22T15:56:42+00:00\",\"dateModified\":\"2025-12-23T15:12:12+00:00\",\"breadcrumb\":{\"@id\":\"https:\/\/pay4less.ma\/?product=refrigerateur-schneider-2-portes-defrost-205l-no-frost-gris#breadcrumb\"},\"inLanguage\":\"fr-FR\",\"potentialAction\":[{\"@type\":\"ReadAction\",\"target\":[\"https:\/\/pay4less.ma\/?product=refrigerateur-schneider-2-portes-defrost-205l-no-frost-gris\"]}]},{\"@type\":\"ImageObject\",\"inLanguage\":\"fr-FR\",\"@id\":\"https:\/\/pay4less.ma\/?product=refrigerateur-schneider-2-portes-defrost-205l-no-frost-gris#primaryimage\",\"url\":\"https:\/\/pay4less.ma\/wp-content\/uploads\/2025\/12\/ref-schneider-2-portes-defrost-180l-gris.png\",\"contentUrl\":\"https:\/\/pay4less.ma\/wp-content\/uploads\/2025\/12\/ref-schneider-2-portes-defrost-180l-gris.png\",\"width\":1000,\"height\":1000},{\"@type\":\"BreadcrumbList\",\"@id\":\"https:\/\/pay4less.ma\/?product=refrigerateur-schneider-2-portes-defrost-205l-no-frost-gris#breadcrumb\",\"itemListElement\":[{\"@type\":\"ListItem\",\"position\":1,\"name\":\"Accueil\",\"item\":\"https:\/\/pay4less.ma\/\"},{\"@type\":\"ListItem\",\"position\":2,\"name\":\"Shop\",\"item\":\"https:\/\/pay4less.ma\/?page_id=10644\"},{\"@type\":\"ListItem\",\"position\":3,\"name\":\"REFRIGERATEUR SCHNEIDER 2 PORTES DEFROST 205L NO FROST GRIS\"}]},{\"@type\":\"WebSite\",\"@id\":\"https:\/\/pay4less.ma\/#website\",\"url\":\"https:\/\/pay4less.ma\/\",\"name\":\"PAYLESS MAROC\",\"description\":\"PAYLESS \u2013 Votre sp\u00e9cialiste en \u00e9lectrom\u00e9nager, TV et PC au Maroc. Qualit\u00e9, prix justes et service de confiance.\",\"publisher\":{\"@id\":\"https:\/\/pay4less.ma\/#organization\"},\"alternateName\":\"PAY4LESS\",\"potentialAction\":[{\"@type\":\"SearchAction\",\"target\":{\"@type\":\"EntryPoint\",\"urlTemplate\":\"https:\/\/pay4less.ma\/?s={search_term_string}\"},\"query-input\":{\"@type\":\"PropertyValueSpecification\",\"valueRequired\":true,\"valueName\":\"search_term_string\"}}],\"inLanguage\":\"fr-FR\"},{\"@type\":\"Organization\",\"@id\":\"https:\/\/pay4less.ma\/#organization\",\"name\":\"PAYLESS MAROC\",\"alternateName\":\"PAY4LESS\",\"url\":\"https:\/\/pay4less.ma\/\",\"logo\":{\"@type\":\"ImageObject\",\"inLanguage\":\"fr-FR\",\"@id\":\"https:\/\/pay4less.ma\/#\/schema\/logo\/image\/\",\"url\":\"https:\/\/pay4less.ma\/wp-content\/uploads\/2025\/12\/350X100-PX.png\",\"contentUrl\":\"https:\/\/pay4less.ma\/wp-content\/uploads\/2025\/12\/350X100-PX.png\",\"width\":350,\"height\":100,\"caption\":\"PAYLESS MAROC\"},\"image\":{\"@id\":\"https:\/\/pay4less.ma\/#\/schema\/logo\/image\/\"},\"sameAs\":[\"https:\/\/www.facebook.com\/paylessmaroc\",\"https:\/\/instagram.com\/paylessmaroc1\"]}]}<\/script>\n<!-- \/ Yoast SEO Premium plugin. -->","yoast_head_json":{"title":"REFRIGERATEUR SCHNEIDER 2 PORTES DEFROST 205L NO FROST GRIS - PAYLESS MAROC","robots":{"index":"index","follow":"follow","max-snippet":"max-snippet:-1","max-image-preview":"max-image-preview:large","max-video-preview":"max-video-preview:-1"},"canonical":"https:\/\/pay4less.ma\/?product=refrigerateur-schneider-2-portes-defrost-205l-no-frost-gris","og_locale":"fr_FR","og_type":"article","og_title":"REFRIGERATEUR SCHNEIDER 2 PORTES DEFROST 205L NO FROST GRIS","og_description":"REF SCHNEIDER 2 PORTES DEFROST Capacit\u00e9: 205 L Couleur : GRIS","og_url":"https:\/\/pay4less.ma\/?product=refrigerateur-schneider-2-portes-defrost-205l-no-frost-gris","og_site_name":"PAYLESS MAROC","article_publisher":"https:\/\/www.facebook.com\/paylessmaroc","article_modified_time":"2025-12-23T15:12:12+00:00","og_image":[{"width":1000,"height":1000,"url":"https:\/\/pay4less.ma\/wp-content\/uploads\/2025\/12\/ref-schneider-2-portes-defrost-180l-gris.png","type":"image\/png"}],"twitter_card":"summary_large_image","schema":{"@context":"https:\/\/schema.org","@graph":[{"@type":"WebPage","@id":"https:\/\/pay4less.ma\/?product=refrigerateur-schneider-2-portes-defrost-205l-no-frost-gris","url":"https:\/\/pay4less.ma\/?product=refrigerateur-schneider-2-portes-defrost-205l-no-frost-gris","name":"REFRIGERATEUR SCHNEIDER 2 PORTES DEFROST 205L NO FROST GRIS - PAYLESS MAROC","isPartOf":{"@id":"https:\/\/pay4less.ma\/#website"},"primaryImageOfPage":{"@id":"https:\/\/pay4less.ma\/?product=refrigerateur-schneider-2-portes-defrost-205l-no-frost-gris#primaryimage"},"image":{"@id":"https:\/\/pay4less.ma\/?product=refrigerateur-schneider-2-portes-defrost-205l-no-frost-gris#primaryimage"},"thumbnailUrl":"https:\/\/pay4less.ma\/wp-content\/uploads\/2025\/12\/ref-schneider-2-portes-defrost-180l-gris.png","datePublished":"2025-12-22T15:56:42+00:00","dateModified":"2025-12-23T15:12:12+00:00","breadcrumb":{"@id":"https:\/\/pay4less.ma\/?product=refrigerateur-schneider-2-portes-defrost-205l-no-frost-gris#breadcrumb"},"inLanguage":"fr-FR","potentialAction":[{"@type":"ReadAction","target":["https:\/\/pay4less.ma\/?product=refrigerateur-schneider-2-portes-defrost-205l-no-frost-gris"]}]},{"@type":"ImageObject","inLanguage":"fr-FR","@id":"https:\/\/pay4less.ma\/?product=refrigerateur-schneider-2-portes-defrost-205l-no-frost-gris#primaryimage","url":"https:\/\/pay4less.ma\/wp-content\/uploads\/2025\/12\/ref-schneider-2-portes-defrost-180l-gris.png","contentUrl":"https:\/\/pay4less.ma\/wp-content\/uploads\/2025\/12\/ref-schneider-2-portes-defrost-180l-gris.png","width":1000,"height":1000},{"@type":"BreadcrumbList","@id":"https:\/\/pay4less.ma\/?product=refrigerateur-schneider-2-portes-defrost-205l-no-frost-gris#breadcrumb","itemListElement":[{"@type":"ListItem","position":1,"name":"Accueil","item":"https:\/\/pay4less.ma\/"},{"@type":"ListItem","position":2,"name":"Shop","item":"https:\/\/pay4less.ma\/?page_id=10644"},{"@type":"ListItem","position":3,"name":"REFRIGERATEUR SCHNEIDER 2 PORTES DEFROST 205L NO FROST GRIS"}]},{"@type":"WebSite","@id":"https:\/\/pay4less.ma\/#website","url":"https:\/\/pay4less.ma\/","name":"PAYLESS MAROC","description":"PAYLESS \u2013 Votre sp\u00e9cialiste en \u00e9lectrom\u00e9nager, TV et PC au Maroc. Qualit\u00e9, prix justes et service de confiance.","publisher":{"@id":"https:\/\/pay4less.ma\/#organization"},"alternateName":"PAY4LESS","potentialAction":[{"@type":"SearchAction","target":{"@type":"EntryPoint","urlTemplate":"https:\/\/pay4less.ma\/?s={search_term_string}"},"query-input":{"@type":"PropertyValueSpecification","valueRequired":true,"valueName":"search_term_string"}}],"inLanguage":"fr-FR"},{"@type":"Organization","@id":"https:\/\/pay4less.ma\/#organization","name":"PAYLESS MAROC","alternateName":"PAY4LESS","url":"https:\/\/pay4less.ma\/","logo":{"@type":"ImageObject","inLanguage":"fr-FR","@id":"https:\/\/pay4less.ma\/#\/schema\/logo\/image\/","url":"https:\/\/pay4less.ma\/wp-content\/uploads\/2025\/12\/350X100-PX.png","contentUrl":"https:\/\/pay4less.ma\/wp-content\/uploads\/2025\/12\/350X100-PX.png","width":350,"height":100,"caption":"PAYLESS MAROC"},"image":{"@id":"https:\/\/pay4less.ma\/#\/schema\/logo\/image\/"},"sameAs":["https:\/\/www.facebook.com\/paylessmaroc","https:\/\/instagram.com\/paylessmaroc1"]}]}},"jetpack_sharing_enabled":true,"_links":{"self":[{"href":"https:\/\/pay4less.ma\/index.php?rest_route=\/wp\/v2\/product\/10639","targetHints":{"allow":["GET"]}}],"collection":[{"href":"https:\/\/pay4less.ma\/index.php?rest_route=\/wp\/v2\/product"}],"about":[{"href":"https:\/\/pay4less.ma\/index.php?rest_route=\/wp\/v2\/types\/product"}],"replies":[{"embeddable":true,"href":"https:\/\/pay4less.ma\/index.php?rest_route=%2Fwp%2Fv2%2Fcomments&post=10639"}],"version-history":[{"count":1,"href":"https:\/\/pay4less.ma\/index.php?rest_route=\/wp\/v2\/product\/10639\/revisions"}],"predecessor-version":[{"id":10642,"href":"https:\/\/pay4less.ma\/index.php?rest_route=\/wp\/v2\/product\/10639\/revisions\/10642"}],"wp:featuredmedia":[{"embeddable":true,"href":"https:\/\/pay4less.ma\/index.php?rest_route=\/wp\/v2\/media\/10640"}],"wp:attachment":[{"href":"https:\/\/pay4less.ma\/index.php?rest_route=%2Fwp%2Fv2%2Fmedia&parent=10639"}],"wp:term":[{"taxonomy":"product_brand","embeddable":true,"href":"https:\/\/pay4less.ma\/index.php?rest_route=%2Fwp%2Fv2%2Fproduct_brand&post=10639"},{"taxonomy":"product_cat","embeddable":true,"href":"https:\/\/pay4less.ma\/index.php?rest_route=%2Fwp%2Fv2%2Fproduct_cat&post=10639"},{"taxonomy":"product_tag","embeddable":true,"href":"https:\/\/pay4less.ma\/index.php?rest_route=%2Fwp%2Fv2%2Fproduct_tag&post=10639"}],"curies":[{"name":"wp","href":"https:\/\/api.w.org\/{rel}","templated":true}]}}