{"id":10819,"date":"2025-12-25T09:59:56","date_gmt":"2025-12-25T09:59:56","guid":{"rendered":"http:\/\/pay4less.ma\/?post_type=product&#038;p=10819"},"modified":"2025-12-25T10:12:07","modified_gmt":"2025-12-25T10:12:07","slug":"congelateur-vertical-7-tiroires-238l-silver-midea","status":"publish","type":"product","link":"https:\/\/pay4less.ma\/?product=congelateur-vertical-7-tiroires-238l-silver-midea","title":{"rendered":"CONG\u00c9LATEUR VERTICAL 7 TIROIRES 238L SILVER MIDEA"},"content":{"rendered":"<div id=\"description\" class=\"tab-pane fade in active js-product-tab-active\" role=\"tabpanel\">\n<div class=\"product-description\">\n<p><img loading=\"lazy\" decoding=\"async\" src=\"https:\/\/electrobousfiha.com\/img\/cms\/FireShot%20Capture%20181%20-%20MDRU333FZF02%20-%20%5Bwww-midea-com%5D.png\" alt=\"\" width=\"1830\" height=\"3056\" \/><\/p>\n<\/div>\n<\/div>\n","protected":false},"excerpt":{"rendered":"<div id=\"product-description-short-2562\" class=\"product-short-description\">\n<pre>MARQUE : MIDEA\r\nCAPACIT\u00c9: 238L\r\nNOMBRE DE TIROIRES : 7\r\nTYPE DE CONG\u00c9LATEURS : VERTICAL<\/pre>\n<p>&nbsp;<\/p>\n<\/div>\n","protected":false},"featured_media":10821,"comment_status":"open","ping_status":"closed","template":"","meta":[],"product_brand":[231],"product_cat":[142,133,139],"product_tag":[],"class_list":{"0":"post-10819","1":"product","2":"type-product","3":"status-publish","4":"has-post-thumbnail","6":"product_brand-midea","7":"product_cat-congelateurs","8":"product_cat-electromenager","9":"product_cat-gros-electromenager","11":"first","12":"instock","13":"shipping-taxable","14":"purchasable","15":"product-type-simple"},"yoast_head":"<!-- This site is optimized with the Yoast SEO Premium plugin v27.1 (Yoast SEO v27.1) - https:\/\/yoast.com\/product\/yoast-seo-premium-wordpress\/ -->\n<title>CONG\u00c9LATEUR VERTICAL 7 TIROIRES 238L SILVER MIDEA - PAYLESS MAROC<\/title>\n<meta name=\"robots\" content=\"index, follow, max-snippet:-1, max-image-preview:large, max-video-preview:-1\" \/>\n<link rel=\"canonical\" href=\"https:\/\/pay4less.ma\/?product=congelateur-vertical-7-tiroires-238l-silver-midea\" \/>\n<meta property=\"og:locale\" content=\"fr_FR\" \/>\n<meta property=\"og:type\" content=\"article\" \/>\n<meta property=\"og:title\" content=\"CONG\u00c9LATEUR VERTICAL 7 TIROIRES 238L SILVER MIDEA\" \/>\n<meta property=\"og:description\" content=\"MARQUE : MIDEA CAPACIT\u00c9: 238L NOMBRE DE TIROIRES : 7 TYPE DE CONG\u00c9LATEURS : VERTICAL &nbsp;\" \/>\n<meta property=\"og:url\" content=\"https:\/\/pay4less.ma\/?product=congelateur-vertical-7-tiroires-238l-silver-midea\" \/>\n<meta property=\"og:site_name\" content=\"PAYLESS MAROC\" \/>\n<meta property=\"article:publisher\" content=\"https:\/\/www.facebook.com\/paylessmaroc\" \/>\n<meta property=\"article:modified_time\" content=\"2025-12-25T10:12:07+00:00\" \/>\n<meta property=\"og:image\" content=\"https:\/\/pay4less.ma\/wp-content\/uploads\/2025\/12\/congelateur-vertical-7-tiroires-238l-silver-midea.jpg\" \/>\n\t<meta property=\"og:image:width\" content=\"1000\" \/>\n\t<meta property=\"og:image:height\" content=\"1000\" \/>\n\t<meta property=\"og:image:type\" content=\"image\/jpeg\" \/>\n<meta name=\"twitter:card\" content=\"summary_large_image\" \/>\n<script type=\"application\/ld+json\" class=\"yoast-schema-graph\">{\"@context\":\"https:\/\/schema.org\",\"@graph\":[{\"@type\":\"WebPage\",\"@id\":\"https:\/\/pay4less.ma\/?product=congelateur-vertical-7-tiroires-238l-silver-midea\",\"url\":\"https:\/\/pay4less.ma\/?product=congelateur-vertical-7-tiroires-238l-silver-midea\",\"name\":\"CONG\u00c9LATEUR VERTICAL 7 TIROIRES 238L SILVER MIDEA - PAYLESS MAROC\",\"isPartOf\":{\"@id\":\"https:\/\/pay4less.ma\/#website\"},\"primaryImageOfPage\":{\"@id\":\"https:\/\/pay4less.ma\/?product=congelateur-vertical-7-tiroires-238l-silver-midea#primaryimage\"},\"image\":{\"@id\":\"https:\/\/pay4less.ma\/?product=congelateur-vertical-7-tiroires-238l-silver-midea#primaryimage\"},\"thumbnailUrl\":\"https:\/\/pay4less.ma\/wp-content\/uploads\/2025\/12\/congelateur-vertical-7-tiroires-238l-silver-midea.jpg\",\"datePublished\":\"2025-12-25T09:59:56+00:00\",\"dateModified\":\"2025-12-25T10:12:07+00:00\",\"breadcrumb\":{\"@id\":\"https:\/\/pay4less.ma\/?product=congelateur-vertical-7-tiroires-238l-silver-midea#breadcrumb\"},\"inLanguage\":\"fr-FR\",\"potentialAction\":[{\"@type\":\"ReadAction\",\"target\":[\"https:\/\/pay4less.ma\/?product=congelateur-vertical-7-tiroires-238l-silver-midea\"]}]},{\"@type\":\"ImageObject\",\"inLanguage\":\"fr-FR\",\"@id\":\"https:\/\/pay4less.ma\/?product=congelateur-vertical-7-tiroires-238l-silver-midea#primaryimage\",\"url\":\"https:\/\/pay4less.ma\/wp-content\/uploads\/2025\/12\/congelateur-vertical-7-tiroires-238l-silver-midea.jpg\",\"contentUrl\":\"https:\/\/pay4less.ma\/wp-content\/uploads\/2025\/12\/congelateur-vertical-7-tiroires-238l-silver-midea.jpg\",\"width\":1000,\"height\":1000},{\"@type\":\"BreadcrumbList\",\"@id\":\"https:\/\/pay4less.ma\/?product=congelateur-vertical-7-tiroires-238l-silver-midea#breadcrumb\",\"itemListElement\":[{\"@type\":\"ListItem\",\"position\":1,\"name\":\"Accueil\",\"item\":\"https:\/\/pay4less.ma\/\"},{\"@type\":\"ListItem\",\"position\":2,\"name\":\"Shop\",\"item\":\"https:\/\/pay4less.ma\/?page_id=10644\"},{\"@type\":\"ListItem\",\"position\":3,\"name\":\"CONG\u00c9LATEUR VERTICAL 7 TIROIRES 238L SILVER MIDEA\"}]},{\"@type\":\"WebSite\",\"@id\":\"https:\/\/pay4less.ma\/#website\",\"url\":\"https:\/\/pay4less.ma\/\",\"name\":\"PAYLESS MAROC\",\"description\":\"PAYLESS \u2013 Votre sp\u00e9cialiste en \u00e9lectrom\u00e9nager, TV et PC au Maroc. Qualit\u00e9, prix justes et service de confiance.\",\"publisher\":{\"@id\":\"https:\/\/pay4less.ma\/#organization\"},\"alternateName\":\"PAY4LESS\",\"potentialAction\":[{\"@type\":\"SearchAction\",\"target\":{\"@type\":\"EntryPoint\",\"urlTemplate\":\"https:\/\/pay4less.ma\/?s={search_term_string}\"},\"query-input\":{\"@type\":\"PropertyValueSpecification\",\"valueRequired\":true,\"valueName\":\"search_term_string\"}}],\"inLanguage\":\"fr-FR\"},{\"@type\":\"Organization\",\"@id\":\"https:\/\/pay4less.ma\/#organization\",\"name\":\"PAYLESS MAROC\",\"alternateName\":\"PAY4LESS\",\"url\":\"https:\/\/pay4less.ma\/\",\"logo\":{\"@type\":\"ImageObject\",\"inLanguage\":\"fr-FR\",\"@id\":\"https:\/\/pay4less.ma\/#\/schema\/logo\/image\/\",\"url\":\"https:\/\/pay4less.ma\/wp-content\/uploads\/2025\/12\/350X100-PX.png\",\"contentUrl\":\"https:\/\/pay4less.ma\/wp-content\/uploads\/2025\/12\/350X100-PX.png\",\"width\":350,\"height\":100,\"caption\":\"PAYLESS MAROC\"},\"image\":{\"@id\":\"https:\/\/pay4less.ma\/#\/schema\/logo\/image\/\"},\"sameAs\":[\"https:\/\/www.facebook.com\/paylessmaroc\",\"https:\/\/instagram.com\/paylessmaroc1\"]}]}<\/script>\n<!-- \/ Yoast SEO Premium plugin. -->","yoast_head_json":{"title":"CONG\u00c9LATEUR VERTICAL 7 TIROIRES 238L SILVER MIDEA - PAYLESS MAROC","robots":{"index":"index","follow":"follow","max-snippet":"max-snippet:-1","max-image-preview":"max-image-preview:large","max-video-preview":"max-video-preview:-1"},"canonical":"https:\/\/pay4less.ma\/?product=congelateur-vertical-7-tiroires-238l-silver-midea","og_locale":"fr_FR","og_type":"article","og_title":"CONG\u00c9LATEUR VERTICAL 7 TIROIRES 238L SILVER MIDEA","og_description":"MARQUE : MIDEA CAPACIT\u00c9: 238L NOMBRE DE TIROIRES : 7 TYPE DE CONG\u00c9LATEURS : VERTICAL &nbsp;","og_url":"https:\/\/pay4less.ma\/?product=congelateur-vertical-7-tiroires-238l-silver-midea","og_site_name":"PAYLESS MAROC","article_publisher":"https:\/\/www.facebook.com\/paylessmaroc","article_modified_time":"2025-12-25T10:12:07+00:00","og_image":[{"width":1000,"height":1000,"url":"https:\/\/pay4less.ma\/wp-content\/uploads\/2025\/12\/congelateur-vertical-7-tiroires-238l-silver-midea.jpg","type":"image\/jpeg"}],"twitter_card":"summary_large_image","schema":{"@context":"https:\/\/schema.org","@graph":[{"@type":"WebPage","@id":"https:\/\/pay4less.ma\/?product=congelateur-vertical-7-tiroires-238l-silver-midea","url":"https:\/\/pay4less.ma\/?product=congelateur-vertical-7-tiroires-238l-silver-midea","name":"CONG\u00c9LATEUR VERTICAL 7 TIROIRES 238L SILVER MIDEA - PAYLESS MAROC","isPartOf":{"@id":"https:\/\/pay4less.ma\/#website"},"primaryImageOfPage":{"@id":"https:\/\/pay4less.ma\/?product=congelateur-vertical-7-tiroires-238l-silver-midea#primaryimage"},"image":{"@id":"https:\/\/pay4less.ma\/?product=congelateur-vertical-7-tiroires-238l-silver-midea#primaryimage"},"thumbnailUrl":"https:\/\/pay4less.ma\/wp-content\/uploads\/2025\/12\/congelateur-vertical-7-tiroires-238l-silver-midea.jpg","datePublished":"2025-12-25T09:59:56+00:00","dateModified":"2025-12-25T10:12:07+00:00","breadcrumb":{"@id":"https:\/\/pay4less.ma\/?product=congelateur-vertical-7-tiroires-238l-silver-midea#breadcrumb"},"inLanguage":"fr-FR","potentialAction":[{"@type":"ReadAction","target":["https:\/\/pay4less.ma\/?product=congelateur-vertical-7-tiroires-238l-silver-midea"]}]},{"@type":"ImageObject","inLanguage":"fr-FR","@id":"https:\/\/pay4less.ma\/?product=congelateur-vertical-7-tiroires-238l-silver-midea#primaryimage","url":"https:\/\/pay4less.ma\/wp-content\/uploads\/2025\/12\/congelateur-vertical-7-tiroires-238l-silver-midea.jpg","contentUrl":"https:\/\/pay4less.ma\/wp-content\/uploads\/2025\/12\/congelateur-vertical-7-tiroires-238l-silver-midea.jpg","width":1000,"height":1000},{"@type":"BreadcrumbList","@id":"https:\/\/pay4less.ma\/?product=congelateur-vertical-7-tiroires-238l-silver-midea#breadcrumb","itemListElement":[{"@type":"ListItem","position":1,"name":"Accueil","item":"https:\/\/pay4less.ma\/"},{"@type":"ListItem","position":2,"name":"Shop","item":"https:\/\/pay4less.ma\/?page_id=10644"},{"@type":"ListItem","position":3,"name":"CONG\u00c9LATEUR VERTICAL 7 TIROIRES 238L SILVER MIDEA"}]},{"@type":"WebSite","@id":"https:\/\/pay4less.ma\/#website","url":"https:\/\/pay4less.ma\/","name":"PAYLESS MAROC","description":"PAYLESS \u2013 Votre sp\u00e9cialiste en \u00e9lectrom\u00e9nager, TV et PC au Maroc. Qualit\u00e9, prix justes et service de confiance.","publisher":{"@id":"https:\/\/pay4less.ma\/#organization"},"alternateName":"PAY4LESS","potentialAction":[{"@type":"SearchAction","target":{"@type":"EntryPoint","urlTemplate":"https:\/\/pay4less.ma\/?s={search_term_string}"},"query-input":{"@type":"PropertyValueSpecification","valueRequired":true,"valueName":"search_term_string"}}],"inLanguage":"fr-FR"},{"@type":"Organization","@id":"https:\/\/pay4less.ma\/#organization","name":"PAYLESS MAROC","alternateName":"PAY4LESS","url":"https:\/\/pay4less.ma\/","logo":{"@type":"ImageObject","inLanguage":"fr-FR","@id":"https:\/\/pay4less.ma\/#\/schema\/logo\/image\/","url":"https:\/\/pay4less.ma\/wp-content\/uploads\/2025\/12\/350X100-PX.png","contentUrl":"https:\/\/pay4less.ma\/wp-content\/uploads\/2025\/12\/350X100-PX.png","width":350,"height":100,"caption":"PAYLESS MAROC"},"image":{"@id":"https:\/\/pay4less.ma\/#\/schema\/logo\/image\/"},"sameAs":["https:\/\/www.facebook.com\/paylessmaroc","https:\/\/instagram.com\/paylessmaroc1"]}]}},"jetpack_sharing_enabled":true,"_links":{"self":[{"href":"https:\/\/pay4less.ma\/index.php?rest_route=\/wp\/v2\/product\/10819","targetHints":{"allow":["GET"]}}],"collection":[{"href":"https:\/\/pay4less.ma\/index.php?rest_route=\/wp\/v2\/product"}],"about":[{"href":"https:\/\/pay4less.ma\/index.php?rest_route=\/wp\/v2\/types\/product"}],"replies":[{"embeddable":true,"href":"https:\/\/pay4less.ma\/index.php?rest_route=%2Fwp%2Fv2%2Fcomments&post=10819"}],"version-history":[{"count":2,"href":"https:\/\/pay4less.ma\/index.php?rest_route=\/wp\/v2\/product\/10819\/revisions"}],"predecessor-version":[{"id":10825,"href":"https:\/\/pay4less.ma\/index.php?rest_route=\/wp\/v2\/product\/10819\/revisions\/10825"}],"wp:featuredmedia":[{"embeddable":true,"href":"https:\/\/pay4less.ma\/index.php?rest_route=\/wp\/v2\/media\/10821"}],"wp:attachment":[{"href":"https:\/\/pay4less.ma\/index.php?rest_route=%2Fwp%2Fv2%2Fmedia&parent=10819"}],"wp:term":[{"taxonomy":"product_brand","embeddable":true,"href":"https:\/\/pay4less.ma\/index.php?rest_route=%2Fwp%2Fv2%2Fproduct_brand&post=10819"},{"taxonomy":"product_cat","embeddable":true,"href":"https:\/\/pay4less.ma\/index.php?rest_route=%2Fwp%2Fv2%2Fproduct_cat&post=10819"},{"taxonomy":"product_tag","embeddable":true,"href":"https:\/\/pay4less.ma\/index.php?rest_route=%2Fwp%2Fv2%2Fproduct_tag&post=10819"}],"curies":[{"name":"wp","href":"https:\/\/api.w.org\/{rel}","templated":true}]}}