{"id":10849,"date":"2025-12-25T14:46:13","date_gmt":"2025-12-25T14:46:13","guid":{"rendered":"http:\/\/pay4less.ma\/?post_type=product&#038;p=10849"},"modified":"2025-12-25T14:54:24","modified_gmt":"2025-12-25T14:54:24","slug":"seche-linge-whirlpool-8kg-a-condensation-posable-blanc","status":"publish","type":"product","link":"https:\/\/pay4less.ma\/?product=seche-linge-whirlpool-8kg-a-condensation-posable-blanc","title":{"rendered":"S\u00c8CHE LINGE WHIRLPOOL 8KG \u00c0 CONDENSATION POSABLE BLANC"},"content":{"rendered":"<p>Ce s\u00e8che-linge posable Whirlpool pr\u00e9sente les caract\u00e9ristiques suivantes : grand tambour de 8,0 kg. Condensateur optimisant la consommation d&rsquo;\u00e9nergie par rapport aux s\u00e8che-linge ventil\u00e9s standards.<\/p>\n<div id=\"tab-content\" class=\"tab-content\">\n<div id=\"description\" class=\"tab-pane fade in active js-product-tab-active\" role=\"tabpanel\">\n<div class=\"product-description\">Capacit\u00e9 de chargement (kg) 8,0 kg<br \/>\nType de s\u00e9chage par condensation<br \/>\nClasse \u00e9nerg\u00e9tique B<br \/>\nConsommation d\u2019\u00e9nergie de 561,6 kWh par an, sur la base de 160 cycles de s\u00e9chage pour le programme coton standard \u00e0 pleine et \u00e0 demi-charge, ainsi que pour les modes \u00e0 faible puissance. La consommation r\u00e9elle d\u2019\u00e9nergie par cycle d\u00e9pend des conditions d\u2019utilisation de l\u2019appareil.<br \/>\nProcessus de s\u00e8chage S\u00e8che-linge \u00e0 tambour automatique Consommation \u00e9nerg\u00e9tique des s\u00e8che-linge \u00e9lectroniques, NOUVEAU (2010\/30\/EC) 4,74 Kwh<br \/>\nConsommation \u00e9nerg\u00e9tique des s\u00e8che-linge \u00e9lectroniques en demi-charge, charge,NOUVEAU (2010\/30\/EC) 2,59 Kwh<br \/>\nConsommation \u00e9nerg\u00e9tique en mode Arr\u00eat 0,50 W Consommation \u00e9nerg\u00e9tique en mode \u00ab\u00a0laiss\u00e9 sur marche\u00a0\u00bb 1,00 W<br \/>\nConsommation \u00e9nerg\u00e9tique en mode \u00ab\u00a0laiss\u00e9 sur marche\u00a0\u00bb &#8211; NOUVEAU (2010\/30\/EC) 15 min<br \/>\nLe \u201cprogramme coton standard\u201d \u00e0 pleine charge et \u00e0 demi-charge est le cycle de s\u00e9chage standard auquel se rapportent les informations qui figurent sur l\u2019\u00e9tiquette et sur la fiche, ce programme convient pour le s\u00e9chage de textiles en coton normalement humides et il constitue le programme le plus efficace en termes de consommation d\u2019\u00e9nergie pour le coton.<br \/>\nContr\u00f4le de la dur\u00e9e du cycle 101 min<br \/>\nDur\u00e9e du programme coton en pleine charge 130 min<br \/>\nDur\u00e9e du programme coton en demi-charge 80 min<br \/>\nClasse de taux de condensation \u2018B\u2019 sur une \u00e9chelle allant de G (appareils les moins efficaces) \u00e0 A (appareils les plus efficaces)<br \/>\nMoyenne de l&rsquo;efficacit\u00e9 \u00e9nerg\u00e9tique en charge pleine 81 %<br \/>\nMoyenne de l&rsquo;efficacit\u00e9 \u00e9nerg\u00e9tique en demie charge 81 %<br \/>\nContr\u00f4le du taux d&rsquo;humidit\u00e9 r\u00e9siduelle 81 %<br \/>\nNiveau sonore 66 dB(A) re 1 pW<br \/>\nType de pose Pose libre<\/div>\n<\/div>\n<\/div>\n","protected":false},"excerpt":{"rendered":"<p>CAPACITE: 8 kg<br \/>\nCLASSE ENERGETIQUE: B<br \/>\nPOSE-LIBRE<\/p>\n","protected":false},"featured_media":10851,"comment_status":"open","ping_status":"closed","template":"","meta":[],"product_brand":[251],"product_cat":[133,139,140],"product_tag":[],"class_list":{"0":"post-10849","1":"product","2":"type-product","3":"status-publish","4":"has-post-thumbnail","6":"product_brand-whirlpool","7":"product_cat-electromenager","8":"product_cat-gros-electromenager","9":"product_cat-seche-linge","11":"first","12":"instock","13":"shipping-taxable","14":"purchasable","15":"product-type-simple"},"yoast_head":"<!-- This site is optimized with the Yoast SEO Premium plugin v27.1 (Yoast SEO v27.1) - https:\/\/yoast.com\/product\/yoast-seo-premium-wordpress\/ -->\n<title>S\u00c8CHE LINGE WHIRLPOOL 8KG \u00c0 CONDENSATION POSABLE BLANC - PAYLESS MAROC<\/title>\n<meta name=\"robots\" content=\"index, follow, max-snippet:-1, max-image-preview:large, max-video-preview:-1\" \/>\n<link rel=\"canonical\" href=\"https:\/\/pay4less.ma\/?product=seche-linge-whirlpool-8kg-a-condensation-posable-blanc\" \/>\n<meta property=\"og:locale\" content=\"fr_FR\" \/>\n<meta property=\"og:type\" content=\"article\" \/>\n<meta property=\"og:title\" content=\"S\u00c8CHE LINGE WHIRLPOOL 8KG \u00c0 CONDENSATION POSABLE BLANC\" \/>\n<meta property=\"og:description\" content=\"CAPACITE: 8 kg CLASSE ENERGETIQUE: B POSE-LIBRE\" \/>\n<meta property=\"og:url\" content=\"https:\/\/pay4less.ma\/?product=seche-linge-whirlpool-8kg-a-condensation-posable-blanc\" \/>\n<meta property=\"og:site_name\" content=\"PAYLESS MAROC\" \/>\n<meta property=\"article:publisher\" content=\"https:\/\/www.facebook.com\/paylessmaroc\" \/>\n<meta property=\"article:modified_time\" content=\"2025-12-25T14:54:24+00:00\" \/>\n<meta property=\"og:image\" content=\"https:\/\/pay4less.ma\/wp-content\/uploads\/2025\/12\/Screenshot-2025-12-25-at-15-44-07-ASSET_MMS_86435152-Image-JPEG-536-\u00d7-402-pixels.png\" \/>\n\t<meta property=\"og:image:width\" content=\"304\" \/>\n\t<meta property=\"og:image:height\" content=\"402\" \/>\n\t<meta property=\"og:image:type\" content=\"image\/png\" \/>\n<meta name=\"twitter:card\" content=\"summary_large_image\" \/>\n<meta name=\"twitter:label1\" content=\"Dur\u00e9e de lecture estim\u00e9e\" \/>\n\t<meta name=\"twitter:data1\" content=\"1 minute\" \/>\n<script type=\"application\/ld+json\" class=\"yoast-schema-graph\">{\"@context\":\"https:\/\/schema.org\",\"@graph\":[{\"@type\":\"WebPage\",\"@id\":\"https:\/\/pay4less.ma\/?product=seche-linge-whirlpool-8kg-a-condensation-posable-blanc\",\"url\":\"https:\/\/pay4less.ma\/?product=seche-linge-whirlpool-8kg-a-condensation-posable-blanc\",\"name\":\"S\u00c8CHE LINGE WHIRLPOOL 8KG \u00c0 CONDENSATION POSABLE BLANC - PAYLESS MAROC\",\"isPartOf\":{\"@id\":\"https:\/\/pay4less.ma\/#website\"},\"primaryImageOfPage\":{\"@id\":\"https:\/\/pay4less.ma\/?product=seche-linge-whirlpool-8kg-a-condensation-posable-blanc#primaryimage\"},\"image\":{\"@id\":\"https:\/\/pay4less.ma\/?product=seche-linge-whirlpool-8kg-a-condensation-posable-blanc#primaryimage\"},\"thumbnailUrl\":\"https:\/\/pay4less.ma\/wp-content\/uploads\/2025\/12\/Screenshot-2025-12-25-at-15-44-07-ASSET_MMS_86435152-Image-JPEG-536-\u00d7-402-pixels.png\",\"datePublished\":\"2025-12-25T14:46:13+00:00\",\"dateModified\":\"2025-12-25T14:54:24+00:00\",\"breadcrumb\":{\"@id\":\"https:\/\/pay4less.ma\/?product=seche-linge-whirlpool-8kg-a-condensation-posable-blanc#breadcrumb\"},\"inLanguage\":\"fr-FR\",\"potentialAction\":[{\"@type\":\"ReadAction\",\"target\":[\"https:\/\/pay4less.ma\/?product=seche-linge-whirlpool-8kg-a-condensation-posable-blanc\"]}]},{\"@type\":\"ImageObject\",\"inLanguage\":\"fr-FR\",\"@id\":\"https:\/\/pay4less.ma\/?product=seche-linge-whirlpool-8kg-a-condensation-posable-blanc#primaryimage\",\"url\":\"https:\/\/pay4less.ma\/wp-content\/uploads\/2025\/12\/Screenshot-2025-12-25-at-15-44-07-ASSET_MMS_86435152-Image-JPEG-536-\u00d7-402-pixels.png\",\"contentUrl\":\"https:\/\/pay4less.ma\/wp-content\/uploads\/2025\/12\/Screenshot-2025-12-25-at-15-44-07-ASSET_MMS_86435152-Image-JPEG-536-\u00d7-402-pixels.png\",\"width\":304,\"height\":402},{\"@type\":\"BreadcrumbList\",\"@id\":\"https:\/\/pay4less.ma\/?product=seche-linge-whirlpool-8kg-a-condensation-posable-blanc#breadcrumb\",\"itemListElement\":[{\"@type\":\"ListItem\",\"position\":1,\"name\":\"Accueil\",\"item\":\"https:\/\/pay4less.ma\/\"},{\"@type\":\"ListItem\",\"position\":2,\"name\":\"Shop\",\"item\":\"https:\/\/pay4less.ma\/?page_id=10644\"},{\"@type\":\"ListItem\",\"position\":3,\"name\":\"S\u00c8CHE LINGE WHIRLPOOL 8KG \u00c0 CONDENSATION POSABLE BLANC\"}]},{\"@type\":\"WebSite\",\"@id\":\"https:\/\/pay4less.ma\/#website\",\"url\":\"https:\/\/pay4less.ma\/\",\"name\":\"PAYLESS MAROC\",\"description\":\"PAYLESS \u2013 Votre sp\u00e9cialiste en \u00e9lectrom\u00e9nager, TV et PC au Maroc. Qualit\u00e9, prix justes et service de confiance.\",\"publisher\":{\"@id\":\"https:\/\/pay4less.ma\/#organization\"},\"alternateName\":\"PAY4LESS\",\"potentialAction\":[{\"@type\":\"SearchAction\",\"target\":{\"@type\":\"EntryPoint\",\"urlTemplate\":\"https:\/\/pay4less.ma\/?s={search_term_string}\"},\"query-input\":{\"@type\":\"PropertyValueSpecification\",\"valueRequired\":true,\"valueName\":\"search_term_string\"}}],\"inLanguage\":\"fr-FR\"},{\"@type\":\"Organization\",\"@id\":\"https:\/\/pay4less.ma\/#organization\",\"name\":\"PAYLESS MAROC\",\"alternateName\":\"PAY4LESS\",\"url\":\"https:\/\/pay4less.ma\/\",\"logo\":{\"@type\":\"ImageObject\",\"inLanguage\":\"fr-FR\",\"@id\":\"https:\/\/pay4less.ma\/#\/schema\/logo\/image\/\",\"url\":\"https:\/\/pay4less.ma\/wp-content\/uploads\/2025\/12\/350X100-PX.png\",\"contentUrl\":\"https:\/\/pay4less.ma\/wp-content\/uploads\/2025\/12\/350X100-PX.png\",\"width\":350,\"height\":100,\"caption\":\"PAYLESS MAROC\"},\"image\":{\"@id\":\"https:\/\/pay4less.ma\/#\/schema\/logo\/image\/\"},\"sameAs\":[\"https:\/\/www.facebook.com\/paylessmaroc\",\"https:\/\/instagram.com\/paylessmaroc1\"]}]}<\/script>\n<!-- \/ Yoast SEO Premium plugin. -->","yoast_head_json":{"title":"S\u00c8CHE LINGE WHIRLPOOL 8KG \u00c0 CONDENSATION POSABLE BLANC - PAYLESS MAROC","robots":{"index":"index","follow":"follow","max-snippet":"max-snippet:-1","max-image-preview":"max-image-preview:large","max-video-preview":"max-video-preview:-1"},"canonical":"https:\/\/pay4less.ma\/?product=seche-linge-whirlpool-8kg-a-condensation-posable-blanc","og_locale":"fr_FR","og_type":"article","og_title":"S\u00c8CHE LINGE WHIRLPOOL 8KG \u00c0 CONDENSATION POSABLE BLANC","og_description":"CAPACITE: 8 kg CLASSE ENERGETIQUE: B POSE-LIBRE","og_url":"https:\/\/pay4less.ma\/?product=seche-linge-whirlpool-8kg-a-condensation-posable-blanc","og_site_name":"PAYLESS MAROC","article_publisher":"https:\/\/www.facebook.com\/paylessmaroc","article_modified_time":"2025-12-25T14:54:24+00:00","og_image":[{"width":304,"height":402,"url":"https:\/\/pay4less.ma\/wp-content\/uploads\/2025\/12\/Screenshot-2025-12-25-at-15-44-07-ASSET_MMS_86435152-Image-JPEG-536-\u00d7-402-pixels.png","type":"image\/png"}],"twitter_card":"summary_large_image","twitter_misc":{"Dur\u00e9e de lecture estim\u00e9e":"1 minute"},"schema":{"@context":"https:\/\/schema.org","@graph":[{"@type":"WebPage","@id":"https:\/\/pay4less.ma\/?product=seche-linge-whirlpool-8kg-a-condensation-posable-blanc","url":"https:\/\/pay4less.ma\/?product=seche-linge-whirlpool-8kg-a-condensation-posable-blanc","name":"S\u00c8CHE LINGE WHIRLPOOL 8KG \u00c0 CONDENSATION POSABLE BLANC - PAYLESS MAROC","isPartOf":{"@id":"https:\/\/pay4less.ma\/#website"},"primaryImageOfPage":{"@id":"https:\/\/pay4less.ma\/?product=seche-linge-whirlpool-8kg-a-condensation-posable-blanc#primaryimage"},"image":{"@id":"https:\/\/pay4less.ma\/?product=seche-linge-whirlpool-8kg-a-condensation-posable-blanc#primaryimage"},"thumbnailUrl":"https:\/\/pay4less.ma\/wp-content\/uploads\/2025\/12\/Screenshot-2025-12-25-at-15-44-07-ASSET_MMS_86435152-Image-JPEG-536-\u00d7-402-pixels.png","datePublished":"2025-12-25T14:46:13+00:00","dateModified":"2025-12-25T14:54:24+00:00","breadcrumb":{"@id":"https:\/\/pay4less.ma\/?product=seche-linge-whirlpool-8kg-a-condensation-posable-blanc#breadcrumb"},"inLanguage":"fr-FR","potentialAction":[{"@type":"ReadAction","target":["https:\/\/pay4less.ma\/?product=seche-linge-whirlpool-8kg-a-condensation-posable-blanc"]}]},{"@type":"ImageObject","inLanguage":"fr-FR","@id":"https:\/\/pay4less.ma\/?product=seche-linge-whirlpool-8kg-a-condensation-posable-blanc#primaryimage","url":"https:\/\/pay4less.ma\/wp-content\/uploads\/2025\/12\/Screenshot-2025-12-25-at-15-44-07-ASSET_MMS_86435152-Image-JPEG-536-\u00d7-402-pixels.png","contentUrl":"https:\/\/pay4less.ma\/wp-content\/uploads\/2025\/12\/Screenshot-2025-12-25-at-15-44-07-ASSET_MMS_86435152-Image-JPEG-536-\u00d7-402-pixels.png","width":304,"height":402},{"@type":"BreadcrumbList","@id":"https:\/\/pay4less.ma\/?product=seche-linge-whirlpool-8kg-a-condensation-posable-blanc#breadcrumb","itemListElement":[{"@type":"ListItem","position":1,"name":"Accueil","item":"https:\/\/pay4less.ma\/"},{"@type":"ListItem","position":2,"name":"Shop","item":"https:\/\/pay4less.ma\/?page_id=10644"},{"@type":"ListItem","position":3,"name":"S\u00c8CHE LINGE WHIRLPOOL 8KG \u00c0 CONDENSATION POSABLE BLANC"}]},{"@type":"WebSite","@id":"https:\/\/pay4less.ma\/#website","url":"https:\/\/pay4less.ma\/","name":"PAYLESS MAROC","description":"PAYLESS \u2013 Votre sp\u00e9cialiste en \u00e9lectrom\u00e9nager, TV et PC au Maroc. Qualit\u00e9, prix justes et service de confiance.","publisher":{"@id":"https:\/\/pay4less.ma\/#organization"},"alternateName":"PAY4LESS","potentialAction":[{"@type":"SearchAction","target":{"@type":"EntryPoint","urlTemplate":"https:\/\/pay4less.ma\/?s={search_term_string}"},"query-input":{"@type":"PropertyValueSpecification","valueRequired":true,"valueName":"search_term_string"}}],"inLanguage":"fr-FR"},{"@type":"Organization","@id":"https:\/\/pay4less.ma\/#organization","name":"PAYLESS MAROC","alternateName":"PAY4LESS","url":"https:\/\/pay4less.ma\/","logo":{"@type":"ImageObject","inLanguage":"fr-FR","@id":"https:\/\/pay4less.ma\/#\/schema\/logo\/image\/","url":"https:\/\/pay4less.ma\/wp-content\/uploads\/2025\/12\/350X100-PX.png","contentUrl":"https:\/\/pay4less.ma\/wp-content\/uploads\/2025\/12\/350X100-PX.png","width":350,"height":100,"caption":"PAYLESS MAROC"},"image":{"@id":"https:\/\/pay4less.ma\/#\/schema\/logo\/image\/"},"sameAs":["https:\/\/www.facebook.com\/paylessmaroc","https:\/\/instagram.com\/paylessmaroc1"]}]}},"jetpack_sharing_enabled":true,"_links":{"self":[{"href":"https:\/\/pay4less.ma\/index.php?rest_route=\/wp\/v2\/product\/10849","targetHints":{"allow":["GET"]}}],"collection":[{"href":"https:\/\/pay4less.ma\/index.php?rest_route=\/wp\/v2\/product"}],"about":[{"href":"https:\/\/pay4less.ma\/index.php?rest_route=\/wp\/v2\/types\/product"}],"replies":[{"embeddable":true,"href":"https:\/\/pay4less.ma\/index.php?rest_route=%2Fwp%2Fv2%2Fcomments&post=10849"}],"version-history":[{"count":1,"href":"https:\/\/pay4less.ma\/index.php?rest_route=\/wp\/v2\/product\/10849\/revisions"}],"predecessor-version":[{"id":10855,"href":"https:\/\/pay4less.ma\/index.php?rest_route=\/wp\/v2\/product\/10849\/revisions\/10855"}],"wp:featuredmedia":[{"embeddable":true,"href":"https:\/\/pay4less.ma\/index.php?rest_route=\/wp\/v2\/media\/10851"}],"wp:attachment":[{"href":"https:\/\/pay4less.ma\/index.php?rest_route=%2Fwp%2Fv2%2Fmedia&parent=10849"}],"wp:term":[{"taxonomy":"product_brand","embeddable":true,"href":"https:\/\/pay4less.ma\/index.php?rest_route=%2Fwp%2Fv2%2Fproduct_brand&post=10849"},{"taxonomy":"product_cat","embeddable":true,"href":"https:\/\/pay4less.ma\/index.php?rest_route=%2Fwp%2Fv2%2Fproduct_cat&post=10849"},{"taxonomy":"product_tag","embeddable":true,"href":"https:\/\/pay4less.ma\/index.php?rest_route=%2Fwp%2Fv2%2Fproduct_tag&post=10849"}],"curies":[{"name":"wp","href":"https:\/\/api.w.org\/{rel}","templated":true}]}}