{"id":10890,"date":"2025-12-25T17:48:12","date_gmt":"2025-12-25T17:48:12","guid":{"rendered":"http:\/\/pay4less.ma\/?post_type=product&#038;p=10890"},"modified":"2025-12-25T17:48:36","modified_gmt":"2025-12-25T17:48:36","slug":"four-taurus-electrique-harmony-60-l","status":"publish","type":"product","link":"https:\/\/pay4less.ma\/?product=four-taurus-electrique-harmony-60-l","title":{"rendered":"FOUR TAURUS \u00c9LECTRIQUE HARMONY 60 L"},"content":{"rendered":"<p><strong data-start=\"94\" data-end=\"144\">Four \u00e9lectrique Taurus Harmony 60, 60 L \u2013 2200 W<\/strong><br data-start=\"144\" data-end=\"147\" \/>Four spacieux et puissant avec fonctions chaleur tournante, grill et r\u00f4tissoire. Temp\u00e9rature r\u00e9glable jusqu\u2019\u00e0 230\u00b0C, minuterie 120 min, \u00e9clairage int\u00e9rieur et accessoires inclus. Id\u00e9al pour une cuisson pr\u00e9cise et polyvalente.<\/p>\n","protected":false},"excerpt":{"rendered":"<pre>MARQUE : TAURUS\r\nFINITION: INOX \r\nPUISSANCE: 2200w<\/pre>\n","protected":false},"featured_media":10894,"comment_status":"open","ping_status":"closed","template":"","meta":[],"product_brand":[272],"product_cat":[143,133,139],"product_tag":[],"class_list":{"0":"post-10890","1":"product","2":"type-product","3":"status-publish","4":"has-post-thumbnail","6":"product_brand-taurus","7":"product_cat-cuisinieres-fours","8":"product_cat-electromenager","9":"product_cat-gros-electromenager","11":"first","12":"instock","13":"shipping-taxable","14":"purchasable","15":"product-type-simple"},"yoast_head":"<!-- This site is optimized with the Yoast SEO Premium plugin v27.1 (Yoast SEO v27.1) - https:\/\/yoast.com\/product\/yoast-seo-premium-wordpress\/ -->\n<title>FOUR TAURUS \u00c9LECTRIQUE HARMONY 60 L - PAYLESS MAROC<\/title>\n<meta name=\"robots\" content=\"index, follow, max-snippet:-1, max-image-preview:large, max-video-preview:-1\" \/>\n<link rel=\"canonical\" href=\"https:\/\/pay4less.ma\/?product=four-taurus-electrique-harmony-60-l\" \/>\n<meta property=\"og:locale\" content=\"fr_FR\" \/>\n<meta property=\"og:type\" content=\"article\" \/>\n<meta property=\"og:title\" content=\"FOUR TAURUS \u00c9LECTRIQUE HARMONY 60 L\" \/>\n<meta property=\"og:description\" content=\"MARQUE : TAURUS FINITION: INOX  PUISSANCE: 2200w\" \/>\n<meta property=\"og:url\" content=\"https:\/\/pay4less.ma\/?product=four-taurus-electrique-harmony-60-l\" \/>\n<meta property=\"og:site_name\" content=\"PAYLESS MAROC\" \/>\n<meta property=\"article:publisher\" content=\"https:\/\/www.facebook.com\/paylessmaroc\" \/>\n<meta property=\"article:modified_time\" content=\"2025-12-25T17:48:36+00:00\" \/>\n<meta property=\"og:image\" content=\"https:\/\/pay4less.ma\/wp-content\/uploads\/2025\/12\/Screenshot-2025-12-25-at-18-47-11-Four-posable-FOUR-ELECTRIQUE-HARMONY-60L-TAURUS-Electroplanet-Electroplanet.png\" \/>\n\t<meta property=\"og:image:width\" content=\"538\" \/>\n\t<meta property=\"og:image:height\" content=\"404\" \/>\n\t<meta property=\"og:image:type\" content=\"image\/png\" \/>\n<meta name=\"twitter:card\" content=\"summary_large_image\" \/>\n<script type=\"application\/ld+json\" class=\"yoast-schema-graph\">{\"@context\":\"https:\/\/schema.org\",\"@graph\":[{\"@type\":\"WebPage\",\"@id\":\"https:\/\/pay4less.ma\/?product=four-taurus-electrique-harmony-60-l\",\"url\":\"https:\/\/pay4less.ma\/?product=four-taurus-electrique-harmony-60-l\",\"name\":\"FOUR TAURUS \u00c9LECTRIQUE HARMONY 60 L - PAYLESS MAROC\",\"isPartOf\":{\"@id\":\"https:\/\/pay4less.ma\/#website\"},\"primaryImageOfPage\":{\"@id\":\"https:\/\/pay4less.ma\/?product=four-taurus-electrique-harmony-60-l#primaryimage\"},\"image\":{\"@id\":\"https:\/\/pay4less.ma\/?product=four-taurus-electrique-harmony-60-l#primaryimage\"},\"thumbnailUrl\":\"https:\/\/pay4less.ma\/wp-content\/uploads\/2025\/12\/Screenshot-2025-12-25-at-18-47-11-Four-posable-FOUR-ELECTRIQUE-HARMONY-60L-TAURUS-Electroplanet-Electroplanet.png\",\"datePublished\":\"2025-12-25T17:48:12+00:00\",\"dateModified\":\"2025-12-25T17:48:36+00:00\",\"breadcrumb\":{\"@id\":\"https:\/\/pay4less.ma\/?product=four-taurus-electrique-harmony-60-l#breadcrumb\"},\"inLanguage\":\"fr-FR\",\"potentialAction\":[{\"@type\":\"ReadAction\",\"target\":[\"https:\/\/pay4less.ma\/?product=four-taurus-electrique-harmony-60-l\"]}]},{\"@type\":\"ImageObject\",\"inLanguage\":\"fr-FR\",\"@id\":\"https:\/\/pay4less.ma\/?product=four-taurus-electrique-harmony-60-l#primaryimage\",\"url\":\"https:\/\/pay4less.ma\/wp-content\/uploads\/2025\/12\/Screenshot-2025-12-25-at-18-47-11-Four-posable-FOUR-ELECTRIQUE-HARMONY-60L-TAURUS-Electroplanet-Electroplanet.png\",\"contentUrl\":\"https:\/\/pay4less.ma\/wp-content\/uploads\/2025\/12\/Screenshot-2025-12-25-at-18-47-11-Four-posable-FOUR-ELECTRIQUE-HARMONY-60L-TAURUS-Electroplanet-Electroplanet.png\",\"width\":538,\"height\":404},{\"@type\":\"BreadcrumbList\",\"@id\":\"https:\/\/pay4less.ma\/?product=four-taurus-electrique-harmony-60-l#breadcrumb\",\"itemListElement\":[{\"@type\":\"ListItem\",\"position\":1,\"name\":\"Accueil\",\"item\":\"https:\/\/pay4less.ma\/\"},{\"@type\":\"ListItem\",\"position\":2,\"name\":\"Shop\",\"item\":\"https:\/\/pay4less.ma\/?page_id=10644\"},{\"@type\":\"ListItem\",\"position\":3,\"name\":\"FOUR TAURUS \u00c9LECTRIQUE HARMONY 60 L\"}]},{\"@type\":\"WebSite\",\"@id\":\"https:\/\/pay4less.ma\/#website\",\"url\":\"https:\/\/pay4less.ma\/\",\"name\":\"PAYLESS MAROC\",\"description\":\"PAYLESS \u2013 Votre sp\u00e9cialiste en \u00e9lectrom\u00e9nager, TV et PC au Maroc. Qualit\u00e9, prix justes et service de confiance.\",\"publisher\":{\"@id\":\"https:\/\/pay4less.ma\/#organization\"},\"alternateName\":\"PAY4LESS\",\"potentialAction\":[{\"@type\":\"SearchAction\",\"target\":{\"@type\":\"EntryPoint\",\"urlTemplate\":\"https:\/\/pay4less.ma\/?s={search_term_string}\"},\"query-input\":{\"@type\":\"PropertyValueSpecification\",\"valueRequired\":true,\"valueName\":\"search_term_string\"}}],\"inLanguage\":\"fr-FR\"},{\"@type\":\"Organization\",\"@id\":\"https:\/\/pay4less.ma\/#organization\",\"name\":\"PAYLESS MAROC\",\"alternateName\":\"PAY4LESS\",\"url\":\"https:\/\/pay4less.ma\/\",\"logo\":{\"@type\":\"ImageObject\",\"inLanguage\":\"fr-FR\",\"@id\":\"https:\/\/pay4less.ma\/#\/schema\/logo\/image\/\",\"url\":\"https:\/\/pay4less.ma\/wp-content\/uploads\/2025\/12\/350X100-PX.png\",\"contentUrl\":\"https:\/\/pay4less.ma\/wp-content\/uploads\/2025\/12\/350X100-PX.png\",\"width\":350,\"height\":100,\"caption\":\"PAYLESS MAROC\"},\"image\":{\"@id\":\"https:\/\/pay4less.ma\/#\/schema\/logo\/image\/\"},\"sameAs\":[\"https:\/\/www.facebook.com\/paylessmaroc\",\"https:\/\/instagram.com\/paylessmaroc1\"]}]}<\/script>\n<!-- \/ Yoast SEO Premium plugin. -->","yoast_head_json":{"title":"FOUR TAURUS \u00c9LECTRIQUE HARMONY 60 L - PAYLESS MAROC","robots":{"index":"index","follow":"follow","max-snippet":"max-snippet:-1","max-image-preview":"max-image-preview:large","max-video-preview":"max-video-preview:-1"},"canonical":"https:\/\/pay4less.ma\/?product=four-taurus-electrique-harmony-60-l","og_locale":"fr_FR","og_type":"article","og_title":"FOUR TAURUS \u00c9LECTRIQUE HARMONY 60 L","og_description":"MARQUE : TAURUS FINITION: INOX  PUISSANCE: 2200w","og_url":"https:\/\/pay4less.ma\/?product=four-taurus-electrique-harmony-60-l","og_site_name":"PAYLESS MAROC","article_publisher":"https:\/\/www.facebook.com\/paylessmaroc","article_modified_time":"2025-12-25T17:48:36+00:00","og_image":[{"width":538,"height":404,"url":"https:\/\/pay4less.ma\/wp-content\/uploads\/2025\/12\/Screenshot-2025-12-25-at-18-47-11-Four-posable-FOUR-ELECTRIQUE-HARMONY-60L-TAURUS-Electroplanet-Electroplanet.png","type":"image\/png"}],"twitter_card":"summary_large_image","schema":{"@context":"https:\/\/schema.org","@graph":[{"@type":"WebPage","@id":"https:\/\/pay4less.ma\/?product=four-taurus-electrique-harmony-60-l","url":"https:\/\/pay4less.ma\/?product=four-taurus-electrique-harmony-60-l","name":"FOUR TAURUS \u00c9LECTRIQUE HARMONY 60 L - PAYLESS MAROC","isPartOf":{"@id":"https:\/\/pay4less.ma\/#website"},"primaryImageOfPage":{"@id":"https:\/\/pay4less.ma\/?product=four-taurus-electrique-harmony-60-l#primaryimage"},"image":{"@id":"https:\/\/pay4less.ma\/?product=four-taurus-electrique-harmony-60-l#primaryimage"},"thumbnailUrl":"https:\/\/pay4less.ma\/wp-content\/uploads\/2025\/12\/Screenshot-2025-12-25-at-18-47-11-Four-posable-FOUR-ELECTRIQUE-HARMONY-60L-TAURUS-Electroplanet-Electroplanet.png","datePublished":"2025-12-25T17:48:12+00:00","dateModified":"2025-12-25T17:48:36+00:00","breadcrumb":{"@id":"https:\/\/pay4less.ma\/?product=four-taurus-electrique-harmony-60-l#breadcrumb"},"inLanguage":"fr-FR","potentialAction":[{"@type":"ReadAction","target":["https:\/\/pay4less.ma\/?product=four-taurus-electrique-harmony-60-l"]}]},{"@type":"ImageObject","inLanguage":"fr-FR","@id":"https:\/\/pay4less.ma\/?product=four-taurus-electrique-harmony-60-l#primaryimage","url":"https:\/\/pay4less.ma\/wp-content\/uploads\/2025\/12\/Screenshot-2025-12-25-at-18-47-11-Four-posable-FOUR-ELECTRIQUE-HARMONY-60L-TAURUS-Electroplanet-Electroplanet.png","contentUrl":"https:\/\/pay4less.ma\/wp-content\/uploads\/2025\/12\/Screenshot-2025-12-25-at-18-47-11-Four-posable-FOUR-ELECTRIQUE-HARMONY-60L-TAURUS-Electroplanet-Electroplanet.png","width":538,"height":404},{"@type":"BreadcrumbList","@id":"https:\/\/pay4less.ma\/?product=four-taurus-electrique-harmony-60-l#breadcrumb","itemListElement":[{"@type":"ListItem","position":1,"name":"Accueil","item":"https:\/\/pay4less.ma\/"},{"@type":"ListItem","position":2,"name":"Shop","item":"https:\/\/pay4less.ma\/?page_id=10644"},{"@type":"ListItem","position":3,"name":"FOUR TAURUS \u00c9LECTRIQUE HARMONY 60 L"}]},{"@type":"WebSite","@id":"https:\/\/pay4less.ma\/#website","url":"https:\/\/pay4less.ma\/","name":"PAYLESS MAROC","description":"PAYLESS \u2013 Votre sp\u00e9cialiste en \u00e9lectrom\u00e9nager, TV et PC au Maroc. Qualit\u00e9, prix justes et service de confiance.","publisher":{"@id":"https:\/\/pay4less.ma\/#organization"},"alternateName":"PAY4LESS","potentialAction":[{"@type":"SearchAction","target":{"@type":"EntryPoint","urlTemplate":"https:\/\/pay4less.ma\/?s={search_term_string}"},"query-input":{"@type":"PropertyValueSpecification","valueRequired":true,"valueName":"search_term_string"}}],"inLanguage":"fr-FR"},{"@type":"Organization","@id":"https:\/\/pay4less.ma\/#organization","name":"PAYLESS MAROC","alternateName":"PAY4LESS","url":"https:\/\/pay4less.ma\/","logo":{"@type":"ImageObject","inLanguage":"fr-FR","@id":"https:\/\/pay4less.ma\/#\/schema\/logo\/image\/","url":"https:\/\/pay4less.ma\/wp-content\/uploads\/2025\/12\/350X100-PX.png","contentUrl":"https:\/\/pay4less.ma\/wp-content\/uploads\/2025\/12\/350X100-PX.png","width":350,"height":100,"caption":"PAYLESS MAROC"},"image":{"@id":"https:\/\/pay4less.ma\/#\/schema\/logo\/image\/"},"sameAs":["https:\/\/www.facebook.com\/paylessmaroc","https:\/\/instagram.com\/paylessmaroc1"]}]}},"jetpack_sharing_enabled":true,"_links":{"self":[{"href":"https:\/\/pay4less.ma\/index.php?rest_route=\/wp\/v2\/product\/10890","targetHints":{"allow":["GET"]}}],"collection":[{"href":"https:\/\/pay4less.ma\/index.php?rest_route=\/wp\/v2\/product"}],"about":[{"href":"https:\/\/pay4less.ma\/index.php?rest_route=\/wp\/v2\/types\/product"}],"replies":[{"embeddable":true,"href":"https:\/\/pay4less.ma\/index.php?rest_route=%2Fwp%2Fv2%2Fcomments&post=10890"}],"version-history":[{"count":1,"href":"https:\/\/pay4less.ma\/index.php?rest_route=\/wp\/v2\/product\/10890\/revisions"}],"predecessor-version":[{"id":10895,"href":"https:\/\/pay4less.ma\/index.php?rest_route=\/wp\/v2\/product\/10890\/revisions\/10895"}],"wp:featuredmedia":[{"embeddable":true,"href":"https:\/\/pay4less.ma\/index.php?rest_route=\/wp\/v2\/media\/10894"}],"wp:attachment":[{"href":"https:\/\/pay4less.ma\/index.php?rest_route=%2Fwp%2Fv2%2Fmedia&parent=10890"}],"wp:term":[{"taxonomy":"product_brand","embeddable":true,"href":"https:\/\/pay4less.ma\/index.php?rest_route=%2Fwp%2Fv2%2Fproduct_brand&post=10890"},{"taxonomy":"product_cat","embeddable":true,"href":"https:\/\/pay4less.ma\/index.php?rest_route=%2Fwp%2Fv2%2Fproduct_cat&post=10890"},{"taxonomy":"product_tag","embeddable":true,"href":"https:\/\/pay4less.ma\/index.php?rest_route=%2Fwp%2Fv2%2Fproduct_tag&post=10890"}],"curies":[{"name":"wp","href":"https:\/\/api.w.org\/{rel}","templated":true}]}}