{"id":10922,"date":"2025-12-26T17:32:10","date_gmt":"2025-12-26T17:32:10","guid":{"rendered":"http:\/\/pay4less.ma\/?post_type=product&#038;p=10922"},"modified":"2026-01-09T11:17:49","modified_gmt":"2026-01-09T11:17:49","slug":"tv-lg-43p-smart-led-full-hd","status":"publish","type":"product","link":"https:\/\/pay4less.ma\/?product=tv-lg-43p-smart-led-full-hd","title":{"rendered":"TV LG 43P SMART LED FULL HD"},"content":{"rendered":"<p>&nbsp;<\/p>\n<div id=\"overview\" class=\"container-fluid iw_section\" data-gtm-vis-first-on-screen46356746_113=\"19102\" data-gtm-vis-first-on-screen182458087_374=\"19198\" data-gtm-vis-first-on-screen182458087_430=\"19208\">\n<div id=\"rowjrfziuud\" class=\"row iw_row iw_stretch\">\n<div id=\"coljrfziuue\" class=\"iw_columns col-lg-12\">\n<div id=\"iw_comp1552886069295\" class=\"iw_component\"><\/div>\n<div id=\"iw_placeholder1548658899875\" class=\"iw_placeholder\">\n<div id=\"iw_comp1584939947105\" class=\"iw_component\">\n<div class=\"component-wrap zero-top zero-btm\">\n<div class=\"component GPC0055\" data-common-play-speed=\"8000\" data-common-loop-slider=\"shuttle\" data-primarykey=\"1584939947105\">\n<div class=\"carousel-wrap type-etc active\" data-wa-msg=\"Main\u00a0Banner #1\">\n<div class=\"carousel-box text-white \">\n<div class=\"visual-area\"><img decoding=\"async\" class=\"pc lazyloaded\" src=\"https:\/\/www.lg.com\/africa_fr\/images\/TV\/features\/TV-FHD-43-LM63-01-Full-HD-Resolution-Desktop.jpg\" alt=\"Une nouvelle dimension gr\u00e2ce \u00e0 la Full-HD\" data-src=\"\/africa_fr\/images\/TV\/features\/TV-FHD-43-LM63-01-Full-HD-Resolution-Desktop.jpg\" data-loaded=\"true\" \/><\/div>\n<div class=\"contents-area\">\n<div class=\"text-area text-white align-left align-middle type-wide align-mobile-top\">\n<div class=\"text-wrap\">\n<div class=\"inner\">\n<div class=\"text-block\">\n<div id=\"waGPC0055_0\" class=\"title\">\n<h3>Une nouvelle dimension gr\u00e2ce \u00e0 la Full-HD<\/h3>\n<\/div>\n<div class=\"copy font-regular \">\u00ab\u00a0Un \u00e9cran Full HD offre des images plus r\u00e9alistes,<br \/>\navec une r\u00e9solution \u00e9poustouflante et des couleurs \u00e9clatantes.\u00a0\u00bb<\/div>\n<\/div>\n<\/div>\n<\/div>\n<\/div>\n<\/div>\n<\/div>\n<\/div>\n<\/div>\n<\/div>\n<\/div>\n<div id=\"iw_comp1584939861340\" class=\"iw_component\">\n<div class=\"component-wrap zero-top zero-btm\">\n<div class=\"component GPC0055\" data-common-play-speed=\"8000\" data-common-loop-slider=\"shuttle\" data-primarykey=\"1584939861340\">\n<div class=\"carousel-wrap type-etc active\" data-wa-msg=\"Main\u00a0Banner #1\">\n<div class=\"carousel-box text-white \">\n<div class=\"visual-area\"><img decoding=\"async\" class=\"pc lazyloaded\" src=\"https:\/\/www.lg.com\/africa_fr\/images\/TV\/features\/D02_TV-FHD-43-LM63-02-Dynamic-Color-Desktop-v1.jpg\" alt=\"Amplificateur de couleurs dynamiques\" data-src=\"\/africa_fr\/images\/TV\/features\/D02_TV-FHD-43-LM63-02-Dynamic-Color-Desktop-v1.jpg\" data-loaded=\"true\" \/><\/div>\n<div class=\"contents-area\">\n<div class=\"text-area text-white align-center align-top type-wide align-mobile-top\">\n<div class=\"text-wrap\">\n<div class=\"inner\">\n<div class=\"text-block\">\n<div id=\"waGPC0055_1\" class=\"title\">\n<h3>Amplificateur de couleurs dynamiques<\/h3>\n<\/div>\n<div class=\"copy font-regular \">\u00ab\u00a0Ce processeur d\u2019image sophistiqu\u00e9 ajuste les couleurs afin d\u2019offrir des images plus riches et plus naturelles.<br \/>\nProfitez de la beaut\u00e9 des vraies couleurs de la nature sur votre \u00e9cran de t\u00e9l\u00e9viseur.\u00a0\u00bb<\/div>\n<\/div>\n<\/div>\n<\/div>\n<\/div>\n<\/div>\n<\/div>\n<\/div>\n<\/div>\n<\/div>\n<\/div>\n<div id=\"iw_comp1584940124774\" class=\"iw_component\">\n<div class=\"component-wrap zero-top zero-btm\">\n<div class=\"component GPC0042 full-size txt-img bg-black\">\n<div class=\"desc font-regular align-left\">*Le t\u00e9l\u00e9viseur conventionnel mentionn\u00e9 dans ce contenu correspond aux pr\u00e9c\u00e9dents mod\u00e8les LG et les images sont simul\u00e9es.<\/div>\n<\/div>\n<\/div>\n<\/div>\n<div id=\"iw_comp1584939861389\" class=\"iw_component\">\n<div class=\"component-wrap zero-top zero-btm\">\n<div class=\"component GPC0055\" data-common-play-speed=\"8000\" data-common-loop-slider=\"shuttle\" data-primarykey=\"1584939861389\">\n<div class=\"carousel-wrap type-etc active\" data-wa-msg=\"Main\u00a0Banner #1\">\n<div class=\"carousel-box text-white \">\n<div class=\"visual-area\"><img decoding=\"async\" class=\"pc lazyloaded\" src=\"https:\/\/www.lg.com\/africa_fr\/images\/TV\/features\/TV-FHD-43-LM63-03-Quad-Core-Processor-Desktop.jpg\" alt=\"Processeur Quad Core, La source d\u2019images plus vraies que nature\" data-src=\"\/africa_fr\/images\/TV\/features\/TV-FHD-43-LM63-03-Quad-Core-Processor-Desktop.jpg\" data-loaded=\"true\" \/><\/div>\n<div class=\"contents-area\">\n<div class=\"text-area text-white align-center align-top type-wide align-mobile-top\">\n<div class=\"text-wrap\">\n<div class=\"inner\">\n<div class=\"text-block\">\n<div id=\"waGPC0055_2\" class=\"title\">\n<h3>Processeur Quad Core, La source d\u2019images plus vraies que nature<\/h3>\n<\/div>\n<div class=\"copy font-regular \">Quatre processeurs rapides, pr\u00e9cis, \u00e9liminent le bruit et cr\u00e9ent des couleurs et un contraste encore plus dynamiques. Les images basse r\u00e9solution sont agrandies \u00e0 l\u2019\u00e9chelle et reproduites en des images plus anim\u00e9es, plus nettes.<\/div>\n<\/div>\n<\/div>\n<\/div>\n<\/div>\n<\/div>\n<\/div>\n<\/div>\n<\/div>\n<\/div>\n<\/div>\n<div id=\"iw_comp1584939947153\" class=\"iw_component\">\n<div class=\"component-wrap zero-top zero-btm\">\n<div class=\"component GPC0055\" data-common-play-speed=\"8000\" data-common-loop-slider=\"shuttle\" data-primarykey=\"1584939947153\">\n<div class=\"carousel-wrap type-etc active\" data-wa-msg=\"Main\u00a0Banner #1\">\n<div class=\"carousel-box text-white \">\n<div class=\"visual-area\"><img decoding=\"async\" class=\"pc lazyloaded\" src=\"https:\/\/www.lg.com\/africa_fr\/images\/TV\/features\/TV-FHD-43-LM63-04-Active-HDR-Desktop.jpg\" alt=\"&quot;Active HDR, pour des d\u00e9tails incroyables&quot;\" data-src=\"\/africa_fr\/images\/TV\/features\/TV-FHD-43-LM63-04-Active-HDR-Desktop.jpg\" data-loaded=\"true\" \/><\/div>\n<div class=\"contents-area\">\n<div class=\"text-area text-white align-left align-middle type-wide align-mobile-top\">\n<div class=\"text-wrap\">\n<div class=\"inner\">\n<div class=\"text-block\">\n<div id=\"waGPC0055_3\" class=\"title\">\n<h3>Active HDR<br \/>\npour des d\u00e9tails incroyables<\/h3>\n<\/div>\n<div class=\"copy font-regular \">Active HDR optimise chaque sc\u00e8ne, offrant ainsi des d\u00e9tails pleins de d\u00e9licatesse et des couleurs riches. Le format multi-HDR, incluant les formats HDR10 et HLG, s\u2019associe avec la technologie d\u2019ajustement dynamique sc\u00e8ne par sc\u00e8ne de LG, pour vous permettre de profiter de tous vos contenus vid\u00e9o dans une qualit\u00e9 HDR \u00e9poustouflante.<\/div>\n<\/div>\n<\/div>\n<\/div>\n<\/div>\n<\/div>\n<\/div>\n<\/div>\n<\/div>\n<\/div>\n<\/div>\n<div id=\"iw_comp1584939861437\" class=\"iw_component\">\n<div class=\"component-wrap zero-top zero-btm\">\n<div class=\"component GPC0055\" data-common-play-speed=\"8000\" data-common-loop-slider=\"shuttle\" data-primarykey=\"1584939861437\">\n<div class=\"carousel-wrap type-etc active\" data-wa-msg=\"Main\u00a0Banner #1\">\n<div class=\"carousel-box text-black \">\n<div class=\"visual-area\"><img decoding=\"async\" class=\"pc lazyloaded\" src=\"https:\/\/www.lg.com\/africa_fr\/images\/TV\/features\/TV-FHD-43-LM63-05-DTS-VirtualX-Desktop.jpg\" alt=\"DTS Virtual:X Donner une nouvelle dimension au son\" data-src=\"\/africa_fr\/images\/TV\/features\/TV-FHD-43-LM63-05-DTS-VirtualX-Desktop.jpg\" data-loaded=\"true\" \/><\/div>\n<div class=\"contents-area\">\n<div class=\"text-area text-black align-center align-top type-wide align-mobile-top\">\n<div class=\"text-wrap\">\n<div class=\"inner\">\n<div class=\"text-block\">\n<div id=\"waGPC0055_4\" class=\"title\">\n<h3>DTS Virtual:X<br \/>\nDonner une nouvelle dimension au son<\/h3>\n<\/div>\n<div class=\"copy font-regular \">Vous pourrez profiter d\u2019un son riche, pur et multidimensionnel, gr\u00e2ce aux haut-parleurs int\u00e9gr\u00e9s \u00e0 votre t\u00e9l\u00e9viseur, qui diffusent le son sous tous les angles.<\/div>\n<\/div>\n<\/div>\n<\/div>\n<\/div>\n<\/div>\n<\/div>\n<\/div>\n<\/div>\n<\/div>\n<\/div>\n<div id=\"iw_comp1584939861486\" class=\"iw_component\">\n<div class=\"component-wrap zero-top zero-btm\">\n<div class=\"component GPC0055\" data-common-play-speed=\"8000\" data-common-loop-slider=\"shuttle\" data-primarykey=\"1584939861486\">\n<div class=\"carousel-wrap type-etc active\" data-wa-msg=\"Main\u00a0Banner #1\">\n<div class=\"carousel-box text-black \">\n<div class=\"visual-area\"><img decoding=\"async\" class=\"pc lazyloaded\" src=\"https:\/\/www.lg.com\/africa_fr\/images\/TV\/features\/TV-FHD-43-LM63-06-Dolby-Audio-Desktop.jpg\" alt=\"Dolby Audio\u2122 Une exp\u00e9rience sonore digne d\u2019un cin\u00e9ma\" data-src=\"\/africa_fr\/images\/TV\/features\/TV-FHD-43-LM63-06-Dolby-Audio-Desktop.jpg\" data-loaded=\"true\" \/><\/div>\n<div class=\"contents-area\">\n<div class=\"text-area text-black align-center align-top type-wide align-mobile-top\">\n<div class=\"text-wrap\">\n<div class=\"inner\">\n<div class=\"text-block\">\n<div id=\"waGPC0055_5\" class=\"title\">\n<h3>Dolby Audio\u2122<br \/>\nUne exp\u00e9rience sonore digne d\u2019un cin\u00e9ma<\/h3>\n<\/div>\n<div class=\"copy font-regular \">Une exp\u00e9rience d\u2019un son plus net, plus immersif, de qualit\u00e9 cin\u00e9matographique, \u00e0 la maison gr\u00e2ce \u00e0 la fonctionnalit\u00e9 Dolby Audio de votre t\u00e9l\u00e9viseur.<\/div>\n<\/div>\n<\/div>\n<\/div>\n<\/div>\n<\/div>\n<\/div>\n<\/div>\n<\/div>\n<\/div>\n<\/div>\n<div id=\"iw_comp1584939861532\" class=\"iw_component\">\n<div class=\"component-wrap zero-top zero-btm\">\n<div class=\"component GPC0055\" data-common-play-speed=\"8000\" data-common-loop-slider=\"shuttle\" data-primarykey=\"1584939861532\">\n<div class=\"carousel-wrap type-etc active\" data-wa-msg=\"Main\u00a0Banner #1\">\n<div class=\"carousel-box text-white \">\n<div class=\"visual-area\"><img decoding=\"async\" class=\"pc lazyloaded\" src=\"https:\/\/www.lg.com\/africa_fr\/images\/TV\/features\/TV-FHD-43-LM63-08-USB-Movie-Desktop.jpg\" alt=\"Choisissez, connectez et profitez\" data-src=\"\/africa_fr\/images\/TV\/features\/TV-FHD-43-LM63-08-USB-Movie-Desktop.jpg\" data-loaded=\"true\" \/><\/div>\n<div class=\"contents-area\">\n<div class=\"text-area text-white align-center align-top type-wide align-mobile-top\">\n<div class=\"text-wrap\">\n<div class=\"inner\">\n<div class=\"text-block\">\n<div id=\"waGPC0055_6\" class=\"title\">\n<h3>Choisissez, connectez et profitez<\/h3>\n<\/div>\n<div class=\"copy font-regular \">Il vous suffit de connecter votre cl\u00e9 USB ou votre disque dur externe pour pouvoir profiter de pratiquement tous les contenus sur votre t\u00e9l\u00e9viseur.<br \/>\nProfitez de vos films pr\u00e9f\u00e9r\u00e9s sur un \u00e9cran plus grand et avec une r\u00e9solution plus \u00e9lev\u00e9e<\/div>\n<\/div>\n<\/div>\n<\/div>\n<\/div>\n<\/div>\n<\/div>\n<\/div>\n<\/div>\n<\/div>\n<\/div>\n<div id=\"iw_comp1584939861580\" class=\"iw_component\">\n<div class=\"component-wrap zero-top zero-btm\">\n<div class=\"component GPC0055\" data-common-play-speed=\"8000\" data-common-loop-slider=\"shuttle\" data-primarykey=\"1584939861580\">\n<div class=\"carousel-wrap type-etc active\" data-wa-msg=\"Main\u00a0Banner #1\">\n<div class=\"carousel-box text-white \">\n<div class=\"visual-area\"><img decoding=\"async\" class=\"pc lazyloaded\" src=\"https:\/\/www.lg.com\/africa_fr\/images\/TV\/features\/TV-FHD-43-LM63-09-Design-Desktop.jpg\" alt=\"Un design simple mais \u00e9l\u00e9gant\" data-src=\"\/africa_fr\/images\/TV\/features\/TV-FHD-43-LM63-09-Design-Desktop.jpg\" data-loaded=\"true\" \/><\/div>\n<div class=\"contents-area\">\n<div class=\"text-area text-white align-center align-top type-wide align-mobile-top\">\n<div class=\"text-wrap\">\n<div class=\"inner\">\n<div class=\"text-block\">\n<div id=\"waGPC0055_7\" class=\"title\">\n<h3>Un design simple mais \u00e9l\u00e9gant<\/h3>\n<\/div>\n<div class=\"copy font-regular \">La finesse de son cadre et l\u2019\u00e9l\u00e9gance de sa finition s\u2019associeront parfaitement avec votre d\u00e9coration int\u00e9rieure pour cr\u00e9er une exp\u00e9rience visuelle plus agr\u00e9able.<\/div>\n<\/div>\n<\/div>\n<\/div>\n<\/div>\n<\/div>\n<\/div>\n<\/div>\n<\/div>\n<\/div>\n<\/div>\n<div id=\"iw_comp1584940124818\" class=\"iw_component\">\n<div class=\"component-wrap zero-top zero-btm\">\n<div class=\"component GPC0042 full-size txt-img bg-black\">\n<div class=\"desc font-regular align-left\">*Le produit r\u00e9el peut diff\u00e9rer de celui pr\u00e9sent\u00e9 dans l\u2019image.<\/div>\n<\/div>\n<\/div>\n<\/div>\n<div id=\"iw_comp1664421837217\" class=\"iw_component\">\n<div id=\"pdp_recommend\" class=\"component-wrap\">\n<div class=\"component GPC0003\" data-baa-home-price-sync-url=\"\/africa_fr\/mkt\/ajax\/priceSync\/retrieveBestActionAreaPriceSync\" data-biz-type=\"B2C\" data-is-vip=\"false\" data-component-id=\"1664421837217\">\n<div class=\"title\">\n<h2><\/h2>\n<\/div>\n<\/div>\n<\/div>\n<\/div>\n<\/div>\n<\/div>\n<\/div>\n<\/div>\n","protected":false},"excerpt":{"rendered":"<pre>Type d'\u00e9cran : SMART LED FULL HD \r\nTaille d'\u00e9cran :43 pouces \r\nConnectivit\u00e9 : oui<\/pre>\n","protected":false},"featured_media":11231,"comment_status":"open","ping_status":"closed","template":"","meta":[],"product_brand":[184],"product_cat":[204,314,158],"product_tag":[],"class_list":{"0":"post-10922","1":"product","2":"type-product","3":"status-publish","4":"has-post-thumbnail","6":"product_brand-lg","7":"product_cat-televiseurs","8":"product_cat-tv-led","9":"product_cat-tv-video-et-audio","11":"first","12":"instock","13":"shipping-taxable","14":"purchasable","15":"product-type-simple"},"yoast_head":"<!-- This site is optimized with the Yoast SEO Premium plugin v27.1 (Yoast SEO v27.1) - https:\/\/yoast.com\/product\/yoast-seo-premium-wordpress\/ -->\n<title>TV LG 43P SMART LED FULL HD - PAYLESS MAROC<\/title>\n<meta name=\"robots\" content=\"index, follow, max-snippet:-1, max-image-preview:large, max-video-preview:-1\" \/>\n<link rel=\"canonical\" href=\"https:\/\/pay4less.ma\/?product=tv-lg-43p-smart-led-full-hd\" \/>\n<meta property=\"og:locale\" content=\"fr_FR\" \/>\n<meta property=\"og:type\" content=\"article\" \/>\n<meta property=\"og:title\" content=\"TV LG 43P SMART LED FULL HD\" \/>\n<meta property=\"og:description\" content=\"Type d&#039;\u00e9cran : SMART LED FULL HD  Taille d&#039;\u00e9cran :43 pouces  Connectivit\u00e9 : oui\" \/>\n<meta property=\"og:url\" content=\"https:\/\/pay4less.ma\/?product=tv-lg-43p-smart-led-full-hd\" \/>\n<meta property=\"og:site_name\" content=\"PAYLESS MAROC\" \/>\n<meta property=\"article:publisher\" content=\"https:\/\/www.facebook.com\/paylessmaroc\" \/>\n<meta property=\"article:modified_time\" content=\"2026-01-09T11:17:49+00:00\" \/>\n<meta property=\"og:image\" content=\"https:\/\/pay4less.ma\/wp-content\/uploads\/2025\/12\/43LM6370PVA1.png\" \/>\n\t<meta property=\"og:image:width\" content=\"700\" \/>\n\t<meta property=\"og:image:height\" content=\"800\" \/>\n\t<meta property=\"og:image:type\" content=\"image\/png\" \/>\n<meta name=\"twitter:card\" content=\"summary_large_image\" \/>\n<meta name=\"twitter:label1\" content=\"Dur\u00e9e de lecture estim\u00e9e\" \/>\n\t<meta name=\"twitter:data1\" content=\"2 minutes\" \/>\n<script type=\"application\/ld+json\" class=\"yoast-schema-graph\">{\"@context\":\"https:\/\/schema.org\",\"@graph\":[{\"@type\":\"WebPage\",\"@id\":\"https:\/\/pay4less.ma\/?product=tv-lg-43p-smart-led-full-hd\",\"url\":\"https:\/\/pay4less.ma\/?product=tv-lg-43p-smart-led-full-hd\",\"name\":\"TV LG 43P SMART LED FULL HD - PAYLESS MAROC\",\"isPartOf\":{\"@id\":\"https:\/\/pay4less.ma\/#website\"},\"primaryImageOfPage\":{\"@id\":\"https:\/\/pay4less.ma\/?product=tv-lg-43p-smart-led-full-hd#primaryimage\"},\"image\":{\"@id\":\"https:\/\/pay4less.ma\/?product=tv-lg-43p-smart-led-full-hd#primaryimage\"},\"thumbnailUrl\":\"https:\/\/pay4less.ma\/wp-content\/uploads\/2025\/12\/43LM6370PVA1.png\",\"datePublished\":\"2025-12-26T17:32:10+00:00\",\"dateModified\":\"2026-01-09T11:17:49+00:00\",\"breadcrumb\":{\"@id\":\"https:\/\/pay4less.ma\/?product=tv-lg-43p-smart-led-full-hd#breadcrumb\"},\"inLanguage\":\"fr-FR\",\"potentialAction\":[{\"@type\":\"ReadAction\",\"target\":[\"https:\/\/pay4less.ma\/?product=tv-lg-43p-smart-led-full-hd\"]}]},{\"@type\":\"ImageObject\",\"inLanguage\":\"fr-FR\",\"@id\":\"https:\/\/pay4less.ma\/?product=tv-lg-43p-smart-led-full-hd#primaryimage\",\"url\":\"https:\/\/pay4less.ma\/wp-content\/uploads\/2025\/12\/43LM6370PVA1.png\",\"contentUrl\":\"https:\/\/pay4less.ma\/wp-content\/uploads\/2025\/12\/43LM6370PVA1.png\",\"width\":700,\"height\":800},{\"@type\":\"BreadcrumbList\",\"@id\":\"https:\/\/pay4less.ma\/?product=tv-lg-43p-smart-led-full-hd#breadcrumb\",\"itemListElement\":[{\"@type\":\"ListItem\",\"position\":1,\"name\":\"Accueil\",\"item\":\"https:\/\/pay4less.ma\/\"},{\"@type\":\"ListItem\",\"position\":2,\"name\":\"Shop\",\"item\":\"https:\/\/pay4less.ma\/?page_id=10644\"},{\"@type\":\"ListItem\",\"position\":3,\"name\":\"TV LG 43P SMART LED FULL HD\"}]},{\"@type\":\"WebSite\",\"@id\":\"https:\/\/pay4less.ma\/#website\",\"url\":\"https:\/\/pay4less.ma\/\",\"name\":\"PAYLESS MAROC\",\"description\":\"PAYLESS \u2013 Votre sp\u00e9cialiste en \u00e9lectrom\u00e9nager, TV et PC au Maroc. Qualit\u00e9, prix justes et service de confiance.\",\"publisher\":{\"@id\":\"https:\/\/pay4less.ma\/#organization\"},\"alternateName\":\"PAY4LESS\",\"potentialAction\":[{\"@type\":\"SearchAction\",\"target\":{\"@type\":\"EntryPoint\",\"urlTemplate\":\"https:\/\/pay4less.ma\/?s={search_term_string}\"},\"query-input\":{\"@type\":\"PropertyValueSpecification\",\"valueRequired\":true,\"valueName\":\"search_term_string\"}}],\"inLanguage\":\"fr-FR\"},{\"@type\":\"Organization\",\"@id\":\"https:\/\/pay4less.ma\/#organization\",\"name\":\"PAYLESS MAROC\",\"alternateName\":\"PAY4LESS\",\"url\":\"https:\/\/pay4less.ma\/\",\"logo\":{\"@type\":\"ImageObject\",\"inLanguage\":\"fr-FR\",\"@id\":\"https:\/\/pay4less.ma\/#\/schema\/logo\/image\/\",\"url\":\"https:\/\/pay4less.ma\/wp-content\/uploads\/2025\/12\/350X100-PX.png\",\"contentUrl\":\"https:\/\/pay4less.ma\/wp-content\/uploads\/2025\/12\/350X100-PX.png\",\"width\":350,\"height\":100,\"caption\":\"PAYLESS MAROC\"},\"image\":{\"@id\":\"https:\/\/pay4less.ma\/#\/schema\/logo\/image\/\"},\"sameAs\":[\"https:\/\/www.facebook.com\/paylessmaroc\",\"https:\/\/instagram.com\/paylessmaroc1\"]}]}<\/script>\n<!-- \/ Yoast SEO Premium plugin. -->","yoast_head_json":{"title":"TV LG 43P SMART LED FULL HD - PAYLESS MAROC","robots":{"index":"index","follow":"follow","max-snippet":"max-snippet:-1","max-image-preview":"max-image-preview:large","max-video-preview":"max-video-preview:-1"},"canonical":"https:\/\/pay4less.ma\/?product=tv-lg-43p-smart-led-full-hd","og_locale":"fr_FR","og_type":"article","og_title":"TV LG 43P SMART LED FULL HD","og_description":"Type d'\u00e9cran : SMART LED FULL HD  Taille d'\u00e9cran :43 pouces  Connectivit\u00e9 : oui","og_url":"https:\/\/pay4less.ma\/?product=tv-lg-43p-smart-led-full-hd","og_site_name":"PAYLESS MAROC","article_publisher":"https:\/\/www.facebook.com\/paylessmaroc","article_modified_time":"2026-01-09T11:17:49+00:00","og_image":[{"width":700,"height":800,"url":"https:\/\/pay4less.ma\/wp-content\/uploads\/2025\/12\/43LM6370PVA1.png","type":"image\/png"}],"twitter_card":"summary_large_image","twitter_misc":{"Dur\u00e9e de lecture estim\u00e9e":"2 minutes"},"schema":{"@context":"https:\/\/schema.org","@graph":[{"@type":"WebPage","@id":"https:\/\/pay4less.ma\/?product=tv-lg-43p-smart-led-full-hd","url":"https:\/\/pay4less.ma\/?product=tv-lg-43p-smart-led-full-hd","name":"TV LG 43P SMART LED FULL HD - PAYLESS MAROC","isPartOf":{"@id":"https:\/\/pay4less.ma\/#website"},"primaryImageOfPage":{"@id":"https:\/\/pay4less.ma\/?product=tv-lg-43p-smart-led-full-hd#primaryimage"},"image":{"@id":"https:\/\/pay4less.ma\/?product=tv-lg-43p-smart-led-full-hd#primaryimage"},"thumbnailUrl":"https:\/\/pay4less.ma\/wp-content\/uploads\/2025\/12\/43LM6370PVA1.png","datePublished":"2025-12-26T17:32:10+00:00","dateModified":"2026-01-09T11:17:49+00:00","breadcrumb":{"@id":"https:\/\/pay4less.ma\/?product=tv-lg-43p-smart-led-full-hd#breadcrumb"},"inLanguage":"fr-FR","potentialAction":[{"@type":"ReadAction","target":["https:\/\/pay4less.ma\/?product=tv-lg-43p-smart-led-full-hd"]}]},{"@type":"ImageObject","inLanguage":"fr-FR","@id":"https:\/\/pay4less.ma\/?product=tv-lg-43p-smart-led-full-hd#primaryimage","url":"https:\/\/pay4less.ma\/wp-content\/uploads\/2025\/12\/43LM6370PVA1.png","contentUrl":"https:\/\/pay4less.ma\/wp-content\/uploads\/2025\/12\/43LM6370PVA1.png","width":700,"height":800},{"@type":"BreadcrumbList","@id":"https:\/\/pay4less.ma\/?product=tv-lg-43p-smart-led-full-hd#breadcrumb","itemListElement":[{"@type":"ListItem","position":1,"name":"Accueil","item":"https:\/\/pay4less.ma\/"},{"@type":"ListItem","position":2,"name":"Shop","item":"https:\/\/pay4less.ma\/?page_id=10644"},{"@type":"ListItem","position":3,"name":"TV LG 43P SMART LED FULL HD"}]},{"@type":"WebSite","@id":"https:\/\/pay4less.ma\/#website","url":"https:\/\/pay4less.ma\/","name":"PAYLESS MAROC","description":"PAYLESS \u2013 Votre sp\u00e9cialiste en \u00e9lectrom\u00e9nager, TV et PC au Maroc. Qualit\u00e9, prix justes et service de confiance.","publisher":{"@id":"https:\/\/pay4less.ma\/#organization"},"alternateName":"PAY4LESS","potentialAction":[{"@type":"SearchAction","target":{"@type":"EntryPoint","urlTemplate":"https:\/\/pay4less.ma\/?s={search_term_string}"},"query-input":{"@type":"PropertyValueSpecification","valueRequired":true,"valueName":"search_term_string"}}],"inLanguage":"fr-FR"},{"@type":"Organization","@id":"https:\/\/pay4less.ma\/#organization","name":"PAYLESS MAROC","alternateName":"PAY4LESS","url":"https:\/\/pay4less.ma\/","logo":{"@type":"ImageObject","inLanguage":"fr-FR","@id":"https:\/\/pay4less.ma\/#\/schema\/logo\/image\/","url":"https:\/\/pay4less.ma\/wp-content\/uploads\/2025\/12\/350X100-PX.png","contentUrl":"https:\/\/pay4less.ma\/wp-content\/uploads\/2025\/12\/350X100-PX.png","width":350,"height":100,"caption":"PAYLESS MAROC"},"image":{"@id":"https:\/\/pay4less.ma\/#\/schema\/logo\/image\/"},"sameAs":["https:\/\/www.facebook.com\/paylessmaroc","https:\/\/instagram.com\/paylessmaroc1"]}]}},"jetpack_sharing_enabled":true,"_links":{"self":[{"href":"https:\/\/pay4less.ma\/index.php?rest_route=\/wp\/v2\/product\/10922","targetHints":{"allow":["GET"]}}],"collection":[{"href":"https:\/\/pay4less.ma\/index.php?rest_route=\/wp\/v2\/product"}],"about":[{"href":"https:\/\/pay4less.ma\/index.php?rest_route=\/wp\/v2\/types\/product"}],"replies":[{"embeddable":true,"href":"https:\/\/pay4less.ma\/index.php?rest_route=%2Fwp%2Fv2%2Fcomments&post=10922"}],"version-history":[{"count":2,"href":"https:\/\/pay4less.ma\/index.php?rest_route=\/wp\/v2\/product\/10922\/revisions"}],"predecessor-version":[{"id":10932,"href":"https:\/\/pay4less.ma\/index.php?rest_route=\/wp\/v2\/product\/10922\/revisions\/10932"}],"wp:featuredmedia":[{"embeddable":true,"href":"https:\/\/pay4less.ma\/index.php?rest_route=\/wp\/v2\/media\/11231"}],"wp:attachment":[{"href":"https:\/\/pay4less.ma\/index.php?rest_route=%2Fwp%2Fv2%2Fmedia&parent=10922"}],"wp:term":[{"taxonomy":"product_brand","embeddable":true,"href":"https:\/\/pay4less.ma\/index.php?rest_route=%2Fwp%2Fv2%2Fproduct_brand&post=10922"},{"taxonomy":"product_cat","embeddable":true,"href":"https:\/\/pay4less.ma\/index.php?rest_route=%2Fwp%2Fv2%2Fproduct_cat&post=10922"},{"taxonomy":"product_tag","embeddable":true,"href":"https:\/\/pay4less.ma\/index.php?rest_route=%2Fwp%2Fv2%2Fproduct_tag&post=10922"}],"curies":[{"name":"wp","href":"https:\/\/api.w.org\/{rel}","templated":true}]}}