{"id":10960,"date":"2025-12-28T14:48:16","date_gmt":"2025-12-28T14:48:16","guid":{"rendered":"https:\/\/pay4less.ma\/?post_type=product&#038;p=10960"},"modified":"2026-01-09T09:33:54","modified_gmt":"2026-01-09T09:33:54","slug":"blender-moulinex-500w","status":"publish","type":"product","link":"https:\/\/pay4less.ma\/?product=blender-moulinex-500w","title":{"rendered":"BLENDER MOULINEX 500W"},"content":{"rendered":"<div id=\"description\" class=\"tab-pane fade js-product-tab-active active in\" role=\"tabpanel\" aria-expanded=\"true\">\n<div class=\"product-description\">\n<p>Blender Moulinex offrant un mixage parfait dans un format compact, le blender\u00a0 Moulinex permet de mixer de mani\u00e8re exceptionnelle tous vos smoothies, boissons prot\u00e9in\u00e9es et shakes pr\u00e9f\u00e9r\u00e9s,<\/p>\n<\/div>\n<\/div>\n","protected":false},"excerpt":{"rendered":"<pre>PUISSANCE : 500 W\r\nNATURE DU BOL : PLASTIQUE<\/pre>\n","protected":false},"featured_media":11218,"comment_status":"open","ping_status":"closed","template":"","meta":[],"product_brand":[346],"product_cat":[353,133,144,345],"product_tag":[],"class_list":{"0":"post-10960","1":"product","2":"type-product","3":"status-publish","4":"has-post-thumbnail","6":"product_brand-moulinex","7":"product_cat-blender","8":"product_cat-electromenager","9":"product_cat-petit-electromenager","10":"product_cat-preparation-culinaire","12":"first","13":"instock","14":"shipping-taxable","15":"purchasable","16":"product-type-simple"},"yoast_head":"<!-- This site is optimized with the Yoast SEO Premium plugin v27.1 (Yoast SEO v27.1) - https:\/\/yoast.com\/product\/yoast-seo-premium-wordpress\/ -->\n<title>BLENDER MOULINEX 500W - PAYLESS MAROC<\/title>\n<meta name=\"robots\" content=\"index, follow, max-snippet:-1, max-image-preview:large, max-video-preview:-1\" \/>\n<link rel=\"canonical\" href=\"https:\/\/pay4less.ma\/?product=blender-moulinex-500w\" \/>\n<meta property=\"og:locale\" content=\"fr_FR\" \/>\n<meta property=\"og:type\" content=\"article\" \/>\n<meta property=\"og:title\" content=\"BLENDER MOULINEX 500W\" \/>\n<meta property=\"og:description\" content=\"PUISSANCE : 500 W NATURE DU BOL : PLASTIQUE\" \/>\n<meta property=\"og:url\" content=\"https:\/\/pay4less.ma\/?product=blender-moulinex-500w\" \/>\n<meta property=\"og:site_name\" content=\"PAYLESS MAROC\" \/>\n<meta property=\"article:publisher\" content=\"https:\/\/www.facebook.com\/paylessmaroc\" \/>\n<meta property=\"article:modified_time\" content=\"2026-01-09T09:33:54+00:00\" \/>\n<meta property=\"og:image\" content=\"https:\/\/pay4less.ma\/wp-content\/uploads\/2025\/12\/MOULINEX-500W11.png\" \/>\n\t<meta property=\"og:image:width\" content=\"700\" \/>\n\t<meta property=\"og:image:height\" content=\"800\" \/>\n\t<meta property=\"og:image:type\" content=\"image\/png\" \/>\n<meta name=\"twitter:card\" content=\"summary_large_image\" \/>\n<script type=\"application\/ld+json\" class=\"yoast-schema-graph\">{\"@context\":\"https:\/\/schema.org\",\"@graph\":[{\"@type\":\"WebPage\",\"@id\":\"https:\/\/pay4less.ma\/?product=blender-moulinex-500w\",\"url\":\"https:\/\/pay4less.ma\/?product=blender-moulinex-500w\",\"name\":\"BLENDER MOULINEX 500W - PAYLESS MAROC\",\"isPartOf\":{\"@id\":\"https:\/\/pay4less.ma\/#website\"},\"primaryImageOfPage\":{\"@id\":\"https:\/\/pay4less.ma\/?product=blender-moulinex-500w#primaryimage\"},\"image\":{\"@id\":\"https:\/\/pay4less.ma\/?product=blender-moulinex-500w#primaryimage\"},\"thumbnailUrl\":\"https:\/\/pay4less.ma\/wp-content\/uploads\/2025\/12\/MOULINEX-500W11.png\",\"datePublished\":\"2025-12-28T14:48:16+00:00\",\"dateModified\":\"2026-01-09T09:33:54+00:00\",\"breadcrumb\":{\"@id\":\"https:\/\/pay4less.ma\/?product=blender-moulinex-500w#breadcrumb\"},\"inLanguage\":\"fr-FR\",\"potentialAction\":[{\"@type\":\"ReadAction\",\"target\":[\"https:\/\/pay4less.ma\/?product=blender-moulinex-500w\"]}]},{\"@type\":\"ImageObject\",\"inLanguage\":\"fr-FR\",\"@id\":\"https:\/\/pay4less.ma\/?product=blender-moulinex-500w#primaryimage\",\"url\":\"https:\/\/pay4less.ma\/wp-content\/uploads\/2025\/12\/MOULINEX-500W11.png\",\"contentUrl\":\"https:\/\/pay4less.ma\/wp-content\/uploads\/2025\/12\/MOULINEX-500W11.png\",\"width\":700,\"height\":800},{\"@type\":\"BreadcrumbList\",\"@id\":\"https:\/\/pay4less.ma\/?product=blender-moulinex-500w#breadcrumb\",\"itemListElement\":[{\"@type\":\"ListItem\",\"position\":1,\"name\":\"Accueil\",\"item\":\"https:\/\/pay4less.ma\/\"},{\"@type\":\"ListItem\",\"position\":2,\"name\":\"Shop\",\"item\":\"https:\/\/pay4less.ma\/?page_id=10644\"},{\"@type\":\"ListItem\",\"position\":3,\"name\":\"BLENDER MOULINEX 500W\"}]},{\"@type\":\"WebSite\",\"@id\":\"https:\/\/pay4less.ma\/#website\",\"url\":\"https:\/\/pay4less.ma\/\",\"name\":\"PAYLESS MAROC\",\"description\":\"PAYLESS \u2013 Votre sp\u00e9cialiste en \u00e9lectrom\u00e9nager, TV et PC au Maroc. Qualit\u00e9, prix justes et service de confiance.\",\"publisher\":{\"@id\":\"https:\/\/pay4less.ma\/#organization\"},\"alternateName\":\"PAY4LESS\",\"potentialAction\":[{\"@type\":\"SearchAction\",\"target\":{\"@type\":\"EntryPoint\",\"urlTemplate\":\"https:\/\/pay4less.ma\/?s={search_term_string}\"},\"query-input\":{\"@type\":\"PropertyValueSpecification\",\"valueRequired\":true,\"valueName\":\"search_term_string\"}}],\"inLanguage\":\"fr-FR\"},{\"@type\":\"Organization\",\"@id\":\"https:\/\/pay4less.ma\/#organization\",\"name\":\"PAYLESS MAROC\",\"alternateName\":\"PAY4LESS\",\"url\":\"https:\/\/pay4less.ma\/\",\"logo\":{\"@type\":\"ImageObject\",\"inLanguage\":\"fr-FR\",\"@id\":\"https:\/\/pay4less.ma\/#\/schema\/logo\/image\/\",\"url\":\"https:\/\/pay4less.ma\/wp-content\/uploads\/2025\/12\/350X100-PX.png\",\"contentUrl\":\"https:\/\/pay4less.ma\/wp-content\/uploads\/2025\/12\/350X100-PX.png\",\"width\":350,\"height\":100,\"caption\":\"PAYLESS MAROC\"},\"image\":{\"@id\":\"https:\/\/pay4less.ma\/#\/schema\/logo\/image\/\"},\"sameAs\":[\"https:\/\/www.facebook.com\/paylessmaroc\",\"https:\/\/instagram.com\/paylessmaroc1\"]}]}<\/script>\n<!-- \/ Yoast SEO Premium plugin. -->","yoast_head_json":{"title":"BLENDER MOULINEX 500W - PAYLESS MAROC","robots":{"index":"index","follow":"follow","max-snippet":"max-snippet:-1","max-image-preview":"max-image-preview:large","max-video-preview":"max-video-preview:-1"},"canonical":"https:\/\/pay4less.ma\/?product=blender-moulinex-500w","og_locale":"fr_FR","og_type":"article","og_title":"BLENDER MOULINEX 500W","og_description":"PUISSANCE : 500 W NATURE DU BOL : PLASTIQUE","og_url":"https:\/\/pay4less.ma\/?product=blender-moulinex-500w","og_site_name":"PAYLESS MAROC","article_publisher":"https:\/\/www.facebook.com\/paylessmaroc","article_modified_time":"2026-01-09T09:33:54+00:00","og_image":[{"width":700,"height":800,"url":"https:\/\/pay4less.ma\/wp-content\/uploads\/2025\/12\/MOULINEX-500W11.png","type":"image\/png"}],"twitter_card":"summary_large_image","schema":{"@context":"https:\/\/schema.org","@graph":[{"@type":"WebPage","@id":"https:\/\/pay4less.ma\/?product=blender-moulinex-500w","url":"https:\/\/pay4less.ma\/?product=blender-moulinex-500w","name":"BLENDER MOULINEX 500W - PAYLESS MAROC","isPartOf":{"@id":"https:\/\/pay4less.ma\/#website"},"primaryImageOfPage":{"@id":"https:\/\/pay4less.ma\/?product=blender-moulinex-500w#primaryimage"},"image":{"@id":"https:\/\/pay4less.ma\/?product=blender-moulinex-500w#primaryimage"},"thumbnailUrl":"https:\/\/pay4less.ma\/wp-content\/uploads\/2025\/12\/MOULINEX-500W11.png","datePublished":"2025-12-28T14:48:16+00:00","dateModified":"2026-01-09T09:33:54+00:00","breadcrumb":{"@id":"https:\/\/pay4less.ma\/?product=blender-moulinex-500w#breadcrumb"},"inLanguage":"fr-FR","potentialAction":[{"@type":"ReadAction","target":["https:\/\/pay4less.ma\/?product=blender-moulinex-500w"]}]},{"@type":"ImageObject","inLanguage":"fr-FR","@id":"https:\/\/pay4less.ma\/?product=blender-moulinex-500w#primaryimage","url":"https:\/\/pay4less.ma\/wp-content\/uploads\/2025\/12\/MOULINEX-500W11.png","contentUrl":"https:\/\/pay4less.ma\/wp-content\/uploads\/2025\/12\/MOULINEX-500W11.png","width":700,"height":800},{"@type":"BreadcrumbList","@id":"https:\/\/pay4less.ma\/?product=blender-moulinex-500w#breadcrumb","itemListElement":[{"@type":"ListItem","position":1,"name":"Accueil","item":"https:\/\/pay4less.ma\/"},{"@type":"ListItem","position":2,"name":"Shop","item":"https:\/\/pay4less.ma\/?page_id=10644"},{"@type":"ListItem","position":3,"name":"BLENDER MOULINEX 500W"}]},{"@type":"WebSite","@id":"https:\/\/pay4less.ma\/#website","url":"https:\/\/pay4less.ma\/","name":"PAYLESS MAROC","description":"PAYLESS \u2013 Votre sp\u00e9cialiste en \u00e9lectrom\u00e9nager, TV et PC au Maroc. Qualit\u00e9, prix justes et service de confiance.","publisher":{"@id":"https:\/\/pay4less.ma\/#organization"},"alternateName":"PAY4LESS","potentialAction":[{"@type":"SearchAction","target":{"@type":"EntryPoint","urlTemplate":"https:\/\/pay4less.ma\/?s={search_term_string}"},"query-input":{"@type":"PropertyValueSpecification","valueRequired":true,"valueName":"search_term_string"}}],"inLanguage":"fr-FR"},{"@type":"Organization","@id":"https:\/\/pay4less.ma\/#organization","name":"PAYLESS MAROC","alternateName":"PAY4LESS","url":"https:\/\/pay4less.ma\/","logo":{"@type":"ImageObject","inLanguage":"fr-FR","@id":"https:\/\/pay4less.ma\/#\/schema\/logo\/image\/","url":"https:\/\/pay4less.ma\/wp-content\/uploads\/2025\/12\/350X100-PX.png","contentUrl":"https:\/\/pay4less.ma\/wp-content\/uploads\/2025\/12\/350X100-PX.png","width":350,"height":100,"caption":"PAYLESS MAROC"},"image":{"@id":"https:\/\/pay4less.ma\/#\/schema\/logo\/image\/"},"sameAs":["https:\/\/www.facebook.com\/paylessmaroc","https:\/\/instagram.com\/paylessmaroc1"]}]}},"jetpack_sharing_enabled":true,"_links":{"self":[{"href":"https:\/\/pay4less.ma\/index.php?rest_route=\/wp\/v2\/product\/10960","targetHints":{"allow":["GET"]}}],"collection":[{"href":"https:\/\/pay4less.ma\/index.php?rest_route=\/wp\/v2\/product"}],"about":[{"href":"https:\/\/pay4less.ma\/index.php?rest_route=\/wp\/v2\/types\/product"}],"replies":[{"embeddable":true,"href":"https:\/\/pay4less.ma\/index.php?rest_route=%2Fwp%2Fv2%2Fcomments&post=10960"}],"version-history":[{"count":3,"href":"https:\/\/pay4less.ma\/index.php?rest_route=\/wp\/v2\/product\/10960\/revisions"}],"predecessor-version":[{"id":10968,"href":"https:\/\/pay4less.ma\/index.php?rest_route=\/wp\/v2\/product\/10960\/revisions\/10968"}],"wp:featuredmedia":[{"embeddable":true,"href":"https:\/\/pay4less.ma\/index.php?rest_route=\/wp\/v2\/media\/11218"}],"wp:attachment":[{"href":"https:\/\/pay4less.ma\/index.php?rest_route=%2Fwp%2Fv2%2Fmedia&parent=10960"}],"wp:term":[{"taxonomy":"product_brand","embeddable":true,"href":"https:\/\/pay4less.ma\/index.php?rest_route=%2Fwp%2Fv2%2Fproduct_brand&post=10960"},{"taxonomy":"product_cat","embeddable":true,"href":"https:\/\/pay4less.ma\/index.php?rest_route=%2Fwp%2Fv2%2Fproduct_cat&post=10960"},{"taxonomy":"product_tag","embeddable":true,"href":"https:\/\/pay4less.ma\/index.php?rest_route=%2Fwp%2Fv2%2Fproduct_tag&post=10960"}],"curies":[{"name":"wp","href":"https:\/\/api.w.org\/{rel}","templated":true}]}}