{"id":11168,"date":"2026-01-07T15:20:59","date_gmt":"2026-01-07T15:20:59","guid":{"rendered":"https:\/\/pay4less.ma\/?post_type=product&#038;p=11168"},"modified":"2026-01-09T09:58:56","modified_gmt":"2026-01-09T09:58:56","slug":"lave-vaisselle-samsung-13-cvrt-5p-gris","status":"publish","type":"product","link":"https:\/\/pay4less.ma\/?product=lave-vaisselle-samsung-13-cvrt-5p-gris","title":{"rendered":"LAVE VAISSELLE SAMSUNG 13 CVRT 5P GRIS"},"content":{"rendered":"\t\t<div data-elementor-type=\"wp-post\" data-elementor-id=\"11168\" class=\"elementor elementor-11168\" data-elementor-post-type=\"product\">\n\t\t\t\t<div class=\"wd-negative-gap elementor-element elementor-element-287c3a0 e-flex e-con-boxed e-con e-parent\" data-id=\"287c3a0\" data-element_type=\"container\" data-e-type=\"container\">\n\t\t\t\t\t<div class=\"e-con-inner\">\n\t\t<div class=\"elementor-element elementor-element-b3fabf0 e-con-full e-flex e-con e-child\" data-id=\"b3fabf0\" data-element_type=\"container\" data-e-type=\"container\">\n\t\t\t\t<div class=\"elementor-element elementor-element-93e5db1 wd-width-100 elementor-widget elementor-widget-wd_title\" data-id=\"93e5db1\" data-element_type=\"widget\" data-e-type=\"widget\" data-widget_type=\"wd_title.default\">\n\t\t\t\t<div class=\"elementor-widget-container\">\n\t\t\t\t\t\t\t<div class=\"title-wrapper wd-set-mb reset-last-child wd-title-color-default wd-title-style-default wd-title-size-default text-center\">\n\n\t\t\t\n\t\t\t<div class=\"liner-continer\">\n\t\t\t\t<h4 class=\"woodmart-title-container title wd-fontsize-l\"><\/h4> \n\t\t\t\t\t\t\t<\/div>\n\n\t\t\t\t\t\t\t<div class=\"title-after_title reset-last-child wd-fontsize-xs\">\n\t\t\t\t\t<h2>\ud83e\uddfd <strong>Lave-vaisselle Samsung 13 couverts \u2013 DW60M5050FS<\/strong><\/h2><p>Simplifiez votre quotidien avec le <strong>lave-vaisselle Samsung DW60M5050FS<\/strong>, con\u00e7u pour offrir un nettoyage puissant, silencieux et \u00e9conomique. Gr\u00e2ce \u00e0 sa <strong>capacit\u00e9 de 13 couverts<\/strong>, il est id\u00e9al pour les familles et les usages quotidiens.<\/p><p>Dot\u00e9 d\u2019un <strong>programme Express 60 minutes<\/strong>, il lave et s\u00e8che efficacement votre vaisselle en un temps record. Son <strong>panier sup\u00e9rieur r\u00e9glable en hauteur<\/strong> permet d\u2019accueillir facilement casseroles, plats et grands ustensiles. L\u2019<strong>option Hygi\u00e8ne<\/strong>, avec rin\u00e7age \u00e0 haute temp\u00e9rature, garantit une propret\u00e9 irr\u00e9prochable en \u00e9liminant bact\u00e9ries et r\u00e9sidus.<\/p><p>Silencieux (48 dB) et \u00e9conome gr\u00e2ce \u00e0 sa <strong>classe \u00e9nerg\u00e9tique A+<\/strong>, ce lave-vaisselle Samsung allie performance, confort et \u00e9l\u00e9gance avec sa <strong>finition inox argent\u00e9e<\/strong>. Les fonctions <strong>Demi-charge<\/strong>, <strong>d\u00e9part diff\u00e9r\u00e9<\/strong> et <strong>Aqua Stop<\/strong> assurent une utilisation pratique et s\u00e9curis\u00e9e au quotidien.<\/p>\t\t\t\t<\/div>\n\t\t\t\t\t<\/div>\n\t\t\t\t\t\t<\/div>\n\t\t\t\t<\/div>\n\t\t\t\t<\/div>\n\t\t\t\t\t<\/div>\n\t\t\t\t<\/div>\n\t\t\t\t<\/div>\n\t\t","protected":false},"excerpt":{"rendered":"<div class=\"product-information\">\n<pre id=\"product-description-short-9152\" class=\"product-short-description\">MARQUE : SAMSUNG\r\nNB DE COUVERTS : 13\r\nFINITION : GRIS\r\nNB DE PROGRAMMES : 5<\/pre>\n<\/div>\n","protected":false},"featured_media":11221,"comment_status":"open","ping_status":"closed","template":"","meta":[],"product_brand":[186],"product_cat":[137],"product_tag":[],"class_list":{"0":"post-11168","1":"product","2":"type-product","3":"status-publish","4":"has-post-thumbnail","6":"product_brand-samsung","7":"product_cat-lave-vaisselle","9":"first","10":"instock","11":"sale","12":"shipping-taxable","13":"purchasable","14":"product-type-simple"},"yoast_head":"<!-- This site is optimized with the Yoast SEO Premium plugin v27.1 (Yoast SEO v27.1) - https:\/\/yoast.com\/product\/yoast-seo-premium-wordpress\/ -->\n<title>LAVE VAISSELLE SAMSUNG 13 CVRT 5P GRIS - PAYLESS MAROC<\/title>\n<meta name=\"robots\" content=\"index, follow, max-snippet:-1, max-image-preview:large, max-video-preview:-1\" \/>\n<link rel=\"canonical\" href=\"https:\/\/pay4less.ma\/?product=lave-vaisselle-samsung-13-cvrt-5p-gris\" \/>\n<meta property=\"og:locale\" content=\"fr_FR\" \/>\n<meta property=\"og:type\" content=\"article\" \/>\n<meta property=\"og:title\" content=\"LAVE VAISSELLE SAMSUNG 13 CVRT 5P GRIS\" \/>\n<meta property=\"og:description\" content=\"MARQUE : SAMSUNG NB DE COUVERTS : 13 FINITION : GRIS NB DE PROGRAMMES : 5\" \/>\n<meta property=\"og:url\" content=\"https:\/\/pay4less.ma\/?product=lave-vaisselle-samsung-13-cvrt-5p-gris\" \/>\n<meta property=\"og:site_name\" content=\"PAYLESS MAROC\" \/>\n<meta property=\"article:publisher\" content=\"https:\/\/www.facebook.com\/paylessmaroc\" \/>\n<meta property=\"article:modified_time\" content=\"2026-01-09T09:58:56+00:00\" \/>\n<meta property=\"og:image\" content=\"https:\/\/pay4less.ma\/wp-content\/uploads\/2026\/01\/Lave-vaisselle-13-couverts-Argent-Samsung1.png\" \/>\n\t<meta property=\"og:image:width\" content=\"700\" \/>\n\t<meta property=\"og:image:height\" content=\"800\" \/>\n\t<meta property=\"og:image:type\" content=\"image\/png\" \/>\n<meta name=\"twitter:card\" content=\"summary_large_image\" \/>\n<meta name=\"twitter:label1\" content=\"Dur\u00e9e de lecture estim\u00e9e\" \/>\n\t<meta name=\"twitter:data1\" content=\"1 minute\" \/>\n<script type=\"application\/ld+json\" class=\"yoast-schema-graph\">{\"@context\":\"https:\/\/schema.org\",\"@graph\":[{\"@type\":\"WebPage\",\"@id\":\"https:\/\/pay4less.ma\/?product=lave-vaisselle-samsung-13-cvrt-5p-gris\",\"url\":\"https:\/\/pay4less.ma\/?product=lave-vaisselle-samsung-13-cvrt-5p-gris\",\"name\":\"LAVE VAISSELLE SAMSUNG 13 CVRT 5P GRIS - PAYLESS MAROC\",\"isPartOf\":{\"@id\":\"https:\/\/pay4less.ma\/#website\"},\"primaryImageOfPage\":{\"@id\":\"https:\/\/pay4less.ma\/?product=lave-vaisselle-samsung-13-cvrt-5p-gris#primaryimage\"},\"image\":{\"@id\":\"https:\/\/pay4less.ma\/?product=lave-vaisselle-samsung-13-cvrt-5p-gris#primaryimage\"},\"thumbnailUrl\":\"https:\/\/pay4less.ma\/wp-content\/uploads\/2026\/01\/Lave-vaisselle-13-couverts-Argent-Samsung1.png\",\"datePublished\":\"2026-01-07T15:20:59+00:00\",\"dateModified\":\"2026-01-09T09:58:56+00:00\",\"breadcrumb\":{\"@id\":\"https:\/\/pay4less.ma\/?product=lave-vaisselle-samsung-13-cvrt-5p-gris#breadcrumb\"},\"inLanguage\":\"fr-FR\",\"potentialAction\":[{\"@type\":\"ReadAction\",\"target\":[\"https:\/\/pay4less.ma\/?product=lave-vaisselle-samsung-13-cvrt-5p-gris\"]}]},{\"@type\":\"ImageObject\",\"inLanguage\":\"fr-FR\",\"@id\":\"https:\/\/pay4less.ma\/?product=lave-vaisselle-samsung-13-cvrt-5p-gris#primaryimage\",\"url\":\"https:\/\/pay4less.ma\/wp-content\/uploads\/2026\/01\/Lave-vaisselle-13-couverts-Argent-Samsung1.png\",\"contentUrl\":\"https:\/\/pay4less.ma\/wp-content\/uploads\/2026\/01\/Lave-vaisselle-13-couverts-Argent-Samsung1.png\",\"width\":700,\"height\":800},{\"@type\":\"BreadcrumbList\",\"@id\":\"https:\/\/pay4less.ma\/?product=lave-vaisselle-samsung-13-cvrt-5p-gris#breadcrumb\",\"itemListElement\":[{\"@type\":\"ListItem\",\"position\":1,\"name\":\"Accueil\",\"item\":\"https:\/\/pay4less.ma\/\"},{\"@type\":\"ListItem\",\"position\":2,\"name\":\"Shop\",\"item\":\"https:\/\/pay4less.ma\/?page_id=10644\"},{\"@type\":\"ListItem\",\"position\":3,\"name\":\"LAVE VAISSELLE SAMSUNG 13 CVRT 5P GRIS\"}]},{\"@type\":\"WebSite\",\"@id\":\"https:\/\/pay4less.ma\/#website\",\"url\":\"https:\/\/pay4less.ma\/\",\"name\":\"PAYLESS MAROC\",\"description\":\"PAYLESS \u2013 Votre sp\u00e9cialiste en \u00e9lectrom\u00e9nager, TV et PC au Maroc. Qualit\u00e9, prix justes et service de confiance.\",\"publisher\":{\"@id\":\"https:\/\/pay4less.ma\/#organization\"},\"alternateName\":\"PAY4LESS\",\"potentialAction\":[{\"@type\":\"SearchAction\",\"target\":{\"@type\":\"EntryPoint\",\"urlTemplate\":\"https:\/\/pay4less.ma\/?s={search_term_string}\"},\"query-input\":{\"@type\":\"PropertyValueSpecification\",\"valueRequired\":true,\"valueName\":\"search_term_string\"}}],\"inLanguage\":\"fr-FR\"},{\"@type\":\"Organization\",\"@id\":\"https:\/\/pay4less.ma\/#organization\",\"name\":\"PAYLESS MAROC\",\"alternateName\":\"PAY4LESS\",\"url\":\"https:\/\/pay4less.ma\/\",\"logo\":{\"@type\":\"ImageObject\",\"inLanguage\":\"fr-FR\",\"@id\":\"https:\/\/pay4less.ma\/#\/schema\/logo\/image\/\",\"url\":\"https:\/\/pay4less.ma\/wp-content\/uploads\/2025\/12\/350X100-PX.png\",\"contentUrl\":\"https:\/\/pay4less.ma\/wp-content\/uploads\/2025\/12\/350X100-PX.png\",\"width\":350,\"height\":100,\"caption\":\"PAYLESS MAROC\"},\"image\":{\"@id\":\"https:\/\/pay4less.ma\/#\/schema\/logo\/image\/\"},\"sameAs\":[\"https:\/\/www.facebook.com\/paylessmaroc\",\"https:\/\/instagram.com\/paylessmaroc1\"]}]}<\/script>\n<!-- \/ Yoast SEO Premium plugin. -->","yoast_head_json":{"title":"LAVE VAISSELLE SAMSUNG 13 CVRT 5P GRIS - PAYLESS MAROC","robots":{"index":"index","follow":"follow","max-snippet":"max-snippet:-1","max-image-preview":"max-image-preview:large","max-video-preview":"max-video-preview:-1"},"canonical":"https:\/\/pay4less.ma\/?product=lave-vaisselle-samsung-13-cvrt-5p-gris","og_locale":"fr_FR","og_type":"article","og_title":"LAVE VAISSELLE SAMSUNG 13 CVRT 5P GRIS","og_description":"MARQUE : SAMSUNG NB DE COUVERTS : 13 FINITION : GRIS NB DE PROGRAMMES : 5","og_url":"https:\/\/pay4less.ma\/?product=lave-vaisselle-samsung-13-cvrt-5p-gris","og_site_name":"PAYLESS MAROC","article_publisher":"https:\/\/www.facebook.com\/paylessmaroc","article_modified_time":"2026-01-09T09:58:56+00:00","og_image":[{"width":700,"height":800,"url":"https:\/\/pay4less.ma\/wp-content\/uploads\/2026\/01\/Lave-vaisselle-13-couverts-Argent-Samsung1.png","type":"image\/png"}],"twitter_card":"summary_large_image","twitter_misc":{"Dur\u00e9e de lecture estim\u00e9e":"1 minute"},"schema":{"@context":"https:\/\/schema.org","@graph":[{"@type":"WebPage","@id":"https:\/\/pay4less.ma\/?product=lave-vaisselle-samsung-13-cvrt-5p-gris","url":"https:\/\/pay4less.ma\/?product=lave-vaisselle-samsung-13-cvrt-5p-gris","name":"LAVE VAISSELLE SAMSUNG 13 CVRT 5P GRIS - PAYLESS MAROC","isPartOf":{"@id":"https:\/\/pay4less.ma\/#website"},"primaryImageOfPage":{"@id":"https:\/\/pay4less.ma\/?product=lave-vaisselle-samsung-13-cvrt-5p-gris#primaryimage"},"image":{"@id":"https:\/\/pay4less.ma\/?product=lave-vaisselle-samsung-13-cvrt-5p-gris#primaryimage"},"thumbnailUrl":"https:\/\/pay4less.ma\/wp-content\/uploads\/2026\/01\/Lave-vaisselle-13-couverts-Argent-Samsung1.png","datePublished":"2026-01-07T15:20:59+00:00","dateModified":"2026-01-09T09:58:56+00:00","breadcrumb":{"@id":"https:\/\/pay4less.ma\/?product=lave-vaisselle-samsung-13-cvrt-5p-gris#breadcrumb"},"inLanguage":"fr-FR","potentialAction":[{"@type":"ReadAction","target":["https:\/\/pay4less.ma\/?product=lave-vaisselle-samsung-13-cvrt-5p-gris"]}]},{"@type":"ImageObject","inLanguage":"fr-FR","@id":"https:\/\/pay4less.ma\/?product=lave-vaisselle-samsung-13-cvrt-5p-gris#primaryimage","url":"https:\/\/pay4less.ma\/wp-content\/uploads\/2026\/01\/Lave-vaisselle-13-couverts-Argent-Samsung1.png","contentUrl":"https:\/\/pay4less.ma\/wp-content\/uploads\/2026\/01\/Lave-vaisselle-13-couverts-Argent-Samsung1.png","width":700,"height":800},{"@type":"BreadcrumbList","@id":"https:\/\/pay4less.ma\/?product=lave-vaisselle-samsung-13-cvrt-5p-gris#breadcrumb","itemListElement":[{"@type":"ListItem","position":1,"name":"Accueil","item":"https:\/\/pay4less.ma\/"},{"@type":"ListItem","position":2,"name":"Shop","item":"https:\/\/pay4less.ma\/?page_id=10644"},{"@type":"ListItem","position":3,"name":"LAVE VAISSELLE SAMSUNG 13 CVRT 5P GRIS"}]},{"@type":"WebSite","@id":"https:\/\/pay4less.ma\/#website","url":"https:\/\/pay4less.ma\/","name":"PAYLESS MAROC","description":"PAYLESS \u2013 Votre sp\u00e9cialiste en \u00e9lectrom\u00e9nager, TV et PC au Maroc. Qualit\u00e9, prix justes et service de confiance.","publisher":{"@id":"https:\/\/pay4less.ma\/#organization"},"alternateName":"PAY4LESS","potentialAction":[{"@type":"SearchAction","target":{"@type":"EntryPoint","urlTemplate":"https:\/\/pay4less.ma\/?s={search_term_string}"},"query-input":{"@type":"PropertyValueSpecification","valueRequired":true,"valueName":"search_term_string"}}],"inLanguage":"fr-FR"},{"@type":"Organization","@id":"https:\/\/pay4less.ma\/#organization","name":"PAYLESS MAROC","alternateName":"PAY4LESS","url":"https:\/\/pay4less.ma\/","logo":{"@type":"ImageObject","inLanguage":"fr-FR","@id":"https:\/\/pay4less.ma\/#\/schema\/logo\/image\/","url":"https:\/\/pay4less.ma\/wp-content\/uploads\/2025\/12\/350X100-PX.png","contentUrl":"https:\/\/pay4less.ma\/wp-content\/uploads\/2025\/12\/350X100-PX.png","width":350,"height":100,"caption":"PAYLESS MAROC"},"image":{"@id":"https:\/\/pay4less.ma\/#\/schema\/logo\/image\/"},"sameAs":["https:\/\/www.facebook.com\/paylessmaroc","https:\/\/instagram.com\/paylessmaroc1"]}]}},"jetpack_sharing_enabled":true,"_links":{"self":[{"href":"https:\/\/pay4less.ma\/index.php?rest_route=\/wp\/v2\/product\/11168","targetHints":{"allow":["GET"]}}],"collection":[{"href":"https:\/\/pay4less.ma\/index.php?rest_route=\/wp\/v2\/product"}],"about":[{"href":"https:\/\/pay4less.ma\/index.php?rest_route=\/wp\/v2\/types\/product"}],"replies":[{"embeddable":true,"href":"https:\/\/pay4less.ma\/index.php?rest_route=%2Fwp%2Fv2%2Fcomments&post=11168"}],"version-history":[{"count":5,"href":"https:\/\/pay4less.ma\/index.php?rest_route=\/wp\/v2\/product\/11168\/revisions"}],"predecessor-version":[{"id":11222,"href":"https:\/\/pay4less.ma\/index.php?rest_route=\/wp\/v2\/product\/11168\/revisions\/11222"}],"wp:featuredmedia":[{"embeddable":true,"href":"https:\/\/pay4less.ma\/index.php?rest_route=\/wp\/v2\/media\/11221"}],"wp:attachment":[{"href":"https:\/\/pay4less.ma\/index.php?rest_route=%2Fwp%2Fv2%2Fmedia&parent=11168"}],"wp:term":[{"taxonomy":"product_brand","embeddable":true,"href":"https:\/\/pay4less.ma\/index.php?rest_route=%2Fwp%2Fv2%2Fproduct_brand&post=11168"},{"taxonomy":"product_cat","embeddable":true,"href":"https:\/\/pay4less.ma\/index.php?rest_route=%2Fwp%2Fv2%2Fproduct_cat&post=11168"},{"taxonomy":"product_tag","embeddable":true,"href":"https:\/\/pay4less.ma\/index.php?rest_route=%2Fwp%2Fv2%2Fproduct_tag&post=11168"}],"curies":[{"name":"wp","href":"https:\/\/api.w.org\/{rel}","templated":true}]}}