{"id":11493,"date":"2026-01-26T09:12:36","date_gmt":"2026-01-26T09:12:36","guid":{"rendered":"https:\/\/pay4less.ma\/?post_type=product&#038;p=11493"},"modified":"2026-01-26T18:11:35","modified_gmt":"2026-01-26T18:11:35","slug":"moniteur-ecran-samsung-smart-monitor-m5-32%e2%80%b3-4k-uhd","status":"publish","type":"product","link":"https:\/\/pay4less.ma\/?product=moniteur-ecran-samsung-smart-monitor-m5-32%e2%80%b3-4k-uhd","title":{"rendered":"MONITEUR \u00c9CRAN SAMSUNG SMART MONITOR M5 32\u2033 4K UHD"},"content":{"rendered":"<div class=\"product-description\">\n<h1>Samsung Smart Monitor 32\u201d LS32BM500EMXZN<\/h1>\n<p>Le <strong>Samsung Smart Monitor M5 LS32BM500EMXZN<\/strong> combine parfaitement<br \/>\nles fonctions d\u2019un <strong>\u00e9cran PC haute d\u00e9finition<\/strong> et d\u2019une<br \/>\n<strong>Smart TV<\/strong>. Gr\u00e2ce \u00e0 son grand \u00e9cran de 32 pouces Full HD et au<br \/>\nsyst\u00e8me <strong>Tizen Smart Hub<\/strong>, il vous permet de travailler, regarder<br \/>\nvos contenus pr\u00e9f\u00e9r\u00e9s ou naviguer sur Internet sans avoir besoin d\u2019un PC.<\/p>\n<p>Avec l\u2019acc\u00e8s direct \u00e0 <strong>Netflix, YouTube, Prime Video<\/strong> et bien plus,<br \/>\nainsi que la compatibilit\u00e9 <strong>Wi-Fi &amp; Bluetooth<\/strong>, ce Smart Monitor est<br \/>\nid\u00e9al aussi bien pour le bureau que pour le divertissement \u00e0 la maison.<\/p>\n<h2>\u2705 Points forts<\/h2>\n<ul>\n<li>\u00c9cran 32\u201d Full HD large et confortable<\/li>\n<li>Smart TV int\u00e9gr\u00e9e avec Tizen OS<\/li>\n<li>Applications streaming sans PC<\/li>\n<li>Connectivit\u00e9 compl\u00e8te : HDMI, USB, Wi-Fi, Bluetooth<\/li>\n<li>Design moderne et \u00e9pur\u00e9<\/li>\n<\/ul>\n<\/div>\n","protected":false},"excerpt":{"rendered":"<pre>\u2022 Samsung Smart Monitor M5\r\n\u2022 Mod\u00e8le LS32BM500EMXZN\r\n\u2022 \u00c9cran 32\" Full HD\r\n\u2022 Smart TV int\u00e9gr\u00e9e (Tizen)\r\n\u2022 Netflix &amp; YouTube int\u00e9gr\u00e9s\r\n\u2022 Wi-Fi &amp; Bluetooth\r\n\u2022 HDMI x2 \/ USB x2\r\n\u2022 Haut-parleurs int\u00e9gr\u00e9s<\/pre>\n","protected":false},"featured_media":11495,"comment_status":"open","ping_status":"closed","template":"","meta":[],"product_brand":[186],"product_cat":[331,204,158],"product_tag":[],"class_list":{"0":"post-11493","1":"product","2":"type-product","3":"status-publish","4":"has-post-thumbnail","6":"product_brand-samsung","7":"product_cat-ecran-moniteur","8":"product_cat-televiseurs","9":"product_cat-tv-video-et-audio","11":"first","12":"instock","13":"sale","14":"featured","15":"shipping-taxable","16":"purchasable","17":"product-type-simple"},"yoast_head":"<!-- This site is optimized with the Yoast SEO Premium plugin v27.1 (Yoast SEO v27.1) - https:\/\/yoast.com\/product\/yoast-seo-premium-wordpress\/ -->\n<title>MONITEUR \u00c9CRAN SAMSUNG SMART MONITOR M5 32\u2033 4K UHD - PAYLESS MAROC<\/title>\n<meta name=\"robots\" content=\"index, follow, max-snippet:-1, max-image-preview:large, max-video-preview:-1\" \/>\n<link rel=\"canonical\" href=\"https:\/\/pay4less.ma\/?product=moniteur-ecran-samsung-smart-monitor-m5-32\u2033-4k-uhd\" \/>\n<meta property=\"og:locale\" content=\"fr_FR\" \/>\n<meta property=\"og:type\" content=\"article\" \/>\n<meta property=\"og:title\" content=\"PAYLESS MAROC MONITEUR \u00c9CRAN SAMSUNG SMART MONITOR M5 32\u2033 4K UHD -\" \/>\n<meta property=\"og:description\" content=\"PAYLESS MAROC MONITEUR \u00c9CRAN SAMSUNG SMART MONITOR M5 32\u2033 4K UHD\" \/>\n<meta property=\"og:url\" content=\"https:\/\/pay4less.ma\/?product=moniteur-ecran-samsung-smart-monitor-m5-32\u2033-4k-uhd\" \/>\n<meta property=\"og:site_name\" content=\"PAYLESS MAROC\" \/>\n<meta property=\"article:publisher\" content=\"https:\/\/www.facebook.com\/paylessmaroc\" \/>\n<meta property=\"article:modified_time\" content=\"2026-01-26T18:11:35+00:00\" \/>\n<meta property=\"og:image\" content=\"http:\/\/pay4less.ma\/wp-content\/uploads\/2026\/01\/LS32BM500EMXZN.png\" \/>\n\t<meta property=\"og:image:width\" content=\"700\" \/>\n\t<meta property=\"og:image:height\" content=\"800\" \/>\n\t<meta property=\"og:image:type\" content=\"image\/png\" \/>\n<meta name=\"twitter:card\" content=\"summary_large_image\" \/>\n<meta name=\"twitter:title\" content=\"MONITEUR \u00c9CRAN SAMSUNG SMART MONITOR M5 32\u2033 4K UHD\" \/>\n<meta name=\"twitter:label1\" content=\"Dur\u00e9e de lecture estim\u00e9e\" \/>\n\t<meta name=\"twitter:data1\" content=\"1 minute\" \/>\n<script type=\"application\/ld+json\" class=\"yoast-schema-graph\">{\"@context\":\"https:\/\/schema.org\",\"@graph\":[{\"@type\":\"WebPage\",\"@id\":\"https:\/\/pay4less.ma\/?product=moniteur-ecran-samsung-smart-monitor-m5-32%e2%80%b3-4k-uhd\",\"url\":\"https:\/\/pay4less.ma\/?product=moniteur-ecran-samsung-smart-monitor-m5-32%e2%80%b3-4k-uhd\",\"name\":\"MONITEUR \u00c9CRAN SAMSUNG SMART MONITOR M5 32\u2033 4K UHD - PAYLESS MAROC\",\"isPartOf\":{\"@id\":\"https:\/\/pay4less.ma\/#website\"},\"primaryImageOfPage\":{\"@id\":\"https:\/\/pay4less.ma\/?product=moniteur-ecran-samsung-smart-monitor-m5-32%e2%80%b3-4k-uhd#primaryimage\"},\"image\":{\"@id\":\"https:\/\/pay4less.ma\/?product=moniteur-ecran-samsung-smart-monitor-m5-32%e2%80%b3-4k-uhd#primaryimage\"},\"thumbnailUrl\":\"https:\/\/pay4less.ma\/wp-content\/uploads\/2026\/01\/LS32BM500EMXZN.png\",\"datePublished\":\"2026-01-26T09:12:36+00:00\",\"dateModified\":\"2026-01-26T18:11:35+00:00\",\"breadcrumb\":{\"@id\":\"https:\/\/pay4less.ma\/?product=moniteur-ecran-samsung-smart-monitor-m5-32%e2%80%b3-4k-uhd#breadcrumb\"},\"inLanguage\":\"fr-FR\",\"potentialAction\":[{\"@type\":\"ReadAction\",\"target\":[\"https:\/\/pay4less.ma\/?product=moniteur-ecran-samsung-smart-monitor-m5-32%e2%80%b3-4k-uhd\"]}]},{\"@type\":\"ImageObject\",\"inLanguage\":\"fr-FR\",\"@id\":\"https:\/\/pay4less.ma\/?product=moniteur-ecran-samsung-smart-monitor-m5-32%e2%80%b3-4k-uhd#primaryimage\",\"url\":\"https:\/\/pay4less.ma\/wp-content\/uploads\/2026\/01\/LS32BM500EMXZN.png\",\"contentUrl\":\"https:\/\/pay4less.ma\/wp-content\/uploads\/2026\/01\/LS32BM500EMXZN.png\",\"width\":700,\"height\":800},{\"@type\":\"BreadcrumbList\",\"@id\":\"https:\/\/pay4less.ma\/?product=moniteur-ecran-samsung-smart-monitor-m5-32%e2%80%b3-4k-uhd#breadcrumb\",\"itemListElement\":[{\"@type\":\"ListItem\",\"position\":1,\"name\":\"Accueil\",\"item\":\"https:\/\/pay4less.ma\/\"},{\"@type\":\"ListItem\",\"position\":2,\"name\":\"Shop\",\"item\":\"https:\/\/pay4less.ma\/?page_id=10644\"},{\"@type\":\"ListItem\",\"position\":3,\"name\":\"MONITEUR \u00c9CRAN SAMSUNG SMART MONITOR M5 32\u2033 4K UHD\"}]},{\"@type\":\"WebSite\",\"@id\":\"https:\/\/pay4less.ma\/#website\",\"url\":\"https:\/\/pay4less.ma\/\",\"name\":\"PAYLESS MAROC\",\"description\":\"PAYLESS \u2013 Votre sp\u00e9cialiste en \u00e9lectrom\u00e9nager, TV et PC au Maroc. Qualit\u00e9, prix justes et service de confiance.\",\"publisher\":{\"@id\":\"https:\/\/pay4less.ma\/#organization\"},\"alternateName\":\"PAY4LESS\",\"potentialAction\":[{\"@type\":\"SearchAction\",\"target\":{\"@type\":\"EntryPoint\",\"urlTemplate\":\"https:\/\/pay4less.ma\/?s={search_term_string}\"},\"query-input\":{\"@type\":\"PropertyValueSpecification\",\"valueRequired\":true,\"valueName\":\"search_term_string\"}}],\"inLanguage\":\"fr-FR\"},{\"@type\":\"Organization\",\"@id\":\"https:\/\/pay4less.ma\/#organization\",\"name\":\"PAYLESS MAROC\",\"alternateName\":\"PAY4LESS\",\"url\":\"https:\/\/pay4less.ma\/\",\"logo\":{\"@type\":\"ImageObject\",\"inLanguage\":\"fr-FR\",\"@id\":\"https:\/\/pay4less.ma\/#\/schema\/logo\/image\/\",\"url\":\"https:\/\/pay4less.ma\/wp-content\/uploads\/2025\/12\/350X100-PX.png\",\"contentUrl\":\"https:\/\/pay4less.ma\/wp-content\/uploads\/2025\/12\/350X100-PX.png\",\"width\":350,\"height\":100,\"caption\":\"PAYLESS MAROC\"},\"image\":{\"@id\":\"https:\/\/pay4less.ma\/#\/schema\/logo\/image\/\"},\"sameAs\":[\"https:\/\/www.facebook.com\/paylessmaroc\",\"https:\/\/instagram.com\/paylessmaroc1\"]}]}<\/script>\n<!-- \/ Yoast SEO Premium plugin. -->","yoast_head_json":{"title":"MONITEUR \u00c9CRAN SAMSUNG SMART MONITOR M5 32\u2033 4K UHD - PAYLESS MAROC","robots":{"index":"index","follow":"follow","max-snippet":"max-snippet:-1","max-image-preview":"max-image-preview:large","max-video-preview":"max-video-preview:-1"},"canonical":"https:\/\/pay4less.ma\/?product=moniteur-ecran-samsung-smart-monitor-m5-32\u2033-4k-uhd","og_locale":"fr_FR","og_type":"article","og_title":"PAYLESS MAROC MONITEUR \u00c9CRAN SAMSUNG SMART MONITOR M5 32\u2033 4K UHD -","og_description":"PAYLESS MAROC MONITEUR \u00c9CRAN SAMSUNG SMART MONITOR M5 32\u2033 4K UHD","og_url":"https:\/\/pay4less.ma\/?product=moniteur-ecran-samsung-smart-monitor-m5-32\u2033-4k-uhd","og_site_name":"PAYLESS MAROC","article_publisher":"https:\/\/www.facebook.com\/paylessmaroc","article_modified_time":"2026-01-26T18:11:35+00:00","og_image":[{"width":700,"height":800,"url":"http:\/\/pay4less.ma\/wp-content\/uploads\/2026\/01\/LS32BM500EMXZN.png","type":"image\/png"}],"twitter_card":"summary_large_image","twitter_title":"MONITEUR \u00c9CRAN SAMSUNG SMART MONITOR M5 32\u2033 4K UHD","twitter_misc":{"Dur\u00e9e de lecture estim\u00e9e":"1 minute"},"schema":{"@context":"https:\/\/schema.org","@graph":[{"@type":"WebPage","@id":"https:\/\/pay4less.ma\/?product=moniteur-ecran-samsung-smart-monitor-m5-32%e2%80%b3-4k-uhd","url":"https:\/\/pay4less.ma\/?product=moniteur-ecran-samsung-smart-monitor-m5-32%e2%80%b3-4k-uhd","name":"MONITEUR \u00c9CRAN SAMSUNG SMART MONITOR M5 32\u2033 4K UHD - PAYLESS MAROC","isPartOf":{"@id":"https:\/\/pay4less.ma\/#website"},"primaryImageOfPage":{"@id":"https:\/\/pay4less.ma\/?product=moniteur-ecran-samsung-smart-monitor-m5-32%e2%80%b3-4k-uhd#primaryimage"},"image":{"@id":"https:\/\/pay4less.ma\/?product=moniteur-ecran-samsung-smart-monitor-m5-32%e2%80%b3-4k-uhd#primaryimage"},"thumbnailUrl":"https:\/\/pay4less.ma\/wp-content\/uploads\/2026\/01\/LS32BM500EMXZN.png","datePublished":"2026-01-26T09:12:36+00:00","dateModified":"2026-01-26T18:11:35+00:00","breadcrumb":{"@id":"https:\/\/pay4less.ma\/?product=moniteur-ecran-samsung-smart-monitor-m5-32%e2%80%b3-4k-uhd#breadcrumb"},"inLanguage":"fr-FR","potentialAction":[{"@type":"ReadAction","target":["https:\/\/pay4less.ma\/?product=moniteur-ecran-samsung-smart-monitor-m5-32%e2%80%b3-4k-uhd"]}]},{"@type":"ImageObject","inLanguage":"fr-FR","@id":"https:\/\/pay4less.ma\/?product=moniteur-ecran-samsung-smart-monitor-m5-32%e2%80%b3-4k-uhd#primaryimage","url":"https:\/\/pay4less.ma\/wp-content\/uploads\/2026\/01\/LS32BM500EMXZN.png","contentUrl":"https:\/\/pay4less.ma\/wp-content\/uploads\/2026\/01\/LS32BM500EMXZN.png","width":700,"height":800},{"@type":"BreadcrumbList","@id":"https:\/\/pay4less.ma\/?product=moniteur-ecran-samsung-smart-monitor-m5-32%e2%80%b3-4k-uhd#breadcrumb","itemListElement":[{"@type":"ListItem","position":1,"name":"Accueil","item":"https:\/\/pay4less.ma\/"},{"@type":"ListItem","position":2,"name":"Shop","item":"https:\/\/pay4less.ma\/?page_id=10644"},{"@type":"ListItem","position":3,"name":"MONITEUR \u00c9CRAN SAMSUNG SMART MONITOR M5 32\u2033 4K UHD"}]},{"@type":"WebSite","@id":"https:\/\/pay4less.ma\/#website","url":"https:\/\/pay4less.ma\/","name":"PAYLESS MAROC","description":"PAYLESS \u2013 Votre sp\u00e9cialiste en \u00e9lectrom\u00e9nager, TV et PC au Maroc. Qualit\u00e9, prix justes et service de confiance.","publisher":{"@id":"https:\/\/pay4less.ma\/#organization"},"alternateName":"PAY4LESS","potentialAction":[{"@type":"SearchAction","target":{"@type":"EntryPoint","urlTemplate":"https:\/\/pay4less.ma\/?s={search_term_string}"},"query-input":{"@type":"PropertyValueSpecification","valueRequired":true,"valueName":"search_term_string"}}],"inLanguage":"fr-FR"},{"@type":"Organization","@id":"https:\/\/pay4less.ma\/#organization","name":"PAYLESS MAROC","alternateName":"PAY4LESS","url":"https:\/\/pay4less.ma\/","logo":{"@type":"ImageObject","inLanguage":"fr-FR","@id":"https:\/\/pay4less.ma\/#\/schema\/logo\/image\/","url":"https:\/\/pay4less.ma\/wp-content\/uploads\/2025\/12\/350X100-PX.png","contentUrl":"https:\/\/pay4less.ma\/wp-content\/uploads\/2025\/12\/350X100-PX.png","width":350,"height":100,"caption":"PAYLESS MAROC"},"image":{"@id":"https:\/\/pay4less.ma\/#\/schema\/logo\/image\/"},"sameAs":["https:\/\/www.facebook.com\/paylessmaroc","https:\/\/instagram.com\/paylessmaroc1"]}]}},"jetpack_sharing_enabled":true,"_links":{"self":[{"href":"https:\/\/pay4less.ma\/index.php?rest_route=\/wp\/v2\/product\/11493","targetHints":{"allow":["GET"]}}],"collection":[{"href":"https:\/\/pay4less.ma\/index.php?rest_route=\/wp\/v2\/product"}],"about":[{"href":"https:\/\/pay4less.ma\/index.php?rest_route=\/wp\/v2\/types\/product"}],"replies":[{"embeddable":true,"href":"https:\/\/pay4less.ma\/index.php?rest_route=%2Fwp%2Fv2%2Fcomments&post=11493"}],"version-history":[{"count":1,"href":"https:\/\/pay4less.ma\/index.php?rest_route=\/wp\/v2\/product\/11493\/revisions"}],"predecessor-version":[{"id":11494,"href":"https:\/\/pay4less.ma\/index.php?rest_route=\/wp\/v2\/product\/11493\/revisions\/11494"}],"wp:featuredmedia":[{"embeddable":true,"href":"https:\/\/pay4less.ma\/index.php?rest_route=\/wp\/v2\/media\/11495"}],"wp:attachment":[{"href":"https:\/\/pay4less.ma\/index.php?rest_route=%2Fwp%2Fv2%2Fmedia&parent=11493"}],"wp:term":[{"taxonomy":"product_brand","embeddable":true,"href":"https:\/\/pay4less.ma\/index.php?rest_route=%2Fwp%2Fv2%2Fproduct_brand&post=11493"},{"taxonomy":"product_cat","embeddable":true,"href":"https:\/\/pay4less.ma\/index.php?rest_route=%2Fwp%2Fv2%2Fproduct_cat&post=11493"},{"taxonomy":"product_tag","embeddable":true,"href":"https:\/\/pay4less.ma\/index.php?rest_route=%2Fwp%2Fv2%2Fproduct_tag&post=11493"}],"curies":[{"name":"wp","href":"https:\/\/api.w.org\/{rel}","templated":true}]}}