{"id":11520,"date":"2026-01-28T14:44:22","date_gmt":"2026-01-28T14:44:22","guid":{"rendered":"https:\/\/pay4less.ma\/?post_type=product&#038;p=11520"},"modified":"2026-01-28T14:44:23","modified_gmt":"2026-01-28T14:44:23","slug":"barre-de-son-samsung-q-series-hw-q930f-9-1-4-ch-avec-caisson-de-basses-et-haut-parleur-arriere","status":"publish","type":"product","link":"https:\/\/pay4less.ma\/?product=barre-de-son-samsung-q-series-hw-q930f-9-1-4-ch-avec-caisson-de-basses-et-haut-parleur-arriere","title":{"rendered":"BARRE DE SON SAMSUNG Q-SERIES HW-Q930F 9.1.4 CH AVEC CAISSON DE BASSES ET HAUT-PARLEUR ARRI\u00c8RE"},"content":{"rendered":"<div class=\"product-description\">\n<h1>Barre de son Samsung HW-Q930F \u2013 Dolby Atmos 9.1.4 ch \u2013 Noir Titane<\/h1>\n<p>La <strong>barre de son Samsung HW-Q930F\/MV<\/strong> offre une exp\u00e9rience audio immersive<br \/>\ndigne d\u2019une salle de cin\u00e9ma \u00e0 domicile gr\u00e2ce \u00e0 son syst\u00e8me <strong>9.1.4 canaux<\/strong> qui int\u00e8gre<br \/>\nune barre principale, un caisson de basses sans fil et des haut-parleurs arri\u00e8re sans fil pour un son<br \/>\nsurround complet. Elle est id\u00e9ale pour films, s\u00e9ries, musique et jeux vid\u00e9o.<\/p>\n<p>\u00c9quip\u00e9e de technologies avanc\u00e9es comme <strong>Dolby Atmos<\/strong> sans fil, <strong>Q-Symphony<\/strong>,<br \/>\n<strong>SpaceFit Sound Pro<\/strong> et <strong>Active Voice Amplifier Pro<\/strong>, cette barre de son analyse<br \/>\nla pi\u00e8ce et ajuste automatiquement l\u2019audio pour une immersion maximale.<\/p>\n<p>Compatible avec les derni\u00e8res TV Samsung (2022-2025), elle prend \u00e9galement en charge la connectivit\u00e9 Wi-Fi,<br \/>\nBluetooth 5.3, <strong>HDMI eARC<\/strong>, Chromecast, Spotify Connect et AirPlay pour une lecture simple<br \/>\nde vos contenus audio pr\u00e9f\u00e9r\u00e9s.<\/p>\n<\/div>\n","protected":false},"excerpt":{"rendered":"<pre>\u2022 Barre de son Samsung HW-Q930F\/MV \r\n\u2022 Configuration audio : 9.1.4 canaux \r\n\u2022 Dolby Atmos sans fil \r\n\u2022 SpaceFit Sound Pro &amp; Active Voice Amplifier Pro \r\n\u2022 Q-Symphony \u2013 avec TV Samsung compatibles \r\n\u2022 HDMI eARC, Wi-Fi, Bluetooth 5.3 \r\n\u2022 AirPlay, Chromecast, Spotify Connect \r\n\u2022 Caisson de basses + enceintes arri\u00e8re inclus<\/pre>\n","protected":false},"featured_media":11521,"comment_status":"open","ping_status":"closed","template":"","meta":[],"product_brand":[186],"product_cat":[333,205,158],"product_tag":[],"class_list":{"0":"post-11520","1":"product","2":"type-product","3":"status-publish","4":"has-post-thumbnail","6":"product_brand-samsung","7":"product_cat-barre-de-son","8":"product_cat-hi-fi","9":"product_cat-tv-video-et-audio","11":"first","12":"instock","13":"shipping-taxable","14":"purchasable","15":"product-type-simple"},"yoast_head":"<!-- This site is optimized with the Yoast SEO Premium plugin v27.1 (Yoast SEO v27.1) - https:\/\/yoast.com\/product\/yoast-seo-premium-wordpress\/ -->\n<title>BARRE DE SON SAMSUNG Q-SERIES HW-Q930F 9.1.4 CH AVEC CAISSON DE BASSES ET HAUT-PARLEUR ARRI\u00c8RE - PAYLESS MAROC<\/title>\n<meta name=\"description\" content=\"PAYLESS MAROC BARRE DE SON SAMSUNG Q-SERIES HW-Q930F 9.1.4 CH AVEC CAISSON DE BASSES ET HAUT-PARLEUR ARRI\u00c8RE -\" \/>\n<meta name=\"robots\" content=\"index, follow, max-snippet:-1, max-image-preview:large, max-video-preview:-1\" \/>\n<link rel=\"canonical\" href=\"https:\/\/pay4less.ma\/?product=barre-de-son-samsung-q-series-hw-q930f-9-1-4-ch-avec-caisson-de-basses-et-haut-parleur-arriere\" \/>\n<meta property=\"og:locale\" content=\"fr_FR\" \/>\n<meta property=\"og:type\" content=\"article\" \/>\n<meta property=\"og:title\" content=\"PAYLESS MAROC BARRE DE SON SAMSUNG Q-SERIES HW-Q930F 9.1.4 CH AVEC CAISSON DE BASSES ET HAUT-PARLEUR ARRI\u00c8RE -\" \/>\n<meta property=\"og:description\" content=\"PAYLESS MAROC BARRE DE SON SAMSUNG Q-SERIES HW-Q930F 9.1.4 CH AVEC CAISSON DE BASSES ET HAUT-PARLEUR ARRI\u00c8RE -\" \/>\n<meta property=\"og:url\" content=\"https:\/\/pay4less.ma\/?product=barre-de-son-samsung-q-series-hw-q930f-9-1-4-ch-avec-caisson-de-basses-et-haut-parleur-arriere\" \/>\n<meta property=\"og:site_name\" content=\"PAYLESS MAROC\" \/>\n<meta property=\"article:publisher\" content=\"https:\/\/www.facebook.com\/paylessmaroc\" \/>\n<meta property=\"article:modified_time\" content=\"2026-01-28T14:44:23+00:00\" \/>\n<meta property=\"og:image\" content=\"http:\/\/pay4less.ma\/wp-content\/uploads\/2026\/01\/HW-Q930F.png\" \/>\n\t<meta property=\"og:image:width\" content=\"700\" \/>\n\t<meta property=\"og:image:height\" content=\"800\" \/>\n\t<meta property=\"og:image:type\" content=\"image\/png\" \/>\n<meta name=\"twitter:card\" content=\"summary_large_image\" \/>\n<meta name=\"twitter:title\" content=\"BARRE DE SON SAMSUNG Q-SERIES HW-Q930F 9.1.4 CH AVEC CAISSON DE BASSES ET HAUT-PARLEUR ARRI\u00c8RE\" \/>\n<meta name=\"twitter:label1\" content=\"Dur\u00e9e de lecture estim\u00e9e\" \/>\n\t<meta name=\"twitter:data1\" content=\"1 minute\" \/>\n<script type=\"application\/ld+json\" class=\"yoast-schema-graph\">{\"@context\":\"https:\/\/schema.org\",\"@graph\":[{\"@type\":\"WebPage\",\"@id\":\"https:\/\/pay4less.ma\/?product=barre-de-son-samsung-q-series-hw-q930f-9-1-4-ch-avec-caisson-de-basses-et-haut-parleur-arriere\",\"url\":\"https:\/\/pay4less.ma\/?product=barre-de-son-samsung-q-series-hw-q930f-9-1-4-ch-avec-caisson-de-basses-et-haut-parleur-arriere\",\"name\":\"BARRE DE SON SAMSUNG Q-SERIES HW-Q930F 9.1.4 CH AVEC CAISSON DE BASSES ET HAUT-PARLEUR ARRI\u00c8RE - PAYLESS MAROC\",\"isPartOf\":{\"@id\":\"https:\/\/pay4less.ma\/#website\"},\"primaryImageOfPage\":{\"@id\":\"https:\/\/pay4less.ma\/?product=barre-de-son-samsung-q-series-hw-q930f-9-1-4-ch-avec-caisson-de-basses-et-haut-parleur-arriere#primaryimage\"},\"image\":{\"@id\":\"https:\/\/pay4less.ma\/?product=barre-de-son-samsung-q-series-hw-q930f-9-1-4-ch-avec-caisson-de-basses-et-haut-parleur-arriere#primaryimage\"},\"thumbnailUrl\":\"https:\/\/pay4less.ma\/wp-content\/uploads\/2026\/01\/HW-Q930F.png\",\"datePublished\":\"2026-01-28T14:44:22+00:00\",\"dateModified\":\"2026-01-28T14:44:23+00:00\",\"description\":\"PAYLESS MAROC BARRE DE SON SAMSUNG Q-SERIES HW-Q930F 9.1.4 CH AVEC CAISSON DE BASSES ET HAUT-PARLEUR ARRI\u00c8RE -\",\"breadcrumb\":{\"@id\":\"https:\/\/pay4less.ma\/?product=barre-de-son-samsung-q-series-hw-q930f-9-1-4-ch-avec-caisson-de-basses-et-haut-parleur-arriere#breadcrumb\"},\"inLanguage\":\"fr-FR\",\"potentialAction\":[{\"@type\":\"ReadAction\",\"target\":[\"https:\/\/pay4less.ma\/?product=barre-de-son-samsung-q-series-hw-q930f-9-1-4-ch-avec-caisson-de-basses-et-haut-parleur-arriere\"]}]},{\"@type\":\"ImageObject\",\"inLanguage\":\"fr-FR\",\"@id\":\"https:\/\/pay4less.ma\/?product=barre-de-son-samsung-q-series-hw-q930f-9-1-4-ch-avec-caisson-de-basses-et-haut-parleur-arriere#primaryimage\",\"url\":\"https:\/\/pay4less.ma\/wp-content\/uploads\/2026\/01\/HW-Q930F.png\",\"contentUrl\":\"https:\/\/pay4less.ma\/wp-content\/uploads\/2026\/01\/HW-Q930F.png\",\"width\":700,\"height\":800},{\"@type\":\"BreadcrumbList\",\"@id\":\"https:\/\/pay4less.ma\/?product=barre-de-son-samsung-q-series-hw-q930f-9-1-4-ch-avec-caisson-de-basses-et-haut-parleur-arriere#breadcrumb\",\"itemListElement\":[{\"@type\":\"ListItem\",\"position\":1,\"name\":\"Accueil\",\"item\":\"https:\/\/pay4less.ma\/\"},{\"@type\":\"ListItem\",\"position\":2,\"name\":\"Shop\",\"item\":\"https:\/\/pay4less.ma\/?page_id=10644\"},{\"@type\":\"ListItem\",\"position\":3,\"name\":\"BARRE DE SON SAMSUNG Q-SERIES HW-Q930F 9.1.4 CH AVEC CAISSON DE BASSES ET HAUT-PARLEUR ARRI\u00c8RE\"}]},{\"@type\":\"WebSite\",\"@id\":\"https:\/\/pay4less.ma\/#website\",\"url\":\"https:\/\/pay4less.ma\/\",\"name\":\"PAYLESS MAROC\",\"description\":\"PAYLESS \u2013 Votre sp\u00e9cialiste en \u00e9lectrom\u00e9nager, TV et PC au Maroc. Qualit\u00e9, prix justes et service de confiance.\",\"publisher\":{\"@id\":\"https:\/\/pay4less.ma\/#organization\"},\"alternateName\":\"PAY4LESS\",\"potentialAction\":[{\"@type\":\"SearchAction\",\"target\":{\"@type\":\"EntryPoint\",\"urlTemplate\":\"https:\/\/pay4less.ma\/?s={search_term_string}\"},\"query-input\":{\"@type\":\"PropertyValueSpecification\",\"valueRequired\":true,\"valueName\":\"search_term_string\"}}],\"inLanguage\":\"fr-FR\"},{\"@type\":\"Organization\",\"@id\":\"https:\/\/pay4less.ma\/#organization\",\"name\":\"PAYLESS MAROC\",\"alternateName\":\"PAY4LESS\",\"url\":\"https:\/\/pay4less.ma\/\",\"logo\":{\"@type\":\"ImageObject\",\"inLanguage\":\"fr-FR\",\"@id\":\"https:\/\/pay4less.ma\/#\/schema\/logo\/image\/\",\"url\":\"https:\/\/pay4less.ma\/wp-content\/uploads\/2025\/12\/350X100-PX.png\",\"contentUrl\":\"https:\/\/pay4less.ma\/wp-content\/uploads\/2025\/12\/350X100-PX.png\",\"width\":350,\"height\":100,\"caption\":\"PAYLESS MAROC\"},\"image\":{\"@id\":\"https:\/\/pay4less.ma\/#\/schema\/logo\/image\/\"},\"sameAs\":[\"https:\/\/www.facebook.com\/paylessmaroc\",\"https:\/\/instagram.com\/paylessmaroc1\"]}]}<\/script>\n<!-- \/ Yoast SEO Premium plugin. -->","yoast_head_json":{"title":"BARRE DE SON SAMSUNG Q-SERIES HW-Q930F 9.1.4 CH AVEC CAISSON DE BASSES ET HAUT-PARLEUR ARRI\u00c8RE - PAYLESS MAROC","description":"PAYLESS MAROC BARRE DE SON SAMSUNG Q-SERIES HW-Q930F 9.1.4 CH AVEC CAISSON DE BASSES ET HAUT-PARLEUR ARRI\u00c8RE -","robots":{"index":"index","follow":"follow","max-snippet":"max-snippet:-1","max-image-preview":"max-image-preview:large","max-video-preview":"max-video-preview:-1"},"canonical":"https:\/\/pay4less.ma\/?product=barre-de-son-samsung-q-series-hw-q930f-9-1-4-ch-avec-caisson-de-basses-et-haut-parleur-arriere","og_locale":"fr_FR","og_type":"article","og_title":"PAYLESS MAROC BARRE DE SON SAMSUNG Q-SERIES HW-Q930F 9.1.4 CH AVEC CAISSON DE BASSES ET HAUT-PARLEUR ARRI\u00c8RE -","og_description":"PAYLESS MAROC BARRE DE SON SAMSUNG Q-SERIES HW-Q930F 9.1.4 CH AVEC CAISSON DE BASSES ET HAUT-PARLEUR ARRI\u00c8RE -","og_url":"https:\/\/pay4less.ma\/?product=barre-de-son-samsung-q-series-hw-q930f-9-1-4-ch-avec-caisson-de-basses-et-haut-parleur-arriere","og_site_name":"PAYLESS MAROC","article_publisher":"https:\/\/www.facebook.com\/paylessmaroc","article_modified_time":"2026-01-28T14:44:23+00:00","og_image":[{"width":700,"height":800,"url":"http:\/\/pay4less.ma\/wp-content\/uploads\/2026\/01\/HW-Q930F.png","type":"image\/png"}],"twitter_card":"summary_large_image","twitter_title":"BARRE DE SON SAMSUNG Q-SERIES HW-Q930F 9.1.4 CH AVEC CAISSON DE BASSES ET HAUT-PARLEUR ARRI\u00c8RE","twitter_misc":{"Dur\u00e9e de lecture estim\u00e9e":"1 minute"},"schema":{"@context":"https:\/\/schema.org","@graph":[{"@type":"WebPage","@id":"https:\/\/pay4less.ma\/?product=barre-de-son-samsung-q-series-hw-q930f-9-1-4-ch-avec-caisson-de-basses-et-haut-parleur-arriere","url":"https:\/\/pay4less.ma\/?product=barre-de-son-samsung-q-series-hw-q930f-9-1-4-ch-avec-caisson-de-basses-et-haut-parleur-arriere","name":"BARRE DE SON SAMSUNG Q-SERIES HW-Q930F 9.1.4 CH AVEC CAISSON DE BASSES ET HAUT-PARLEUR ARRI\u00c8RE - PAYLESS MAROC","isPartOf":{"@id":"https:\/\/pay4less.ma\/#website"},"primaryImageOfPage":{"@id":"https:\/\/pay4less.ma\/?product=barre-de-son-samsung-q-series-hw-q930f-9-1-4-ch-avec-caisson-de-basses-et-haut-parleur-arriere#primaryimage"},"image":{"@id":"https:\/\/pay4less.ma\/?product=barre-de-son-samsung-q-series-hw-q930f-9-1-4-ch-avec-caisson-de-basses-et-haut-parleur-arriere#primaryimage"},"thumbnailUrl":"https:\/\/pay4less.ma\/wp-content\/uploads\/2026\/01\/HW-Q930F.png","datePublished":"2026-01-28T14:44:22+00:00","dateModified":"2026-01-28T14:44:23+00:00","description":"PAYLESS MAROC BARRE DE SON SAMSUNG Q-SERIES HW-Q930F 9.1.4 CH AVEC CAISSON DE BASSES ET HAUT-PARLEUR ARRI\u00c8RE -","breadcrumb":{"@id":"https:\/\/pay4less.ma\/?product=barre-de-son-samsung-q-series-hw-q930f-9-1-4-ch-avec-caisson-de-basses-et-haut-parleur-arriere#breadcrumb"},"inLanguage":"fr-FR","potentialAction":[{"@type":"ReadAction","target":["https:\/\/pay4less.ma\/?product=barre-de-son-samsung-q-series-hw-q930f-9-1-4-ch-avec-caisson-de-basses-et-haut-parleur-arriere"]}]},{"@type":"ImageObject","inLanguage":"fr-FR","@id":"https:\/\/pay4less.ma\/?product=barre-de-son-samsung-q-series-hw-q930f-9-1-4-ch-avec-caisson-de-basses-et-haut-parleur-arriere#primaryimage","url":"https:\/\/pay4less.ma\/wp-content\/uploads\/2026\/01\/HW-Q930F.png","contentUrl":"https:\/\/pay4less.ma\/wp-content\/uploads\/2026\/01\/HW-Q930F.png","width":700,"height":800},{"@type":"BreadcrumbList","@id":"https:\/\/pay4less.ma\/?product=barre-de-son-samsung-q-series-hw-q930f-9-1-4-ch-avec-caisson-de-basses-et-haut-parleur-arriere#breadcrumb","itemListElement":[{"@type":"ListItem","position":1,"name":"Accueil","item":"https:\/\/pay4less.ma\/"},{"@type":"ListItem","position":2,"name":"Shop","item":"https:\/\/pay4less.ma\/?page_id=10644"},{"@type":"ListItem","position":3,"name":"BARRE DE SON SAMSUNG Q-SERIES HW-Q930F 9.1.4 CH AVEC CAISSON DE BASSES ET HAUT-PARLEUR ARRI\u00c8RE"}]},{"@type":"WebSite","@id":"https:\/\/pay4less.ma\/#website","url":"https:\/\/pay4less.ma\/","name":"PAYLESS MAROC","description":"PAYLESS \u2013 Votre sp\u00e9cialiste en \u00e9lectrom\u00e9nager, TV et PC au Maroc. Qualit\u00e9, prix justes et service de confiance.","publisher":{"@id":"https:\/\/pay4less.ma\/#organization"},"alternateName":"PAY4LESS","potentialAction":[{"@type":"SearchAction","target":{"@type":"EntryPoint","urlTemplate":"https:\/\/pay4less.ma\/?s={search_term_string}"},"query-input":{"@type":"PropertyValueSpecification","valueRequired":true,"valueName":"search_term_string"}}],"inLanguage":"fr-FR"},{"@type":"Organization","@id":"https:\/\/pay4less.ma\/#organization","name":"PAYLESS MAROC","alternateName":"PAY4LESS","url":"https:\/\/pay4less.ma\/","logo":{"@type":"ImageObject","inLanguage":"fr-FR","@id":"https:\/\/pay4less.ma\/#\/schema\/logo\/image\/","url":"https:\/\/pay4less.ma\/wp-content\/uploads\/2025\/12\/350X100-PX.png","contentUrl":"https:\/\/pay4less.ma\/wp-content\/uploads\/2025\/12\/350X100-PX.png","width":350,"height":100,"caption":"PAYLESS MAROC"},"image":{"@id":"https:\/\/pay4less.ma\/#\/schema\/logo\/image\/"},"sameAs":["https:\/\/www.facebook.com\/paylessmaroc","https:\/\/instagram.com\/paylessmaroc1"]}]}},"jetpack_sharing_enabled":true,"_links":{"self":[{"href":"https:\/\/pay4less.ma\/index.php?rest_route=\/wp\/v2\/product\/11520","targetHints":{"allow":["GET"]}}],"collection":[{"href":"https:\/\/pay4less.ma\/index.php?rest_route=\/wp\/v2\/product"}],"about":[{"href":"https:\/\/pay4less.ma\/index.php?rest_route=\/wp\/v2\/types\/product"}],"replies":[{"embeddable":true,"href":"https:\/\/pay4less.ma\/index.php?rest_route=%2Fwp%2Fv2%2Fcomments&post=11520"}],"version-history":[{"count":2,"href":"https:\/\/pay4less.ma\/index.php?rest_route=\/wp\/v2\/product\/11520\/revisions"}],"predecessor-version":[{"id":11529,"href":"https:\/\/pay4less.ma\/index.php?rest_route=\/wp\/v2\/product\/11520\/revisions\/11529"}],"wp:featuredmedia":[{"embeddable":true,"href":"https:\/\/pay4less.ma\/index.php?rest_route=\/wp\/v2\/media\/11521"}],"wp:attachment":[{"href":"https:\/\/pay4less.ma\/index.php?rest_route=%2Fwp%2Fv2%2Fmedia&parent=11520"}],"wp:term":[{"taxonomy":"product_brand","embeddable":true,"href":"https:\/\/pay4less.ma\/index.php?rest_route=%2Fwp%2Fv2%2Fproduct_brand&post=11520"},{"taxonomy":"product_cat","embeddable":true,"href":"https:\/\/pay4less.ma\/index.php?rest_route=%2Fwp%2Fv2%2Fproduct_cat&post=11520"},{"taxonomy":"product_tag","embeddable":true,"href":"https:\/\/pay4less.ma\/index.php?rest_route=%2Fwp%2Fv2%2Fproduct_tag&post=11520"}],"curies":[{"name":"wp","href":"https:\/\/api.w.org\/{rel}","templated":true}]}}