{"id":11550,"date":"2026-02-05T17:12:33","date_gmt":"2026-02-05T17:12:33","guid":{"rendered":"https:\/\/pay4less.ma\/?post_type=product&#038;p=11550"},"modified":"2026-02-05T17:52:55","modified_gmt":"2026-02-05T17:52:55","slug":"lg-65nano80a6a-tv-nanocell-4k-65","status":"publish","type":"product","link":"https:\/\/pay4less.ma\/?product=lg-65nano80a6a-tv-nanocell-4k-65","title":{"rendered":"TV LG 65P NANOCELL AI NANO80 4K T\u00c9L\u00c9COMMANDE AI MAGIC REMOTE HDR10 WEBOS25"},"content":{"rendered":"<p>La <strong>LG 65NANO80A6A<\/strong> est une Smart TV <strong>4K NanoCell de 65 pouces<\/strong> con\u00e7ue pour offrir des couleurs plus pures et une image r\u00e9aliste. Gr\u00e2ce \u00e0 la technologie NanoCell, chaque sc\u00e8ne gagne en pr\u00e9cision et en intensit\u00e9.<\/p>\n<p>\u00c9quip\u00e9e du <strong>processeur \u03b15 AI 4K Gen7<\/strong>, cette TV optimise automatiquement l\u2019image et le son pour une exp\u00e9rience immersive, que vous regardiez des films, des matchs ou des s\u00e9ries.<\/p>\n<p>Le syst\u00e8me <strong>webOS Smart TV<\/strong> vous donne un acc\u00e8s rapide \u00e0 Netflix, YouTube, Prime Video et bien plus, avec une navigation fluide et intuitive.<\/p>\n<p>Avec le <strong>Game Optimizer<\/strong> et le faible input lag, la LG 65NANO80A6A est \u00e9galement un excellent choix pour les joueurs sur console.<\/p>\n<p>Son design \u00e9l\u00e9gant aux bords fins s\u2019int\u00e8gre parfaitement dans tous les int\u00e9rieurs modernes.<\/p>\n","protected":false},"excerpt":{"rendered":"<ul id=\"keyFeatureList\" class=\"c-list c-list--single-column on\" role=\"list\" aria-expanded=\"true\">\n<li class=\"c-list__item\" role=\"listitem\">\n<pre><span class=\"font-w-normal-16 font-m-normal-14\">Des couleurs pures en Real 4K, des couleurs \u00e9clatantes associ\u00e9es \u00e0 des d\u00e9tails stup\u00e9fiants<\/span><\/pre>\n<\/li>\n<li class=\"c-list__item\" role=\"listitem\">\n<pre><span class=\"font-w-normal-16 font-m-normal-14\">Qualit\u00e9 d\u2019image 4K, son visuel et surround am\u00e9lior\u00e9 du processeur alpha 7 4K AI de 8\u00e8me g\u00e9n\u00e9ration<\/span><\/pre>\n<\/li>\n<li class=\"c-list__item\" role=\"listitem\">\n<pre><span class=\"font-w-normal-16 font-m-normal-14\">Nouveau bouton AI, commandes vocales, fonctions glisser-d\u00e9poser sur la t\u00e9l\u00e9commande AI Magic Remote<\/span><\/pre>\n<\/li>\n<li class=\"c-list__item\" role=\"listitem\">\n<pre><span class=\"font-w-normal-16 font-m-normal-14\">Profitez d\u2019une mise \u00e0 l\u2019\u00e9chelle sup\u00e9rieure 4K avec une r\u00e9solution, une luminosit\u00e9 et une clart\u00e9 am\u00e9lior\u00e9es<\/span><\/pre>\n<\/li>\n<li class=\"c-list__item\" role=\"listitem\">\n<pre><span class=\"font-w-normal-16 font-m-normal-14\">Haute r\u00e9solution sur un grand \u00e9cran de TV ultra large<\/span><\/pre>\n<\/li>\n<\/ul>\n","protected":false},"featured_media":11552,"comment_status":"open","ping_status":"closed","template":"","meta":[],"product_brand":[184],"product_cat":[329,204,158],"product_tag":[705],"class_list":{"0":"post-11550","1":"product","2":"type-product","3":"status-publish","4":"has-post-thumbnail","6":"product_brand-lg","7":"product_cat-nanocell","8":"product_cat-televiseurs","9":"product_cat-tv-video-et-audio","10":"product_tag-4k","12":"first","13":"instock","14":"sale","15":"shipping-taxable","16":"purchasable","17":"product-type-simple"},"yoast_head":"<!-- This site is optimized with the Yoast SEO Premium plugin v27.1 (Yoast SEO v27.1) - https:\/\/yoast.com\/product\/yoast-seo-premium-wordpress\/ -->\n<title>TV LG 65P NANOCELL AI NANO80 4K T\u00c9L\u00c9COMMANDE AI MAGIC REMOTE HDR10 WEBOS25 - PAYLESS MAROC<\/title>\n<meta name=\"robots\" content=\"index, follow, max-snippet:-1, max-image-preview:large, max-video-preview:-1\" \/>\n<link rel=\"canonical\" href=\"https:\/\/pay4less.ma\/?product=lg-65nano80a6a-tv-nanocell-4k-65\" \/>\n<meta property=\"og:locale\" content=\"fr_FR\" \/>\n<meta property=\"og:type\" content=\"article\" \/>\n<meta property=\"og:title\" content=\"PAYLESS MAROC TV LG 65P NANOCELL AI NANO80 4K T\u00c9L\u00c9COMMANDE AI MAGIC REMOTE HDR10 WEBOS25 -\" \/>\n<meta property=\"og:description\" content=\"Des couleurs pures en Real 4K, des couleurs \u00e9clatantes associ\u00e9es \u00e0 des d\u00e9tails stup\u00e9fiants    Qualit\u00e9 d\u2019image 4K, son visuel et surround am\u00e9lior\u00e9 du processeur alpha 7 4K AI de 8\u00e8me g\u00e9n\u00e9ration    Nouveau bouton AI, commandes vocales, fonctions glisser-d\u00e9poser sur la t\u00e9l\u00e9commande AI Magic Remote    Profitez d\u2019une mise \u00e0 l\u2019\u00e9chelle sup\u00e9rieure 4K avec une r\u00e9solution, une luminosit\u00e9 et une clart\u00e9 am\u00e9lior\u00e9es    Haute r\u00e9solution sur un grand \u00e9cran de TV ultra large\" \/>\n<meta property=\"og:url\" content=\"https:\/\/pay4less.ma\/?product=lg-65nano80a6a-tv-nanocell-4k-65\" \/>\n<meta property=\"og:site_name\" content=\"PAYLESS MAROC\" \/>\n<meta property=\"article:publisher\" content=\"https:\/\/www.facebook.com\/paylessmaroc\" \/>\n<meta property=\"article:modified_time\" content=\"2026-02-05T17:52:55+00:00\" \/>\n<meta property=\"og:image\" content=\"http:\/\/pay4less.ma\/wp-content\/uploads\/2026\/02\/65NANO80A6A.png\" \/>\n\t<meta property=\"og:image:width\" content=\"700\" \/>\n\t<meta property=\"og:image:height\" content=\"800\" \/>\n\t<meta property=\"og:image:type\" content=\"image\/png\" \/>\n<meta name=\"twitter:card\" content=\"summary_large_image\" \/>\n<meta name=\"twitter:title\" content=\"TV LG 65P NANOCELL AI NANO80 4K T\u00c9L\u00c9COMMANDE AI MAGIC REMOTE HDR10 WEBOS25\" \/>\n<meta name=\"twitter:label1\" content=\"Dur\u00e9e de lecture estim\u00e9e\" \/>\n\t<meta name=\"twitter:data1\" content=\"1 minute\" \/>\n<script type=\"application\/ld+json\" class=\"yoast-schema-graph\">{\"@context\":\"https:\/\/schema.org\",\"@graph\":[{\"@type\":\"WebPage\",\"@id\":\"https:\/\/pay4less.ma\/?product=lg-65nano80a6a-tv-nanocell-4k-65\",\"url\":\"https:\/\/pay4less.ma\/?product=lg-65nano80a6a-tv-nanocell-4k-65\",\"name\":\"TV LG 65P NANOCELL AI NANO80 4K T\u00c9L\u00c9COMMANDE AI MAGIC REMOTE HDR10 WEBOS25 - PAYLESS MAROC\",\"isPartOf\":{\"@id\":\"https:\/\/pay4less.ma\/#website\"},\"primaryImageOfPage\":{\"@id\":\"https:\/\/pay4less.ma\/?product=lg-65nano80a6a-tv-nanocell-4k-65#primaryimage\"},\"image\":{\"@id\":\"https:\/\/pay4less.ma\/?product=lg-65nano80a6a-tv-nanocell-4k-65#primaryimage\"},\"thumbnailUrl\":\"https:\/\/pay4less.ma\/wp-content\/uploads\/2026\/02\/65NANO80A6A.png\",\"datePublished\":\"2026-02-05T17:12:33+00:00\",\"dateModified\":\"2026-02-05T17:52:55+00:00\",\"breadcrumb\":{\"@id\":\"https:\/\/pay4less.ma\/?product=lg-65nano80a6a-tv-nanocell-4k-65#breadcrumb\"},\"inLanguage\":\"fr-FR\",\"potentialAction\":[{\"@type\":\"ReadAction\",\"target\":[\"https:\/\/pay4less.ma\/?product=lg-65nano80a6a-tv-nanocell-4k-65\"]}]},{\"@type\":\"ImageObject\",\"inLanguage\":\"fr-FR\",\"@id\":\"https:\/\/pay4less.ma\/?product=lg-65nano80a6a-tv-nanocell-4k-65#primaryimage\",\"url\":\"https:\/\/pay4less.ma\/wp-content\/uploads\/2026\/02\/65NANO80A6A.png\",\"contentUrl\":\"https:\/\/pay4less.ma\/wp-content\/uploads\/2026\/02\/65NANO80A6A.png\",\"width\":700,\"height\":800},{\"@type\":\"BreadcrumbList\",\"@id\":\"https:\/\/pay4less.ma\/?product=lg-65nano80a6a-tv-nanocell-4k-65#breadcrumb\",\"itemListElement\":[{\"@type\":\"ListItem\",\"position\":1,\"name\":\"Accueil\",\"item\":\"https:\/\/pay4less.ma\/\"},{\"@type\":\"ListItem\",\"position\":2,\"name\":\"Shop\",\"item\":\"https:\/\/pay4less.ma\/?page_id=10644\"},{\"@type\":\"ListItem\",\"position\":3,\"name\":\"TV LG 65P NANOCELL AI NANO80 4K T\u00c9L\u00c9COMMANDE AI MAGIC REMOTE HDR10 WEBOS25\"}]},{\"@type\":\"WebSite\",\"@id\":\"https:\/\/pay4less.ma\/#website\",\"url\":\"https:\/\/pay4less.ma\/\",\"name\":\"PAYLESS MAROC\",\"description\":\"PAYLESS \u2013 Votre sp\u00e9cialiste en \u00e9lectrom\u00e9nager, TV et PC au Maroc. Qualit\u00e9, prix justes et service de confiance.\",\"publisher\":{\"@id\":\"https:\/\/pay4less.ma\/#organization\"},\"alternateName\":\"PAY4LESS\",\"potentialAction\":[{\"@type\":\"SearchAction\",\"target\":{\"@type\":\"EntryPoint\",\"urlTemplate\":\"https:\/\/pay4less.ma\/?s={search_term_string}\"},\"query-input\":{\"@type\":\"PropertyValueSpecification\",\"valueRequired\":true,\"valueName\":\"search_term_string\"}}],\"inLanguage\":\"fr-FR\"},{\"@type\":\"Organization\",\"@id\":\"https:\/\/pay4less.ma\/#organization\",\"name\":\"PAYLESS MAROC\",\"alternateName\":\"PAY4LESS\",\"url\":\"https:\/\/pay4less.ma\/\",\"logo\":{\"@type\":\"ImageObject\",\"inLanguage\":\"fr-FR\",\"@id\":\"https:\/\/pay4less.ma\/#\/schema\/logo\/image\/\",\"url\":\"https:\/\/pay4less.ma\/wp-content\/uploads\/2025\/12\/350X100-PX.png\",\"contentUrl\":\"https:\/\/pay4less.ma\/wp-content\/uploads\/2025\/12\/350X100-PX.png\",\"width\":350,\"height\":100,\"caption\":\"PAYLESS MAROC\"},\"image\":{\"@id\":\"https:\/\/pay4less.ma\/#\/schema\/logo\/image\/\"},\"sameAs\":[\"https:\/\/www.facebook.com\/paylessmaroc\",\"https:\/\/instagram.com\/paylessmaroc1\"]}]}<\/script>\n<!-- \/ Yoast SEO Premium plugin. -->","yoast_head_json":{"title":"TV LG 65P NANOCELL AI NANO80 4K T\u00c9L\u00c9COMMANDE AI MAGIC REMOTE HDR10 WEBOS25 - PAYLESS MAROC","robots":{"index":"index","follow":"follow","max-snippet":"max-snippet:-1","max-image-preview":"max-image-preview:large","max-video-preview":"max-video-preview:-1"},"canonical":"https:\/\/pay4less.ma\/?product=lg-65nano80a6a-tv-nanocell-4k-65","og_locale":"fr_FR","og_type":"article","og_title":"PAYLESS MAROC TV LG 65P NANOCELL AI NANO80 4K T\u00c9L\u00c9COMMANDE AI MAGIC REMOTE HDR10 WEBOS25 -","og_description":"Des couleurs pures en Real 4K, des couleurs \u00e9clatantes associ\u00e9es \u00e0 des d\u00e9tails stup\u00e9fiants    Qualit\u00e9 d\u2019image 4K, son visuel et surround am\u00e9lior\u00e9 du processeur alpha 7 4K AI de 8\u00e8me g\u00e9n\u00e9ration    Nouveau bouton AI, commandes vocales, fonctions glisser-d\u00e9poser sur la t\u00e9l\u00e9commande AI Magic Remote    Profitez d\u2019une mise \u00e0 l\u2019\u00e9chelle sup\u00e9rieure 4K avec une r\u00e9solution, une luminosit\u00e9 et une clart\u00e9 am\u00e9lior\u00e9es    Haute r\u00e9solution sur un grand \u00e9cran de TV ultra large","og_url":"https:\/\/pay4less.ma\/?product=lg-65nano80a6a-tv-nanocell-4k-65","og_site_name":"PAYLESS MAROC","article_publisher":"https:\/\/www.facebook.com\/paylessmaroc","article_modified_time":"2026-02-05T17:52:55+00:00","og_image":[{"width":700,"height":800,"url":"http:\/\/pay4less.ma\/wp-content\/uploads\/2026\/02\/65NANO80A6A.png","type":"image\/png"}],"twitter_card":"summary_large_image","twitter_title":"TV LG 65P NANOCELL AI NANO80 4K T\u00c9L\u00c9COMMANDE AI MAGIC REMOTE HDR10 WEBOS25","twitter_misc":{"Dur\u00e9e de lecture estim\u00e9e":"1 minute"},"schema":{"@context":"https:\/\/schema.org","@graph":[{"@type":"WebPage","@id":"https:\/\/pay4less.ma\/?product=lg-65nano80a6a-tv-nanocell-4k-65","url":"https:\/\/pay4less.ma\/?product=lg-65nano80a6a-tv-nanocell-4k-65","name":"TV LG 65P NANOCELL AI NANO80 4K T\u00c9L\u00c9COMMANDE AI MAGIC REMOTE HDR10 WEBOS25 - PAYLESS MAROC","isPartOf":{"@id":"https:\/\/pay4less.ma\/#website"},"primaryImageOfPage":{"@id":"https:\/\/pay4less.ma\/?product=lg-65nano80a6a-tv-nanocell-4k-65#primaryimage"},"image":{"@id":"https:\/\/pay4less.ma\/?product=lg-65nano80a6a-tv-nanocell-4k-65#primaryimage"},"thumbnailUrl":"https:\/\/pay4less.ma\/wp-content\/uploads\/2026\/02\/65NANO80A6A.png","datePublished":"2026-02-05T17:12:33+00:00","dateModified":"2026-02-05T17:52:55+00:00","breadcrumb":{"@id":"https:\/\/pay4less.ma\/?product=lg-65nano80a6a-tv-nanocell-4k-65#breadcrumb"},"inLanguage":"fr-FR","potentialAction":[{"@type":"ReadAction","target":["https:\/\/pay4less.ma\/?product=lg-65nano80a6a-tv-nanocell-4k-65"]}]},{"@type":"ImageObject","inLanguage":"fr-FR","@id":"https:\/\/pay4less.ma\/?product=lg-65nano80a6a-tv-nanocell-4k-65#primaryimage","url":"https:\/\/pay4less.ma\/wp-content\/uploads\/2026\/02\/65NANO80A6A.png","contentUrl":"https:\/\/pay4less.ma\/wp-content\/uploads\/2026\/02\/65NANO80A6A.png","width":700,"height":800},{"@type":"BreadcrumbList","@id":"https:\/\/pay4less.ma\/?product=lg-65nano80a6a-tv-nanocell-4k-65#breadcrumb","itemListElement":[{"@type":"ListItem","position":1,"name":"Accueil","item":"https:\/\/pay4less.ma\/"},{"@type":"ListItem","position":2,"name":"Shop","item":"https:\/\/pay4less.ma\/?page_id=10644"},{"@type":"ListItem","position":3,"name":"TV LG 65P NANOCELL AI NANO80 4K T\u00c9L\u00c9COMMANDE AI MAGIC REMOTE HDR10 WEBOS25"}]},{"@type":"WebSite","@id":"https:\/\/pay4less.ma\/#website","url":"https:\/\/pay4less.ma\/","name":"PAYLESS MAROC","description":"PAYLESS \u2013 Votre sp\u00e9cialiste en \u00e9lectrom\u00e9nager, TV et PC au Maroc. Qualit\u00e9, prix justes et service de confiance.","publisher":{"@id":"https:\/\/pay4less.ma\/#organization"},"alternateName":"PAY4LESS","potentialAction":[{"@type":"SearchAction","target":{"@type":"EntryPoint","urlTemplate":"https:\/\/pay4less.ma\/?s={search_term_string}"},"query-input":{"@type":"PropertyValueSpecification","valueRequired":true,"valueName":"search_term_string"}}],"inLanguage":"fr-FR"},{"@type":"Organization","@id":"https:\/\/pay4less.ma\/#organization","name":"PAYLESS MAROC","alternateName":"PAY4LESS","url":"https:\/\/pay4less.ma\/","logo":{"@type":"ImageObject","inLanguage":"fr-FR","@id":"https:\/\/pay4less.ma\/#\/schema\/logo\/image\/","url":"https:\/\/pay4less.ma\/wp-content\/uploads\/2025\/12\/350X100-PX.png","contentUrl":"https:\/\/pay4less.ma\/wp-content\/uploads\/2025\/12\/350X100-PX.png","width":350,"height":100,"caption":"PAYLESS MAROC"},"image":{"@id":"https:\/\/pay4less.ma\/#\/schema\/logo\/image\/"},"sameAs":["https:\/\/www.facebook.com\/paylessmaroc","https:\/\/instagram.com\/paylessmaroc1"]}]}},"jetpack_sharing_enabled":true,"_links":{"self":[{"href":"https:\/\/pay4less.ma\/index.php?rest_route=\/wp\/v2\/product\/11550","targetHints":{"allow":["GET"]}}],"collection":[{"href":"https:\/\/pay4less.ma\/index.php?rest_route=\/wp\/v2\/product"}],"about":[{"href":"https:\/\/pay4less.ma\/index.php?rest_route=\/wp\/v2\/types\/product"}],"replies":[{"embeddable":true,"href":"https:\/\/pay4less.ma\/index.php?rest_route=%2Fwp%2Fv2%2Fcomments&post=11550"}],"version-history":[{"count":1,"href":"https:\/\/pay4less.ma\/index.php?rest_route=\/wp\/v2\/product\/11550\/revisions"}],"predecessor-version":[{"id":11551,"href":"https:\/\/pay4less.ma\/index.php?rest_route=\/wp\/v2\/product\/11550\/revisions\/11551"}],"wp:featuredmedia":[{"embeddable":true,"href":"https:\/\/pay4less.ma\/index.php?rest_route=\/wp\/v2\/media\/11552"}],"wp:attachment":[{"href":"https:\/\/pay4less.ma\/index.php?rest_route=%2Fwp%2Fv2%2Fmedia&parent=11550"}],"wp:term":[{"taxonomy":"product_brand","embeddable":true,"href":"https:\/\/pay4less.ma\/index.php?rest_route=%2Fwp%2Fv2%2Fproduct_brand&post=11550"},{"taxonomy":"product_cat","embeddable":true,"href":"https:\/\/pay4less.ma\/index.php?rest_route=%2Fwp%2Fv2%2Fproduct_cat&post=11550"},{"taxonomy":"product_tag","embeddable":true,"href":"https:\/\/pay4less.ma\/index.php?rest_route=%2Fwp%2Fv2%2Fproduct_tag&post=11550"}],"curies":[{"name":"wp","href":"https:\/\/api.w.org\/{rel}","templated":true}]}}