{"id":11559,"date":"2026-02-12T09:20:19","date_gmt":"2026-02-12T09:20:19","guid":{"rendered":"https:\/\/pay4less.ma\/?post_type=product&#038;p=11559"},"modified":"2026-02-12T10:25:02","modified_gmt":"2026-02-12T10:25:02","slug":"aspirateur-taurus-balai-homeland-ideal-sans-fil","status":"publish","type":"product","link":"https:\/\/pay4less.ma\/?product=aspirateur-taurus-balai-homeland-ideal-sans-fil","title":{"rendered":"ASPIRATEUR TAURUS BALAI HOMELAND IDEAL SANS FIL"},"content":{"rendered":"<h3 data-start=\"142\" data-end=\"225\"><strong data-start=\"146\" data-end=\"223\">Aspirateur balai Homeland Ideal Taurus \u2013 Puissant, pratique et polyvalent<\/strong><\/h3>\n<p data-start=\"227\" data-end=\"564\">Profitez d\u2019un nettoyage efficace avec <strong data-start=\"265\" data-end=\"312\">l\u2019aspirateur balai Homeland Ideal de Taurus<\/strong>. Avec une <strong data-start=\"323\" data-end=\"345\">puissance de 150 W<\/strong> et une <strong data-start=\"353\" data-end=\"380\">aspiration de 10 000 Pa<\/strong>, il \u00e9limine rapidement poussi\u00e8re et salet\u00e9s sur toutes les surfaces. Sa <strong data-start=\"453\" data-end=\"483\">batterie amovible de 22,2V<\/strong> offre jusqu\u2019\u00e0 <strong data-start=\"498\" data-end=\"524\">40 minutes d\u2019autonomie<\/strong>, pour un nettoyage sans interruption.<\/p>\n<p data-start=\"566\" data-end=\"779\">\ud83d\udd39 <strong data-start=\"569\" data-end=\"607\">Puissance et performance optimales<\/strong><br data-start=\"607\" data-end=\"610\" \/>Gr\u00e2ce \u00e0 une <strong data-start=\"622\" data-end=\"666\">force d\u2019aspiration de 10 000 Pa et 50 AW<\/strong>, il garantit une propret\u00e9 impeccable sur tous types de sols, du carrelage aux tapis en passant par le parquet.<\/p>\n<p data-start=\"781\" data-end=\"1024\">\ud83d\udd39 <strong data-start=\"784\" data-end=\"821\">Batterie longue dur\u00e9e et amovible<\/strong><br data-start=\"821\" data-end=\"824\" \/>Sa batterie lithium <strong data-start=\"844\" data-end=\"863\">22,2V, 2200 mAh<\/strong> assure jusqu\u2019\u00e0 <strong data-start=\"879\" data-end=\"905\">40 minutes en mode ECO<\/strong> et <strong data-start=\"909\" data-end=\"937\">20 minutes en mode TURBO<\/strong>. Amovible et l\u00e9g\u00e8re, elle permet une utilisation flexible et un rechargement facile.<\/p>\n<p data-start=\"1026\" data-end=\"1283\">\ud83d\udd39 <strong data-start=\"1029\" data-end=\"1061\">Syst\u00e8me de filtration avanc\u00e9<\/strong><br data-start=\"1061\" data-end=\"1064\" \/>Dot\u00e9 du <strong data-start=\"1072\" data-end=\"1129\">Triple Advanced Filtration (Cyclonique + HEPA + Mesh)<\/strong>, il capture les particules fines et am\u00e9liore la qualit\u00e9 de l\u2019air. Ses filtres sont <strong data-start=\"1213\" data-end=\"1242\">lavables et r\u00e9utilisables<\/strong>, garantissant un entretien \u00e9conomique.<\/p>\n<p data-start=\"1285\" data-end=\"1578\">\ud83d\udd39 <strong data-start=\"1288\" data-end=\"1342\">Brosse Turbo Brush avec LED et accessoires adapt\u00e9s<\/strong><br data-start=\"1342\" data-end=\"1345\" \/>Sa brosse <strong data-start=\"1355\" data-end=\"1389\">Turbo Brush avec \u00e9clairage LED<\/strong> facilite le nettoyage des zones sombres et sous les meubles. Les <strong data-start=\"1455\" data-end=\"1501\">brosses interchangeables ALL ROAD et FUZZY<\/strong> assurent un soin optimal sur toutes les surfaces, m\u00eame les plus d\u00e9licates.<\/p>\n<p data-start=\"1580\" data-end=\"1854\">\ud83d\udd39 <strong data-start=\"1583\" data-end=\"1630\">Design ergonomique et accessoires pratiques<\/strong><br data-start=\"1630\" data-end=\"1633\" \/>Son <strong data-start=\"1637\" data-end=\"1671\">r\u00e9servoir hygi\u00e9nique de 500 ml<\/strong> se vide facilement gr\u00e2ce au syst\u00e8me <strong data-start=\"1708\" data-end=\"1725\">Touch &amp; Clean<\/strong>. Il est livr\u00e9 avec un <strong data-start=\"1748\" data-end=\"1804\">support mural, une brosse 2 en 1 et une lance 2 en 1<\/strong>, pour r\u00e9pondre \u00e0 tous vos besoins de nettoyage.<\/p>\n","protected":false},"excerpt":{"rendered":"<pre>Puissance : 150 W \u2013 50 AW\r\nAspiration : 10 000 Pa\r\nBatterie lithium 22,2V, 2200 mAh \u2013 Amovible\r\nAutonomie : 40 min (ECO) \u2013 20 min (TURBO)<\/pre>\n","protected":false},"featured_media":11561,"comment_status":"open","ping_status":"closed","template":"","meta":[],"product_brand":[272],"product_cat":[136,133,134],"product_tag":[],"class_list":{"0":"post-11559","1":"product","2":"type-product","3":"status-publish","4":"has-post-thumbnail","6":"product_brand-taurus","7":"product_cat-aspirateurs","8":"product_cat-electromenager","9":"product_cat-entretien-maison","11":"first","12":"instock","13":"shipping-taxable","14":"purchasable","15":"product-type-simple"},"yoast_head":"<!-- This site is optimized with the Yoast SEO Premium plugin v27.1 (Yoast SEO v27.1) - https:\/\/yoast.com\/product\/yoast-seo-premium-wordpress\/ -->\n<title>ASPIRATEUR TAURUS BALAI HOMELAND IDEAL SANS FIL - PAYLESS MAROC<\/title>\n<meta name=\"robots\" content=\"index, follow, max-snippet:-1, max-image-preview:large, max-video-preview:-1\" \/>\n<link rel=\"canonical\" href=\"https:\/\/pay4less.ma\/?product=aspirateur-taurus-balai-homeland-ideal-sans-fil\" \/>\n<meta property=\"og:locale\" content=\"fr_FR\" \/>\n<meta property=\"og:type\" content=\"article\" \/>\n<meta property=\"og:title\" content=\"ASPIRATEUR TAURUS BALAI HOMELAND IDEAL SANS FIL\" \/>\n<meta property=\"og:description\" content=\"Puissance : 150 W \u2013 50 AW Aspiration : 10 000 Pa Batterie lithium 22,2V, 2200 mAh \u2013 Amovible Autonomie : 40 min (ECO) \u2013 20 min (TURBO)\" \/>\n<meta property=\"og:url\" content=\"https:\/\/pay4less.ma\/?product=aspirateur-taurus-balai-homeland-ideal-sans-fil\" \/>\n<meta property=\"og:site_name\" content=\"PAYLESS MAROC\" \/>\n<meta property=\"article:publisher\" content=\"https:\/\/www.facebook.com\/paylessmaroc\" \/>\n<meta property=\"article:modified_time\" content=\"2026-02-12T10:25:02+00:00\" \/>\n<meta property=\"og:image\" content=\"http:\/\/pay4less.ma\/wp-content\/uploads\/2026\/02\/HVCA221B-.png\" \/>\n\t<meta property=\"og:image:width\" content=\"700\" \/>\n\t<meta property=\"og:image:height\" content=\"800\" \/>\n\t<meta property=\"og:image:type\" content=\"image\/png\" \/>\n<meta name=\"twitter:card\" content=\"summary_large_image\" \/>\n<meta name=\"twitter:label1\" content=\"Dur\u00e9e de lecture estim\u00e9e\" \/>\n\t<meta name=\"twitter:data1\" content=\"2 minutes\" \/>\n<script type=\"application\/ld+json\" class=\"yoast-schema-graph\">{\"@context\":\"https:\/\/schema.org\",\"@graph\":[{\"@type\":\"WebPage\",\"@id\":\"https:\/\/pay4less.ma\/?product=aspirateur-taurus-balai-homeland-ideal-sans-fil\",\"url\":\"https:\/\/pay4less.ma\/?product=aspirateur-taurus-balai-homeland-ideal-sans-fil\",\"name\":\"ASPIRATEUR TAURUS BALAI HOMELAND IDEAL SANS FIL - PAYLESS MAROC\",\"isPartOf\":{\"@id\":\"https:\/\/pay4less.ma\/#website\"},\"primaryImageOfPage\":{\"@id\":\"https:\/\/pay4less.ma\/?product=aspirateur-taurus-balai-homeland-ideal-sans-fil#primaryimage\"},\"image\":{\"@id\":\"https:\/\/pay4less.ma\/?product=aspirateur-taurus-balai-homeland-ideal-sans-fil#primaryimage\"},\"thumbnailUrl\":\"https:\/\/pay4less.ma\/wp-content\/uploads\/2026\/02\/HVCA221B-.png\",\"datePublished\":\"2026-02-12T09:20:19+00:00\",\"dateModified\":\"2026-02-12T10:25:02+00:00\",\"breadcrumb\":{\"@id\":\"https:\/\/pay4less.ma\/?product=aspirateur-taurus-balai-homeland-ideal-sans-fil#breadcrumb\"},\"inLanguage\":\"fr-FR\",\"potentialAction\":[{\"@type\":\"ReadAction\",\"target\":[\"https:\/\/pay4less.ma\/?product=aspirateur-taurus-balai-homeland-ideal-sans-fil\"]}]},{\"@type\":\"ImageObject\",\"inLanguage\":\"fr-FR\",\"@id\":\"https:\/\/pay4less.ma\/?product=aspirateur-taurus-balai-homeland-ideal-sans-fil#primaryimage\",\"url\":\"https:\/\/pay4less.ma\/wp-content\/uploads\/2026\/02\/HVCA221B-.png\",\"contentUrl\":\"https:\/\/pay4less.ma\/wp-content\/uploads\/2026\/02\/HVCA221B-.png\",\"width\":700,\"height\":800},{\"@type\":\"BreadcrumbList\",\"@id\":\"https:\/\/pay4less.ma\/?product=aspirateur-taurus-balai-homeland-ideal-sans-fil#breadcrumb\",\"itemListElement\":[{\"@type\":\"ListItem\",\"position\":1,\"name\":\"Accueil\",\"item\":\"https:\/\/pay4less.ma\/\"},{\"@type\":\"ListItem\",\"position\":2,\"name\":\"Shop\",\"item\":\"https:\/\/pay4less.ma\/?page_id=10644\"},{\"@type\":\"ListItem\",\"position\":3,\"name\":\"ASPIRATEUR TAURUS BALAI HOMELAND IDEAL SANS FIL\"}]},{\"@type\":\"WebSite\",\"@id\":\"https:\/\/pay4less.ma\/#website\",\"url\":\"https:\/\/pay4less.ma\/\",\"name\":\"PAYLESS MAROC\",\"description\":\"PAYLESS \u2013 Votre sp\u00e9cialiste en \u00e9lectrom\u00e9nager, TV et PC au Maroc. Qualit\u00e9, prix justes et service de confiance.\",\"publisher\":{\"@id\":\"https:\/\/pay4less.ma\/#organization\"},\"alternateName\":\"PAY4LESS\",\"potentialAction\":[{\"@type\":\"SearchAction\",\"target\":{\"@type\":\"EntryPoint\",\"urlTemplate\":\"https:\/\/pay4less.ma\/?s={search_term_string}\"},\"query-input\":{\"@type\":\"PropertyValueSpecification\",\"valueRequired\":true,\"valueName\":\"search_term_string\"}}],\"inLanguage\":\"fr-FR\"},{\"@type\":\"Organization\",\"@id\":\"https:\/\/pay4less.ma\/#organization\",\"name\":\"PAYLESS MAROC\",\"alternateName\":\"PAY4LESS\",\"url\":\"https:\/\/pay4less.ma\/\",\"logo\":{\"@type\":\"ImageObject\",\"inLanguage\":\"fr-FR\",\"@id\":\"https:\/\/pay4less.ma\/#\/schema\/logo\/image\/\",\"url\":\"https:\/\/pay4less.ma\/wp-content\/uploads\/2025\/12\/350X100-PX.png\",\"contentUrl\":\"https:\/\/pay4less.ma\/wp-content\/uploads\/2025\/12\/350X100-PX.png\",\"width\":350,\"height\":100,\"caption\":\"PAYLESS MAROC\"},\"image\":{\"@id\":\"https:\/\/pay4less.ma\/#\/schema\/logo\/image\/\"},\"sameAs\":[\"https:\/\/www.facebook.com\/paylessmaroc\",\"https:\/\/instagram.com\/paylessmaroc1\"]}]}<\/script>\n<!-- \/ Yoast SEO Premium plugin. -->","yoast_head_json":{"title":"ASPIRATEUR TAURUS BALAI HOMELAND IDEAL SANS FIL - PAYLESS MAROC","robots":{"index":"index","follow":"follow","max-snippet":"max-snippet:-1","max-image-preview":"max-image-preview:large","max-video-preview":"max-video-preview:-1"},"canonical":"https:\/\/pay4less.ma\/?product=aspirateur-taurus-balai-homeland-ideal-sans-fil","og_locale":"fr_FR","og_type":"article","og_title":"ASPIRATEUR TAURUS BALAI HOMELAND IDEAL SANS FIL","og_description":"Puissance : 150 W \u2013 50 AW Aspiration : 10 000 Pa Batterie lithium 22,2V, 2200 mAh \u2013 Amovible Autonomie : 40 min (ECO) \u2013 20 min (TURBO)","og_url":"https:\/\/pay4less.ma\/?product=aspirateur-taurus-balai-homeland-ideal-sans-fil","og_site_name":"PAYLESS MAROC","article_publisher":"https:\/\/www.facebook.com\/paylessmaroc","article_modified_time":"2026-02-12T10:25:02+00:00","og_image":[{"width":700,"height":800,"url":"http:\/\/pay4less.ma\/wp-content\/uploads\/2026\/02\/HVCA221B-.png","type":"image\/png"}],"twitter_card":"summary_large_image","twitter_misc":{"Dur\u00e9e de lecture estim\u00e9e":"2 minutes"},"schema":{"@context":"https:\/\/schema.org","@graph":[{"@type":"WebPage","@id":"https:\/\/pay4less.ma\/?product=aspirateur-taurus-balai-homeland-ideal-sans-fil","url":"https:\/\/pay4less.ma\/?product=aspirateur-taurus-balai-homeland-ideal-sans-fil","name":"ASPIRATEUR TAURUS BALAI HOMELAND IDEAL SANS FIL - PAYLESS MAROC","isPartOf":{"@id":"https:\/\/pay4less.ma\/#website"},"primaryImageOfPage":{"@id":"https:\/\/pay4less.ma\/?product=aspirateur-taurus-balai-homeland-ideal-sans-fil#primaryimage"},"image":{"@id":"https:\/\/pay4less.ma\/?product=aspirateur-taurus-balai-homeland-ideal-sans-fil#primaryimage"},"thumbnailUrl":"https:\/\/pay4less.ma\/wp-content\/uploads\/2026\/02\/HVCA221B-.png","datePublished":"2026-02-12T09:20:19+00:00","dateModified":"2026-02-12T10:25:02+00:00","breadcrumb":{"@id":"https:\/\/pay4less.ma\/?product=aspirateur-taurus-balai-homeland-ideal-sans-fil#breadcrumb"},"inLanguage":"fr-FR","potentialAction":[{"@type":"ReadAction","target":["https:\/\/pay4less.ma\/?product=aspirateur-taurus-balai-homeland-ideal-sans-fil"]}]},{"@type":"ImageObject","inLanguage":"fr-FR","@id":"https:\/\/pay4less.ma\/?product=aspirateur-taurus-balai-homeland-ideal-sans-fil#primaryimage","url":"https:\/\/pay4less.ma\/wp-content\/uploads\/2026\/02\/HVCA221B-.png","contentUrl":"https:\/\/pay4less.ma\/wp-content\/uploads\/2026\/02\/HVCA221B-.png","width":700,"height":800},{"@type":"BreadcrumbList","@id":"https:\/\/pay4less.ma\/?product=aspirateur-taurus-balai-homeland-ideal-sans-fil#breadcrumb","itemListElement":[{"@type":"ListItem","position":1,"name":"Accueil","item":"https:\/\/pay4less.ma\/"},{"@type":"ListItem","position":2,"name":"Shop","item":"https:\/\/pay4less.ma\/?page_id=10644"},{"@type":"ListItem","position":3,"name":"ASPIRATEUR TAURUS BALAI HOMELAND IDEAL SANS FIL"}]},{"@type":"WebSite","@id":"https:\/\/pay4less.ma\/#website","url":"https:\/\/pay4less.ma\/","name":"PAYLESS MAROC","description":"PAYLESS \u2013 Votre sp\u00e9cialiste en \u00e9lectrom\u00e9nager, TV et PC au Maroc. Qualit\u00e9, prix justes et service de confiance.","publisher":{"@id":"https:\/\/pay4less.ma\/#organization"},"alternateName":"PAY4LESS","potentialAction":[{"@type":"SearchAction","target":{"@type":"EntryPoint","urlTemplate":"https:\/\/pay4less.ma\/?s={search_term_string}"},"query-input":{"@type":"PropertyValueSpecification","valueRequired":true,"valueName":"search_term_string"}}],"inLanguage":"fr-FR"},{"@type":"Organization","@id":"https:\/\/pay4less.ma\/#organization","name":"PAYLESS MAROC","alternateName":"PAY4LESS","url":"https:\/\/pay4less.ma\/","logo":{"@type":"ImageObject","inLanguage":"fr-FR","@id":"https:\/\/pay4less.ma\/#\/schema\/logo\/image\/","url":"https:\/\/pay4less.ma\/wp-content\/uploads\/2025\/12\/350X100-PX.png","contentUrl":"https:\/\/pay4less.ma\/wp-content\/uploads\/2025\/12\/350X100-PX.png","width":350,"height":100,"caption":"PAYLESS MAROC"},"image":{"@id":"https:\/\/pay4less.ma\/#\/schema\/logo\/image\/"},"sameAs":["https:\/\/www.facebook.com\/paylessmaroc","https:\/\/instagram.com\/paylessmaroc1"]}]}},"jetpack_sharing_enabled":true,"_links":{"self":[{"href":"https:\/\/pay4less.ma\/index.php?rest_route=\/wp\/v2\/product\/11559","targetHints":{"allow":["GET"]}}],"collection":[{"href":"https:\/\/pay4less.ma\/index.php?rest_route=\/wp\/v2\/product"}],"about":[{"href":"https:\/\/pay4less.ma\/index.php?rest_route=\/wp\/v2\/types\/product"}],"replies":[{"embeddable":true,"href":"https:\/\/pay4less.ma\/index.php?rest_route=%2Fwp%2Fv2%2Fcomments&post=11559"}],"version-history":[{"count":1,"href":"https:\/\/pay4less.ma\/index.php?rest_route=\/wp\/v2\/product\/11559\/revisions"}],"predecessor-version":[{"id":11560,"href":"https:\/\/pay4less.ma\/index.php?rest_route=\/wp\/v2\/product\/11559\/revisions\/11560"}],"wp:featuredmedia":[{"embeddable":true,"href":"https:\/\/pay4less.ma\/index.php?rest_route=\/wp\/v2\/media\/11561"}],"wp:attachment":[{"href":"https:\/\/pay4less.ma\/index.php?rest_route=%2Fwp%2Fv2%2Fmedia&parent=11559"}],"wp:term":[{"taxonomy":"product_brand","embeddable":true,"href":"https:\/\/pay4less.ma\/index.php?rest_route=%2Fwp%2Fv2%2Fproduct_brand&post=11559"},{"taxonomy":"product_cat","embeddable":true,"href":"https:\/\/pay4less.ma\/index.php?rest_route=%2Fwp%2Fv2%2Fproduct_cat&post=11559"},{"taxonomy":"product_tag","embeddable":true,"href":"https:\/\/pay4less.ma\/index.php?rest_route=%2Fwp%2Fv2%2Fproduct_tag&post=11559"}],"curies":[{"name":"wp","href":"https:\/\/api.w.org\/{rel}","templated":true}]}}