{"id":11565,"date":"2026-02-12T10:01:43","date_gmt":"2026-02-12T10:01:43","guid":{"rendered":"https:\/\/pay4less.ma\/?post_type=product&#038;p=11565"},"modified":"2026-02-12T10:18:39","modified_gmt":"2026-02-12T10:18:39","slug":"aspirateur-hoover-h-free-100-balai-sans-fil","status":"publish","type":"product","link":"https:\/\/pay4less.ma\/?product=aspirateur-hoover-h-free-100-balai-sans-fil","title":{"rendered":"ASPIRATEUR HOOVER H-FREE 100 BALAI SANS FIL"},"content":{"rendered":"<div id=\"aplusBrandStory_feature_div\" class=\"celwidget pd_rd_w-sdtie pd_rd_r-DW501CCAS1WTYPXF5H22 pd_rd_wg-TYon8\" data-feature-name=\"aplusBrandStory\" data-csa-c-type=\"widget\" data-csa-c-content-id=\"aplusBrandStory\" data-csa-c-slot-id=\"aplusBrandStory_feature_div\" data-csa-c-asin=\"\" data-csa-c-is-in-initial-active-row=\"false\" data-csa-c-id=\"v372s8-yetgqv-q2en24-93866i\" data-cel-widget=\"aplusBrandStory_feature_div\">\n<div id=\"aplus\" class=\"a-section a-spacing-large bucket\">\n<div>\n<div class=\"aplus-v2 desktop celwidget\" data-csa-c-id=\"pne0ct-7dzqor-9k9pcu-o64t1m\" data-cel-widget=\"aplus\">\n<div>\n<div class=\"apm-brand-story-carousel-container\">\n<div class=\"apm-brand-story-carousel-hero-container\">\n<div class=\"celwidget aplus-module brand-story-hero-1-image-logo aplus-brand-story-hero\" data-csa-c-id=\"bety1t-9wo2n4-pbt6h-buqlep\" data-cel-widget=\"aplus-brand-story-hero-1-image-logo\">\n<div class=\"apm-brand-story-hero\">\n<div class=\"apm-brand-story-background-image\"><img decoding=\"async\" class=\"\" src=\"https:\/\/m.media-amazon.com\/images\/S\/aplus-media-library-service-media\/2693b8b8-b66c-4689-9a69-f7f07e7c8a46.__CR0,0,2928,1250_PT0_SX1464_V1___.jpg\" alt=\"1\" data-src=\"https:\/\/m.media-amazon.com\/images\/S\/aplus-media-library-service-media\/2693b8b8-b66c-4689-9a69-f7f07e7c8a46.__CR0,0,2928,1250_PT0_SX1464_V1___.jpg\" \/><\/div>\n<\/div>\n<div><\/div>\n<\/div>\n<\/div>\n<div id=\"apm-brand-story-carousel\" class=\"a-begin a-carousel-container a-carousel-display-stretchyGoodness a-carousel-transition-slide apm-brand-story-carousel size-cards a-carousel-container a-carousel-initialized\" role=\"group\" data-a-carousel-options=\"{&quot;name&quot;:&quot;brand-story-carousel&quot;,&quot;single_page_align&quot;:&quot;left&quot;,&quot;circular&quot;:false,&quot;minimum_gutter_width&quot;:10,&quot;show_partial_next&quot;:true}\" aria-label=\"Featured content carousel\" aria-roledescription=\"carousel\">\n<div class=\"a-row a-carousel-controls a-carousel-row a-carousel-has-buttons\">\n<div class=\"a-carousel-row-inner\">\n<div class=\"a-carousel-col a-carousel-center\">\n<div id=\"anonCarousel2\" class=\"a-carousel-viewport\" role=\"group\" aria-roledescription=\"slide\">\n<div class=\"apm-brand-story-card\">\n<div class=\"apm-brand-story-background-image\"><img decoding=\"async\" class=\"\" src=\"https:\/\/m.media-amazon.com\/images\/S\/aplus-media-library-service-media\/2957c27d-7a09-4db8-8912-491752019901.__CR0,0,724,906_PT0_SX362_V1___.jpg\" alt=\"2\" data-src=\"https:\/\/m.media-amazon.com\/images\/S\/aplus-media-library-service-media\/2957c27d-7a09-4db8-8912-491752019901.__CR0,0,724,906_PT0_SX362_V1___.jpg\" \/><\/div>\n<\/div>\n<\/div>\n<\/div>\n<\/div>\n<\/div>\n<\/div>\n<\/div>\n<div class=\"aplus-brandstory-pagination\"><\/div>\n<\/div>\n<\/div>\n<\/div>\n<\/div>\n<\/div>\n<div id=\"aplus_feature_div\" class=\"celwidget pd_rd_w-dlGAY pd_rd_r-DW501CCAS1WTYPXF5H22 pd_rd_wg-TYon8\" data-feature-name=\"aplus\" data-csa-c-type=\"widget\" data-csa-c-content-id=\"aplus\" data-csa-c-slot-id=\"aplus_feature_div\" data-csa-c-asin=\"\" data-csa-c-is-in-initial-active-row=\"false\" data-csa-c-id=\"5yipjh-x5ihsx-s4jyhr-gy1tun\" data-cel-widget=\"aplus_feature_div\">\n<div id=\"aplus\" class=\"a-section a-spacing-large bucket\">\n<div lang=\"fr_FR\">\n<div class=\"aplus-v2 desktop celwidget\" data-csa-c-id=\"nvu21j-ybxqgb-sv40r5-tkp5ao\" data-cel-widget=\"aplus\">\n<div class=\"celwidget aplus-module premium-module-2-fullbackground-text aplus-premium\" data-csa-c-id=\"5t2evj-255ouy-tk2vds-umovsc\" data-cel-widget=\"aplus-premium-module-2-fullbackground-text\">\n<div class=\"a-section a-spacing-none premium-aplus premium-aplus-module-2\">\n<div class=\"a-section a-spacing-none premium-background-wrapper\">\n<div class=\"a-section a-spacing-none background-image\"><img decoding=\"async\" class=\"\" src=\"https:\/\/m.media-amazon.com\/images\/S\/aplus-media-library-service-media\/19cb4362-0f7c-4485-ac67-9997996b41ad.__CR0,1193,5000,2049_PT0_SX1464_V1___.jpg\" alt=\"aspirateur balai sans fil hoover\" data-src=\"https:\/\/m.media-amazon.com\/images\/S\/aplus-media-library-service-media\/19cb4362-0f7c-4485-ac67-9997996b41ad.__CR0,1193,5000,2049_PT0_SX1464_V1___.jpg\" \/><\/div>\n<div class=\"a-section a-spacing-none premium-intro-wrapper right secondary-color\">\n<div class=\"a-section a-spacing-none premium-intro-content-container\">\n<div class=\"a-section a-spacing-none premium-intro-content-column\">\n<div class=\"a-section a-spacing-none premium-intro-background black-background\">\n<h2 class=\"aplus-accent1 aplus-module-2-topic a-text-bold\">H-FREE 100<\/h2>\n<h1 class=\"aplus-h1 aplus-module-2-heading a-text-bold\">Aspirateur balai sans fil Hoover HF122GPT<\/h1>\n<div class=\"a-section a-spacing-none premium-intro-paragraph\">\n<p class=\"aplus-p2 aplus-module-2-description\">Malin, pratique, l\u00e9ger, maniable et puissant, l&rsquo;aspirateur balai sans fil HF122GPT est id\u00e9al pour nettoyer votre int\u00e9rieur en toute simplicit\u00e9.<\/p>\n<\/div>\n<\/div>\n<\/div>\n<\/div>\n<\/div>\n<\/div>\n<div class=\"a-section a-text-center\"><\/div>\n<\/div>\n<\/div>\n<div class=\"celwidget aplus-module premium-module-3-four-column-images aplus-premium\" data-csa-c-id=\"fgie0u-hfpvkh-guz764-shsag\" data-cel-widget=\"aplus-premium-module-3-four-column-images\">\n<div class=\"a-section a-spacing-none premium-aplus premium-aplus-module-3 aplus-container-1\">\n<h1 class=\"a-text-center premium-module-3-heading aplus-h1 a-text-bold\">Aspirateur Balai Haute performance, Accessoires embarqu\u00e9s, Position Park&amp;Go<\/h1>\n<div class=\"a-section a-spacing-none premium-aplus-four-column\">\n<div class=\"a-section a-spacing-none premium-aplus-column\">\n<div class=\"a-section a-spacing-none {'column-image'}\"><img decoding=\"async\" class=\"\" src=\"https:\/\/m.media-amazon.com\/images\/S\/aplus-media-library-service-media\/19cb4362-0f7c-4485-ac67-9997996b41ad.__CR403,1111,2963,2222_PT0_SX300_V1___.jpg\" alt=\"aspirateur balai sans fil hoover\" data-src=\"https:\/\/m.media-amazon.com\/images\/S\/aplus-media-library-service-media\/19cb4362-0f7c-4485-ac67-9997996b41ad.__CR403,1111,2963,2222_PT0_SX300_V1___.jpg\" \/><\/div>\n<div class=\"a-section a-spacing-none column-heading\">\n<h1 class=\"aplus-h3 a-text-bold\">Position Park&amp;Go<\/h1>\n<\/div>\n<div class=\"a-section a-spacing-none column-description\">\n<p class=\"aplus-p3\">Besoin d&rsquo;une pause ? Pas de probl\u00e8me ! Gr\u00e2ce \u00e0 la fonction Park&amp;Go, stationnez votre aspirateur en position verticale.<\/p>\n<\/div>\n<\/div>\n<div class=\"a-section a-spacing-none premium-aplus-column\">\n<div class=\"a-section a-spacing-none {'column-image'}\"><img decoding=\"async\" class=\"\" src=\"https:\/\/m.media-amazon.com\/images\/S\/aplus-media-library-service-media\/b53513bb-1320-4ba1-8d82-6db17be615e3.__CR0,4,1000,750_PT0_SX300_V1___.jpg\" alt=\"aspirateur balai sans fil hoover\" data-src=\"https:\/\/m.media-amazon.com\/images\/S\/aplus-media-library-service-media\/b53513bb-1320-4ba1-8d82-6db17be615e3.__CR0,4,1000,750_PT0_SX300_V1___.jpg\" \/><\/div>\n<div class=\"a-section a-spacing-none column-heading\">\n<h1 class=\"aplus-h3 a-text-bold\">Maxi capacit\u00e9 et vidage facile<\/h1>\n<\/div>\n<div class=\"a-section a-spacing-none column-description\">\n<p class=\"aplus-p3\">Avec son large r\u00e9servoir de 0,9L et son vidage facile en une pression, profitez d&rsquo;une maintenance rapide et plus espac\u00e9 dans le temps.<\/p>\n<\/div>\n<\/div>\n<div class=\"a-section a-spacing-none premium-aplus-column\">\n<div class=\"a-section a-spacing-none {'column-image'}\"><img decoding=\"async\" class=\"\" src=\"https:\/\/m.media-amazon.com\/images\/S\/aplus-media-library-service-media\/0b93a3f3-aec7-4613-8876-e351f4c3e2bb.__CR0,319,793,595_PT0_SX300_V1___.jpg\" alt=\"aspirateur balai sans fil hoover\" data-src=\"https:\/\/m.media-amazon.com\/images\/S\/aplus-media-library-service-media\/0b93a3f3-aec7-4613-8876-e351f4c3e2bb.__CR0,319,793,595_PT0_SX300_V1___.jpg\" \/><\/div>\n<div class=\"a-section a-spacing-none column-heading\">\n<h1 class=\"aplus-h3 a-text-bold\">Eclairage LED<\/h1>\n<\/div>\n<div class=\"a-section a-spacing-none column-description\">\n<p class=\"aplus-p3\">Gr\u00e2ce \u00e0 sa brosse avec \u00e9clairage LED int\u00e9gr\u00e9, d\u00e9tectez facilement la poussi\u00e8re cach\u00e9e dans les recoins sombres pendant votre nettoyage.<\/p>\n<\/div>\n<\/div>\n<div class=\"a-section a-spacing-none premium-aplus-column\">\n<div class=\"a-section a-spacing-none {'column-image'}\"><img decoding=\"async\" class=\"\" src=\"https:\/\/m.media-amazon.com\/images\/S\/aplus-media-library-service-media\/43b1974f-53e4-4a2f-883c-afd452949444.__CR0,0,943,707_PT0_SX300_V1___.jpg\" alt=\"aspirateur balai sans fil hoover\" data-src=\"https:\/\/m.media-amazon.com\/images\/S\/aplus-media-library-service-media\/43b1974f-53e4-4a2f-883c-afd452949444.__CR0,0,943,707_PT0_SX300_V1___.jpg\" \/><\/div>\n<div class=\"a-section a-spacing-none column-heading\">\n<h1 class=\"aplus-h3 a-text-bold\">Brosse anti poils d&rsquo;animaux<\/h1>\n<\/div>\n<div class=\"a-section a-spacing-none column-description\">\n<p class=\"aplus-p3\">Avec la mini turbobrosse, dites adieu aux cheveux et aux poils d&rsquo;animaux pr\u00e9sents sur votre canap\u00e9, vos meubles, tapis et marches d&rsquo;escaliers. H-FREE 100<\/p>\n<\/div>\n<\/div>\n<\/div>\n<\/div>\n<\/div>\n<\/div>\n<\/div>\n<\/div>\n<\/div>\n","protected":false},"excerpt":{"rendered":"<pre>Puissance : 150 W \u2013 50 AW\r\nAspiration : 10 000 Pa\r\nBatterie lithium 22,2V, 2200 mAh \u2013 Amovible\r\nAutonomie : 40 min (ECO) \u2013 20 min (TURBO)<\/pre>\n","protected":false},"featured_media":11567,"comment_status":"open","ping_status":"closed","template":"","meta":[],"product_brand":[718],"product_cat":[136,133,134],"product_tag":[],"class_list":{"0":"post-11565","1":"product","2":"type-product","3":"status-publish","4":"has-post-thumbnail","6":"product_brand-hoover","7":"product_cat-aspirateurs","8":"product_cat-electromenager","9":"product_cat-entretien-maison","11":"first","12":"instock","13":"shipping-taxable","14":"purchasable","15":"product-type-simple"},"yoast_head":"<!-- This site is optimized with the Yoast SEO Premium plugin v27.1 (Yoast SEO v27.1) - https:\/\/yoast.com\/product\/yoast-seo-premium-wordpress\/ -->\n<title>ASPIRATEUR HOOVER H-FREE 100 BALAI SANS FIL - PAYLESS MAROC<\/title>\n<meta name=\"robots\" content=\"index, follow, max-snippet:-1, max-image-preview:large, max-video-preview:-1\" \/>\n<link rel=\"canonical\" href=\"https:\/\/pay4less.ma\/?product=aspirateur-hoover-h-free-100-balai-sans-fil\" \/>\n<meta property=\"og:locale\" content=\"fr_FR\" \/>\n<meta property=\"og:type\" content=\"article\" \/>\n<meta property=\"og:title\" content=\"ASPIRATEUR HOOVER H-FREE 100 BALAI SANS FIL\" \/>\n<meta property=\"og:description\" content=\"Puissance : 150 W \u2013 50 AW Aspiration : 10 000 Pa Batterie lithium 22,2V, 2200 mAh \u2013 Amovible Autonomie : 40 min (ECO) \u2013 20 min (TURBO)\" \/>\n<meta property=\"og:url\" content=\"https:\/\/pay4less.ma\/?product=aspirateur-hoover-h-free-100-balai-sans-fil\" \/>\n<meta property=\"og:site_name\" content=\"PAYLESS MAROC\" \/>\n<meta property=\"article:publisher\" content=\"https:\/\/www.facebook.com\/paylessmaroc\" \/>\n<meta property=\"article:modified_time\" content=\"2026-02-12T10:18:39+00:00\" \/>\n<meta property=\"og:image\" content=\"http:\/\/pay4less.ma\/wp-content\/uploads\/2026\/02\/HF122GPT-011-.png\" \/>\n\t<meta property=\"og:image:width\" content=\"700\" \/>\n\t<meta property=\"og:image:height\" content=\"800\" \/>\n\t<meta property=\"og:image:type\" content=\"image\/png\" \/>\n<meta name=\"twitter:card\" content=\"summary_large_image\" \/>\n<meta name=\"twitter:label1\" content=\"Dur\u00e9e de lecture estim\u00e9e\" \/>\n\t<meta name=\"twitter:data1\" content=\"3 minutes\" \/>\n<script type=\"application\/ld+json\" class=\"yoast-schema-graph\">{\"@context\":\"https:\/\/schema.org\",\"@graph\":[{\"@type\":\"WebPage\",\"@id\":\"https:\/\/pay4less.ma\/?product=aspirateur-hoover-h-free-100-balai-sans-fil\",\"url\":\"https:\/\/pay4less.ma\/?product=aspirateur-hoover-h-free-100-balai-sans-fil\",\"name\":\"ASPIRATEUR HOOVER H-FREE 100 BALAI SANS FIL - PAYLESS MAROC\",\"isPartOf\":{\"@id\":\"https:\/\/pay4less.ma\/#website\"},\"primaryImageOfPage\":{\"@id\":\"https:\/\/pay4less.ma\/?product=aspirateur-hoover-h-free-100-balai-sans-fil#primaryimage\"},\"image\":{\"@id\":\"https:\/\/pay4less.ma\/?product=aspirateur-hoover-h-free-100-balai-sans-fil#primaryimage\"},\"thumbnailUrl\":\"https:\/\/pay4less.ma\/wp-content\/uploads\/2026\/02\/HF122GPT-011-.png\",\"datePublished\":\"2026-02-12T10:01:43+00:00\",\"dateModified\":\"2026-02-12T10:18:39+00:00\",\"breadcrumb\":{\"@id\":\"https:\/\/pay4less.ma\/?product=aspirateur-hoover-h-free-100-balai-sans-fil#breadcrumb\"},\"inLanguage\":\"fr-FR\",\"potentialAction\":[{\"@type\":\"ReadAction\",\"target\":[\"https:\/\/pay4less.ma\/?product=aspirateur-hoover-h-free-100-balai-sans-fil\"]}]},{\"@type\":\"ImageObject\",\"inLanguage\":\"fr-FR\",\"@id\":\"https:\/\/pay4less.ma\/?product=aspirateur-hoover-h-free-100-balai-sans-fil#primaryimage\",\"url\":\"https:\/\/pay4less.ma\/wp-content\/uploads\/2026\/02\/HF122GPT-011-.png\",\"contentUrl\":\"https:\/\/pay4less.ma\/wp-content\/uploads\/2026\/02\/HF122GPT-011-.png\",\"width\":700,\"height\":800},{\"@type\":\"BreadcrumbList\",\"@id\":\"https:\/\/pay4less.ma\/?product=aspirateur-hoover-h-free-100-balai-sans-fil#breadcrumb\",\"itemListElement\":[{\"@type\":\"ListItem\",\"position\":1,\"name\":\"Accueil\",\"item\":\"https:\/\/pay4less.ma\/\"},{\"@type\":\"ListItem\",\"position\":2,\"name\":\"Shop\",\"item\":\"https:\/\/pay4less.ma\/?page_id=10644\"},{\"@type\":\"ListItem\",\"position\":3,\"name\":\"ASPIRATEUR HOOVER H-FREE 100 BALAI SANS FIL\"}]},{\"@type\":\"WebSite\",\"@id\":\"https:\/\/pay4less.ma\/#website\",\"url\":\"https:\/\/pay4less.ma\/\",\"name\":\"PAYLESS MAROC\",\"description\":\"PAYLESS \u2013 Votre sp\u00e9cialiste en \u00e9lectrom\u00e9nager, TV et PC au Maroc. Qualit\u00e9, prix justes et service de confiance.\",\"publisher\":{\"@id\":\"https:\/\/pay4less.ma\/#organization\"},\"alternateName\":\"PAY4LESS\",\"potentialAction\":[{\"@type\":\"SearchAction\",\"target\":{\"@type\":\"EntryPoint\",\"urlTemplate\":\"https:\/\/pay4less.ma\/?s={search_term_string}\"},\"query-input\":{\"@type\":\"PropertyValueSpecification\",\"valueRequired\":true,\"valueName\":\"search_term_string\"}}],\"inLanguage\":\"fr-FR\"},{\"@type\":\"Organization\",\"@id\":\"https:\/\/pay4less.ma\/#organization\",\"name\":\"PAYLESS MAROC\",\"alternateName\":\"PAY4LESS\",\"url\":\"https:\/\/pay4less.ma\/\",\"logo\":{\"@type\":\"ImageObject\",\"inLanguage\":\"fr-FR\",\"@id\":\"https:\/\/pay4less.ma\/#\/schema\/logo\/image\/\",\"url\":\"https:\/\/pay4less.ma\/wp-content\/uploads\/2025\/12\/350X100-PX.png\",\"contentUrl\":\"https:\/\/pay4less.ma\/wp-content\/uploads\/2025\/12\/350X100-PX.png\",\"width\":350,\"height\":100,\"caption\":\"PAYLESS MAROC\"},\"image\":{\"@id\":\"https:\/\/pay4less.ma\/#\/schema\/logo\/image\/\"},\"sameAs\":[\"https:\/\/www.facebook.com\/paylessmaroc\",\"https:\/\/instagram.com\/paylessmaroc1\"]}]}<\/script>\n<!-- \/ Yoast SEO Premium plugin. -->","yoast_head_json":{"title":"ASPIRATEUR HOOVER H-FREE 100 BALAI SANS FIL - PAYLESS MAROC","robots":{"index":"index","follow":"follow","max-snippet":"max-snippet:-1","max-image-preview":"max-image-preview:large","max-video-preview":"max-video-preview:-1"},"canonical":"https:\/\/pay4less.ma\/?product=aspirateur-hoover-h-free-100-balai-sans-fil","og_locale":"fr_FR","og_type":"article","og_title":"ASPIRATEUR HOOVER H-FREE 100 BALAI SANS FIL","og_description":"Puissance : 150 W \u2013 50 AW Aspiration : 10 000 Pa Batterie lithium 22,2V, 2200 mAh \u2013 Amovible Autonomie : 40 min (ECO) \u2013 20 min (TURBO)","og_url":"https:\/\/pay4less.ma\/?product=aspirateur-hoover-h-free-100-balai-sans-fil","og_site_name":"PAYLESS MAROC","article_publisher":"https:\/\/www.facebook.com\/paylessmaroc","article_modified_time":"2026-02-12T10:18:39+00:00","og_image":[{"width":700,"height":800,"url":"http:\/\/pay4less.ma\/wp-content\/uploads\/2026\/02\/HF122GPT-011-.png","type":"image\/png"}],"twitter_card":"summary_large_image","twitter_misc":{"Dur\u00e9e de lecture estim\u00e9e":"3 minutes"},"schema":{"@context":"https:\/\/schema.org","@graph":[{"@type":"WebPage","@id":"https:\/\/pay4less.ma\/?product=aspirateur-hoover-h-free-100-balai-sans-fil","url":"https:\/\/pay4less.ma\/?product=aspirateur-hoover-h-free-100-balai-sans-fil","name":"ASPIRATEUR HOOVER H-FREE 100 BALAI SANS FIL - PAYLESS MAROC","isPartOf":{"@id":"https:\/\/pay4less.ma\/#website"},"primaryImageOfPage":{"@id":"https:\/\/pay4less.ma\/?product=aspirateur-hoover-h-free-100-balai-sans-fil#primaryimage"},"image":{"@id":"https:\/\/pay4less.ma\/?product=aspirateur-hoover-h-free-100-balai-sans-fil#primaryimage"},"thumbnailUrl":"https:\/\/pay4less.ma\/wp-content\/uploads\/2026\/02\/HF122GPT-011-.png","datePublished":"2026-02-12T10:01:43+00:00","dateModified":"2026-02-12T10:18:39+00:00","breadcrumb":{"@id":"https:\/\/pay4less.ma\/?product=aspirateur-hoover-h-free-100-balai-sans-fil#breadcrumb"},"inLanguage":"fr-FR","potentialAction":[{"@type":"ReadAction","target":["https:\/\/pay4less.ma\/?product=aspirateur-hoover-h-free-100-balai-sans-fil"]}]},{"@type":"ImageObject","inLanguage":"fr-FR","@id":"https:\/\/pay4less.ma\/?product=aspirateur-hoover-h-free-100-balai-sans-fil#primaryimage","url":"https:\/\/pay4less.ma\/wp-content\/uploads\/2026\/02\/HF122GPT-011-.png","contentUrl":"https:\/\/pay4less.ma\/wp-content\/uploads\/2026\/02\/HF122GPT-011-.png","width":700,"height":800},{"@type":"BreadcrumbList","@id":"https:\/\/pay4less.ma\/?product=aspirateur-hoover-h-free-100-balai-sans-fil#breadcrumb","itemListElement":[{"@type":"ListItem","position":1,"name":"Accueil","item":"https:\/\/pay4less.ma\/"},{"@type":"ListItem","position":2,"name":"Shop","item":"https:\/\/pay4less.ma\/?page_id=10644"},{"@type":"ListItem","position":3,"name":"ASPIRATEUR HOOVER H-FREE 100 BALAI SANS FIL"}]},{"@type":"WebSite","@id":"https:\/\/pay4less.ma\/#website","url":"https:\/\/pay4less.ma\/","name":"PAYLESS MAROC","description":"PAYLESS \u2013 Votre sp\u00e9cialiste en \u00e9lectrom\u00e9nager, TV et PC au Maroc. Qualit\u00e9, prix justes et service de confiance.","publisher":{"@id":"https:\/\/pay4less.ma\/#organization"},"alternateName":"PAY4LESS","potentialAction":[{"@type":"SearchAction","target":{"@type":"EntryPoint","urlTemplate":"https:\/\/pay4less.ma\/?s={search_term_string}"},"query-input":{"@type":"PropertyValueSpecification","valueRequired":true,"valueName":"search_term_string"}}],"inLanguage":"fr-FR"},{"@type":"Organization","@id":"https:\/\/pay4less.ma\/#organization","name":"PAYLESS MAROC","alternateName":"PAY4LESS","url":"https:\/\/pay4less.ma\/","logo":{"@type":"ImageObject","inLanguage":"fr-FR","@id":"https:\/\/pay4less.ma\/#\/schema\/logo\/image\/","url":"https:\/\/pay4less.ma\/wp-content\/uploads\/2025\/12\/350X100-PX.png","contentUrl":"https:\/\/pay4less.ma\/wp-content\/uploads\/2025\/12\/350X100-PX.png","width":350,"height":100,"caption":"PAYLESS MAROC"},"image":{"@id":"https:\/\/pay4less.ma\/#\/schema\/logo\/image\/"},"sameAs":["https:\/\/www.facebook.com\/paylessmaroc","https:\/\/instagram.com\/paylessmaroc1"]}]}},"jetpack_sharing_enabled":true,"_links":{"self":[{"href":"https:\/\/pay4less.ma\/index.php?rest_route=\/wp\/v2\/product\/11565","targetHints":{"allow":["GET"]}}],"collection":[{"href":"https:\/\/pay4less.ma\/index.php?rest_route=\/wp\/v2\/product"}],"about":[{"href":"https:\/\/pay4less.ma\/index.php?rest_route=\/wp\/v2\/types\/product"}],"replies":[{"embeddable":true,"href":"https:\/\/pay4less.ma\/index.php?rest_route=%2Fwp%2Fv2%2Fcomments&post=11565"}],"version-history":[{"count":1,"href":"https:\/\/pay4less.ma\/index.php?rest_route=\/wp\/v2\/product\/11565\/revisions"}],"predecessor-version":[{"id":11566,"href":"https:\/\/pay4less.ma\/index.php?rest_route=\/wp\/v2\/product\/11565\/revisions\/11566"}],"wp:featuredmedia":[{"embeddable":true,"href":"https:\/\/pay4less.ma\/index.php?rest_route=\/wp\/v2\/media\/11567"}],"wp:attachment":[{"href":"https:\/\/pay4less.ma\/index.php?rest_route=%2Fwp%2Fv2%2Fmedia&parent=11565"}],"wp:term":[{"taxonomy":"product_brand","embeddable":true,"href":"https:\/\/pay4less.ma\/index.php?rest_route=%2Fwp%2Fv2%2Fproduct_brand&post=11565"},{"taxonomy":"product_cat","embeddable":true,"href":"https:\/\/pay4less.ma\/index.php?rest_route=%2Fwp%2Fv2%2Fproduct_cat&post=11565"},{"taxonomy":"product_tag","embeddable":true,"href":"https:\/\/pay4less.ma\/index.php?rest_route=%2Fwp%2Fv2%2Fproduct_tag&post=11565"}],"curies":[{"name":"wp","href":"https:\/\/api.w.org\/{rel}","templated":true}]}}