{"id":11573,"date":"2026-02-16T15:58:08","date_gmt":"2026-02-16T15:58:08","guid":{"rendered":"https:\/\/pay4less.ma\/?post_type=product&#038;p=11573"},"modified":"2026-02-16T16:01:25","modified_gmt":"2026-02-16T16:01:25","slug":"air-fryer-schneider-8l-dual-4l4l-noir","status":"publish","type":"product","link":"https:\/\/pay4less.ma\/?product=air-fryer-schneider-8l-dual-4l4l-noir","title":{"rendered":"AIR FRYER SCHNEIDER 8L DUAL 4L+4L NOIR"},"content":{"rendered":"<p>Friteuse \u00e0 air intelligente \u00e0 double cuve 4 L + cuve de 4 L<\/p>\n<p>Num\u00e9ro de mod\u00e8le : ZD2115A-L (\u00e9cran tactile)<br \/>\nLes commandes doubles permettent des r\u00e9glages individuels pour chaque pot<\/p>\n<p>Caract\u00e9ristiques:<br \/>\n1. Casseroles doubles pour cuire 2 aliments de 2 mani\u00e8res, sans m\u00e9langer les odeurs des aliments.<br \/>\n2. Panneau enti\u00e8rement num\u00e9rique facile \u00e0 utiliser avec 10 menus pr\u00e9d\u00e9finis \u00e0 une touche + 4 menus pr\u00e9d\u00e9finis d&rsquo;assistance.<br \/>\n3. Avec des programmes de cuisson pour les deux casseroles via le r\u00e9glage du temps et de la temp\u00e9rature.<br \/>\n4. Les aliments cuisent dans un tourbillon pour plus de croustillant et de croquant, avec une circulation d&rsquo;air chaud \u00e0 360\u00b0.<br \/>\n5. Jusqu&rsquo;\u00e0 85 % de calories en moins provenant des mati\u00e8res grasses par rapport \u00e0 la friture.<br \/>\nConception multi-usage 6,7 en 1 : r\u00e9chauffage, friteuse \u00e0 air, d\u00e9shydrateur, cuisson, r\u00f4tissoire, maintien au chaud, d\u00e9cong\u00e9lation.<br \/>\n7. Rev\u00eatement antiadh\u00e9sif, facile \u00e0 nettoyer et pi\u00e8ces lavables au lave-vaisselle.<br \/>\n8. Bo\u00eetier et poign\u00e9e isolants.<br \/>\n9. Protection contre la surchauffe.<br \/>\n10. Pieds antid\u00e9rapants.<\/p>\n","protected":false},"excerpt":{"rendered":"<pre>MARQUE : SCHNEIDER \r\nNOMBRE DE PROGRAMMES : 11\r\nCAPACITE : 2 x 4 litres \r\nPUISSANCE : 1600-1800 WATT<\/pre>\n","protected":false},"featured_media":11574,"comment_status":"open","ping_status":"closed","template":"","meta":[],"product_brand":[127],"product_cat":[133,723,144],"product_tag":[],"class_list":{"0":"post-11573","1":"product","2":"type-product","3":"status-publish","4":"has-post-thumbnail","6":"product_brand-schneider","7":"product_cat-electromenager","8":"product_cat-friteuse-airfryer","9":"product_cat-petit-electromenager","11":"first","12":"instock","13":"sale","14":"shipping-taxable","15":"purchasable","16":"product-type-simple"},"yoast_head":"<!-- This site is optimized with the Yoast SEO Premium plugin v27.1 (Yoast SEO v27.1) - https:\/\/yoast.com\/product\/yoast-seo-premium-wordpress\/ -->\n<title>AIR FRYER SCHNEIDER 8L DUAL 4L+4L NOIR - PAYLESS MAROC<\/title>\n<meta name=\"description\" content=\"Caract\u00e9ristique, D\u00e9tail. Finition, Noir. Puissance, 1800 Watt. \u00c9cran, Tactile. Capacit\u00e9 (L), 8 L. Temp\u00e9rature (\u00b0C), 45\u00b0 \u00e0 200\u00b0 C. Nombre de programmes, 11.\" \/>\n<meta name=\"robots\" content=\"index, follow, max-snippet:-1, max-image-preview:large, max-video-preview:-1\" \/>\n<link rel=\"canonical\" href=\"https:\/\/pay4less.ma\/?product=air-fryer-schneider-8l-dual-4l4l-noir\" \/>\n<meta property=\"og:locale\" content=\"fr_FR\" \/>\n<meta property=\"og:type\" content=\"article\" \/>\n<meta property=\"og:title\" content=\"PAYLESS MAROC AIR FRYER SCHNEIDER 8L DUAL 4L+4L NOIR\" \/>\n<meta property=\"og:description\" content=\"Caract\u00e9ristique, D\u00e9tail. Finition, Noir. Puissance, 1800 Watt. \u00c9cran, Tactile. Capacit\u00e9 (L), 8 L. Temp\u00e9rature (\u00b0C), 45\u00b0 \u00e0 200\u00b0 C. Nombre de programmes, 11.\" \/>\n<meta property=\"og:url\" content=\"https:\/\/pay4less.ma\/?product=air-fryer-schneider-8l-dual-4l4l-noir\" \/>\n<meta property=\"og:site_name\" content=\"PAYLESS MAROC\" \/>\n<meta property=\"article:publisher\" content=\"https:\/\/www.facebook.com\/paylessmaroc\" \/>\n<meta property=\"article:modified_time\" content=\"2026-02-16T16:01:25+00:00\" \/>\n<meta property=\"og:image\" content=\"http:\/\/pay4less.ma\/wp-content\/uploads\/2026\/02\/air-fryer-schneider-dual-4l4l-noir.png\" \/>\n\t<meta property=\"og:image:width\" content=\"700\" \/>\n\t<meta property=\"og:image:height\" content=\"800\" \/>\n\t<meta property=\"og:image:type\" content=\"image\/png\" \/>\n<meta name=\"twitter:card\" content=\"summary_large_image\" \/>\n<meta name=\"twitter:title\" content=\"AIR FRYER SCHNEIDER 8L DUAL 4L+4L NOIR\" \/>\n<meta name=\"twitter:label1\" content=\"Dur\u00e9e de lecture estim\u00e9e\" \/>\n\t<meta name=\"twitter:data1\" content=\"2 minutes\" \/>\n<script type=\"application\/ld+json\" class=\"yoast-schema-graph\">{\"@context\":\"https:\/\/schema.org\",\"@graph\":[{\"@type\":\"WebPage\",\"@id\":\"https:\/\/pay4less.ma\/?product=air-fryer-schneider-8l-dual-4l4l-noir\",\"url\":\"https:\/\/pay4less.ma\/?product=air-fryer-schneider-8l-dual-4l4l-noir\",\"name\":\"AIR FRYER SCHNEIDER 8L DUAL 4L+4L NOIR - PAYLESS MAROC\",\"isPartOf\":{\"@id\":\"https:\/\/pay4less.ma\/#website\"},\"primaryImageOfPage\":{\"@id\":\"https:\/\/pay4less.ma\/?product=air-fryer-schneider-8l-dual-4l4l-noir#primaryimage\"},\"image\":{\"@id\":\"https:\/\/pay4less.ma\/?product=air-fryer-schneider-8l-dual-4l4l-noir#primaryimage\"},\"thumbnailUrl\":\"https:\/\/pay4less.ma\/wp-content\/uploads\/2026\/02\/air-fryer-schneider-dual-4l4l-noir.png\",\"datePublished\":\"2026-02-16T15:58:08+00:00\",\"dateModified\":\"2026-02-16T16:01:25+00:00\",\"description\":\"Caract\u00e9ristique, D\u00e9tail. Finition, Noir. Puissance, 1800 Watt. \u00c9cran, Tactile. Capacit\u00e9 (L), 8 L. Temp\u00e9rature (\u00b0C), 45\u00b0 \u00e0 200\u00b0 C. Nombre de programmes, 11.\",\"breadcrumb\":{\"@id\":\"https:\/\/pay4less.ma\/?product=air-fryer-schneider-8l-dual-4l4l-noir#breadcrumb\"},\"inLanguage\":\"fr-FR\",\"potentialAction\":[{\"@type\":\"ReadAction\",\"target\":[\"https:\/\/pay4less.ma\/?product=air-fryer-schneider-8l-dual-4l4l-noir\"]}]},{\"@type\":\"ImageObject\",\"inLanguage\":\"fr-FR\",\"@id\":\"https:\/\/pay4less.ma\/?product=air-fryer-schneider-8l-dual-4l4l-noir#primaryimage\",\"url\":\"https:\/\/pay4less.ma\/wp-content\/uploads\/2026\/02\/air-fryer-schneider-dual-4l4l-noir.png\",\"contentUrl\":\"https:\/\/pay4less.ma\/wp-content\/uploads\/2026\/02\/air-fryer-schneider-dual-4l4l-noir.png\",\"width\":700,\"height\":800},{\"@type\":\"BreadcrumbList\",\"@id\":\"https:\/\/pay4less.ma\/?product=air-fryer-schneider-8l-dual-4l4l-noir#breadcrumb\",\"itemListElement\":[{\"@type\":\"ListItem\",\"position\":1,\"name\":\"Accueil\",\"item\":\"https:\/\/pay4less.ma\/\"},{\"@type\":\"ListItem\",\"position\":2,\"name\":\"Shop\",\"item\":\"https:\/\/pay4less.ma\/?page_id=10644\"},{\"@type\":\"ListItem\",\"position\":3,\"name\":\"AIR FRYER SCHNEIDER 8L DUAL 4L+4L NOIR\"}]},{\"@type\":\"WebSite\",\"@id\":\"https:\/\/pay4less.ma\/#website\",\"url\":\"https:\/\/pay4less.ma\/\",\"name\":\"PAYLESS MAROC\",\"description\":\"PAYLESS \u2013 Votre sp\u00e9cialiste en \u00e9lectrom\u00e9nager, TV et PC au Maroc. Qualit\u00e9, prix justes et service de confiance.\",\"publisher\":{\"@id\":\"https:\/\/pay4less.ma\/#organization\"},\"alternateName\":\"PAY4LESS\",\"potentialAction\":[{\"@type\":\"SearchAction\",\"target\":{\"@type\":\"EntryPoint\",\"urlTemplate\":\"https:\/\/pay4less.ma\/?s={search_term_string}\"},\"query-input\":{\"@type\":\"PropertyValueSpecification\",\"valueRequired\":true,\"valueName\":\"search_term_string\"}}],\"inLanguage\":\"fr-FR\"},{\"@type\":\"Organization\",\"@id\":\"https:\/\/pay4less.ma\/#organization\",\"name\":\"PAYLESS MAROC\",\"alternateName\":\"PAY4LESS\",\"url\":\"https:\/\/pay4less.ma\/\",\"logo\":{\"@type\":\"ImageObject\",\"inLanguage\":\"fr-FR\",\"@id\":\"https:\/\/pay4less.ma\/#\/schema\/logo\/image\/\",\"url\":\"https:\/\/pay4less.ma\/wp-content\/uploads\/2025\/12\/350X100-PX.png\",\"contentUrl\":\"https:\/\/pay4less.ma\/wp-content\/uploads\/2025\/12\/350X100-PX.png\",\"width\":350,\"height\":100,\"caption\":\"PAYLESS MAROC\"},\"image\":{\"@id\":\"https:\/\/pay4less.ma\/#\/schema\/logo\/image\/\"},\"sameAs\":[\"https:\/\/www.facebook.com\/paylessmaroc\",\"https:\/\/instagram.com\/paylessmaroc1\"]}]}<\/script>\n<!-- \/ Yoast SEO Premium plugin. -->","yoast_head_json":{"title":"AIR FRYER SCHNEIDER 8L DUAL 4L+4L NOIR - PAYLESS MAROC","description":"Caract\u00e9ristique, D\u00e9tail. Finition, Noir. Puissance, 1800 Watt. \u00c9cran, Tactile. Capacit\u00e9 (L), 8 L. Temp\u00e9rature (\u00b0C), 45\u00b0 \u00e0 200\u00b0 C. Nombre de programmes, 11.","robots":{"index":"index","follow":"follow","max-snippet":"max-snippet:-1","max-image-preview":"max-image-preview:large","max-video-preview":"max-video-preview:-1"},"canonical":"https:\/\/pay4less.ma\/?product=air-fryer-schneider-8l-dual-4l4l-noir","og_locale":"fr_FR","og_type":"article","og_title":"PAYLESS MAROC AIR FRYER SCHNEIDER 8L DUAL 4L+4L NOIR","og_description":"Caract\u00e9ristique, D\u00e9tail. Finition, Noir. Puissance, 1800 Watt. \u00c9cran, Tactile. Capacit\u00e9 (L), 8 L. Temp\u00e9rature (\u00b0C), 45\u00b0 \u00e0 200\u00b0 C. Nombre de programmes, 11.","og_url":"https:\/\/pay4less.ma\/?product=air-fryer-schneider-8l-dual-4l4l-noir","og_site_name":"PAYLESS MAROC","article_publisher":"https:\/\/www.facebook.com\/paylessmaroc","article_modified_time":"2026-02-16T16:01:25+00:00","og_image":[{"width":700,"height":800,"url":"http:\/\/pay4less.ma\/wp-content\/uploads\/2026\/02\/air-fryer-schneider-dual-4l4l-noir.png","type":"image\/png"}],"twitter_card":"summary_large_image","twitter_title":"AIR FRYER SCHNEIDER 8L DUAL 4L+4L NOIR","twitter_misc":{"Dur\u00e9e de lecture estim\u00e9e":"2 minutes"},"schema":{"@context":"https:\/\/schema.org","@graph":[{"@type":"WebPage","@id":"https:\/\/pay4less.ma\/?product=air-fryer-schneider-8l-dual-4l4l-noir","url":"https:\/\/pay4less.ma\/?product=air-fryer-schneider-8l-dual-4l4l-noir","name":"AIR FRYER SCHNEIDER 8L DUAL 4L+4L NOIR - PAYLESS MAROC","isPartOf":{"@id":"https:\/\/pay4less.ma\/#website"},"primaryImageOfPage":{"@id":"https:\/\/pay4less.ma\/?product=air-fryer-schneider-8l-dual-4l4l-noir#primaryimage"},"image":{"@id":"https:\/\/pay4less.ma\/?product=air-fryer-schneider-8l-dual-4l4l-noir#primaryimage"},"thumbnailUrl":"https:\/\/pay4less.ma\/wp-content\/uploads\/2026\/02\/air-fryer-schneider-dual-4l4l-noir.png","datePublished":"2026-02-16T15:58:08+00:00","dateModified":"2026-02-16T16:01:25+00:00","description":"Caract\u00e9ristique, D\u00e9tail. Finition, Noir. Puissance, 1800 Watt. \u00c9cran, Tactile. Capacit\u00e9 (L), 8 L. Temp\u00e9rature (\u00b0C), 45\u00b0 \u00e0 200\u00b0 C. Nombre de programmes, 11.","breadcrumb":{"@id":"https:\/\/pay4less.ma\/?product=air-fryer-schneider-8l-dual-4l4l-noir#breadcrumb"},"inLanguage":"fr-FR","potentialAction":[{"@type":"ReadAction","target":["https:\/\/pay4less.ma\/?product=air-fryer-schneider-8l-dual-4l4l-noir"]}]},{"@type":"ImageObject","inLanguage":"fr-FR","@id":"https:\/\/pay4less.ma\/?product=air-fryer-schneider-8l-dual-4l4l-noir#primaryimage","url":"https:\/\/pay4less.ma\/wp-content\/uploads\/2026\/02\/air-fryer-schneider-dual-4l4l-noir.png","contentUrl":"https:\/\/pay4less.ma\/wp-content\/uploads\/2026\/02\/air-fryer-schneider-dual-4l4l-noir.png","width":700,"height":800},{"@type":"BreadcrumbList","@id":"https:\/\/pay4less.ma\/?product=air-fryer-schneider-8l-dual-4l4l-noir#breadcrumb","itemListElement":[{"@type":"ListItem","position":1,"name":"Accueil","item":"https:\/\/pay4less.ma\/"},{"@type":"ListItem","position":2,"name":"Shop","item":"https:\/\/pay4less.ma\/?page_id=10644"},{"@type":"ListItem","position":3,"name":"AIR FRYER SCHNEIDER 8L DUAL 4L+4L NOIR"}]},{"@type":"WebSite","@id":"https:\/\/pay4less.ma\/#website","url":"https:\/\/pay4less.ma\/","name":"PAYLESS MAROC","description":"PAYLESS \u2013 Votre sp\u00e9cialiste en \u00e9lectrom\u00e9nager, TV et PC au Maroc. Qualit\u00e9, prix justes et service de confiance.","publisher":{"@id":"https:\/\/pay4less.ma\/#organization"},"alternateName":"PAY4LESS","potentialAction":[{"@type":"SearchAction","target":{"@type":"EntryPoint","urlTemplate":"https:\/\/pay4less.ma\/?s={search_term_string}"},"query-input":{"@type":"PropertyValueSpecification","valueRequired":true,"valueName":"search_term_string"}}],"inLanguage":"fr-FR"},{"@type":"Organization","@id":"https:\/\/pay4less.ma\/#organization","name":"PAYLESS MAROC","alternateName":"PAY4LESS","url":"https:\/\/pay4less.ma\/","logo":{"@type":"ImageObject","inLanguage":"fr-FR","@id":"https:\/\/pay4less.ma\/#\/schema\/logo\/image\/","url":"https:\/\/pay4less.ma\/wp-content\/uploads\/2025\/12\/350X100-PX.png","contentUrl":"https:\/\/pay4less.ma\/wp-content\/uploads\/2025\/12\/350X100-PX.png","width":350,"height":100,"caption":"PAYLESS MAROC"},"image":{"@id":"https:\/\/pay4less.ma\/#\/schema\/logo\/image\/"},"sameAs":["https:\/\/www.facebook.com\/paylessmaroc","https:\/\/instagram.com\/paylessmaroc1"]}]}},"jetpack_sharing_enabled":true,"_links":{"self":[{"href":"https:\/\/pay4less.ma\/index.php?rest_route=\/wp\/v2\/product\/11573","targetHints":{"allow":["GET"]}}],"collection":[{"href":"https:\/\/pay4less.ma\/index.php?rest_route=\/wp\/v2\/product"}],"about":[{"href":"https:\/\/pay4less.ma\/index.php?rest_route=\/wp\/v2\/types\/product"}],"replies":[{"embeddable":true,"href":"https:\/\/pay4less.ma\/index.php?rest_route=%2Fwp%2Fv2%2Fcomments&post=11573"}],"version-history":[{"count":1,"href":"https:\/\/pay4less.ma\/index.php?rest_route=\/wp\/v2\/product\/11573\/revisions"}],"predecessor-version":[{"id":11575,"href":"https:\/\/pay4less.ma\/index.php?rest_route=\/wp\/v2\/product\/11573\/revisions\/11575"}],"wp:featuredmedia":[{"embeddable":true,"href":"https:\/\/pay4less.ma\/index.php?rest_route=\/wp\/v2\/media\/11574"}],"wp:attachment":[{"href":"https:\/\/pay4less.ma\/index.php?rest_route=%2Fwp%2Fv2%2Fmedia&parent=11573"}],"wp:term":[{"taxonomy":"product_brand","embeddable":true,"href":"https:\/\/pay4less.ma\/index.php?rest_route=%2Fwp%2Fv2%2Fproduct_brand&post=11573"},{"taxonomy":"product_cat","embeddable":true,"href":"https:\/\/pay4less.ma\/index.php?rest_route=%2Fwp%2Fv2%2Fproduct_cat&post=11573"},{"taxonomy":"product_tag","embeddable":true,"href":"https:\/\/pay4less.ma\/index.php?rest_route=%2Fwp%2Fv2%2Fproduct_tag&post=11573"}],"curies":[{"name":"wp","href":"https:\/\/api.w.org\/{rel}","templated":true}]}}