{"id":262,"date":"2025-01-14T14:40:29","date_gmt":"2025-01-14T14:40:29","guid":{"rendered":"https:\/\/dummy.xtemos.com\/woodmart2\/marketplace2-elementor\/?post_type=product&#038;p=262"},"modified":"2026-03-23T16:07:10","modified_gmt":"2026-03-23T16:07:10","slug":"hansa-zwm-536-wh","status":"publish","type":"product","link":"https:\/\/pay4less.ma\/?product=hansa-zwm-536-wh","title":{"rendered":"LAVE VAISSELLE SCHNEIDER 6CV 8P A+++ TABLE TOP SILVER"},"content":{"rendered":"\t\t<div data-elementor-type=\"wp-post\" data-elementor-id=\"262\" class=\"elementor elementor-262\" data-elementor-post-type=\"product\">\n\t\t\t\t<div class=\"wd-negative-gap elementor-element elementor-element-287c3a0 e-flex e-con-boxed e-con e-parent\" data-id=\"287c3a0\" data-element_type=\"container\" data-e-type=\"container\">\n\t\t\t\t\t<div class=\"e-con-inner\">\n\t\t<div class=\"elementor-element elementor-element-5fb20fc e-con-full e-flex e-con e-child\" data-id=\"5fb20fc\" data-element_type=\"container\" data-e-type=\"container\">\n\t\t\t\t<div class=\"elementor-element elementor-element-c2aa036 elementor-widget elementor-widget-wd_image_or_svg\" data-id=\"c2aa036\" data-element_type=\"widget\" data-e-type=\"widget\" data-widget_type=\"wd_image_or_svg.default\">\n\t\t\t\t<div class=\"elementor-widget-container\">\n\t\t\t\t\t\n\t\t<div class=\"wd-image text-center\">\n\t\t\t\t\t\t\t\t<img loading=\"lazy\" decoding=\"async\" width=\"1000\" height=\"1000\" src=\"https:\/\/pay4less.ma\/wp-content\/uploads\/2025\/01\/lave-vaisselle-schneider-D6cv-8p-a-table-top-silver.jpg\" class=\"attachment-full size-full\" alt=\"\" srcset=\"https:\/\/pay4less.ma\/wp-content\/uploads\/2025\/01\/lave-vaisselle-schneider-D6cv-8p-a-table-top-silver.jpg 1000w, https:\/\/pay4less.ma\/wp-content\/uploads\/2025\/01\/lave-vaisselle-schneider-D6cv-8p-a-table-top-silver-300x300.jpg 300w, https:\/\/pay4less.ma\/wp-content\/uploads\/2025\/01\/lave-vaisselle-schneider-D6cv-8p-a-table-top-silver-150x150.jpg 150w, https:\/\/pay4less.ma\/wp-content\/uploads\/2025\/01\/lave-vaisselle-schneider-D6cv-8p-a-table-top-silver-768x768.jpg 768w, https:\/\/pay4less.ma\/wp-content\/uploads\/2025\/01\/lave-vaisselle-schneider-D6cv-8p-a-table-top-silver-600x600.jpg 600w\" sizes=\"auto, (max-width: 1000px) 100vw, 1000px\" \/>\t\t\t\t\t<\/div>\n\n\t\t\t\t\t\t<\/div>\n\t\t\t\t<\/div>\n\t\t\t\t<div class=\"elementor-element elementor-element-bc70524 wd-width-100 elementor-widget elementor-widget-wd_title\" data-id=\"bc70524\" data-element_type=\"widget\" data-e-type=\"widget\" data-widget_type=\"wd_title.default\">\n\t\t\t\t<div class=\"elementor-widget-container\">\n\t\t\t\t\t\t\t<div class=\"title-wrapper wd-set-mb reset-last-child wd-title-color-default wd-title-style-default wd-title-size-default text-center\">\n\n\t\t\t\n\t\t\t<div class=\"liner-continer\">\n\t\t\t\t<h4 class=\"woodmart-title-container title wd-fontsize-l\">LAVE VAISSELLE SCHNEIDER <\/h4> \n\t\t\t\t\t\t\t<\/div>\n\n\t\t\t\t\t\t\t<div class=\"title-after_title reset-last-child wd-fontsize-xs\">\n\t\t\t\t\t<p>6CV 8P A+++ TABLE TOP SILVER<\/p>\t\t\t\t<\/div>\n\t\t\t\t\t<\/div>\n\t\t\t\t\t\t<\/div>\n\t\t\t\t<\/div>\n\t\t\t\t<\/div>\n\t\t<div class=\"elementor-element elementor-element-b3fabf0 e-con-full e-flex e-con e-child\" data-id=\"b3fabf0\" data-element_type=\"container\" data-e-type=\"container\">\n\t\t\t\t<div class=\"elementor-element elementor-element-46a12bd wd-width-100 elementor-widget elementor-widget-wd_title\" data-id=\"46a12bd\" data-element_type=\"widget\" data-e-type=\"widget\" data-widget_type=\"wd_title.default\">\n\t\t\t\t<div class=\"elementor-widget-container\">\n\t\t\t\t\t\t\t<div class=\"title-wrapper wd-set-mb reset-last-child wd-title-color-default wd-title-style-default wd-title-size-default text-center\">\n\n\t\t\t\n\t\t\t<div class=\"liner-continer\">\n\t\t\t\t<h4 class=\"woodmart-title-container title wd-fontsize-l\">Offrez-vous un lavage efficace et silencieux avec ce lave-vaisselle compact de table<\/h4> \n\t\t\t\t\t\t\t<\/div>\n\n\t\t\t\t\t\t\t<div class=\"title-after_title reset-last-child wd-fontsize-xs\">\n\t\t\t\t\t<p>Au <strong>design argent\u00e9 \u00e9l\u00e9gant<\/strong>. Id\u00e9al pour les petits espaces ou les familles de taille moyenne, il peut accueillir jusqu\u2019\u00e0 <strong>6 couverts<\/strong> tout en garantissant une <strong>consommation d\u2019\u00e9nergie optimis\u00e9e<\/strong> gr\u00e2ce \u00e0 sa <strong>classe \u00e9nerg\u00e9tique A+++<\/strong>.<\/p><p>Avec un <strong>niveau sonore de seulement 49 dB(A)<\/strong>, il fonctionne discr\u00e8tement, vous permettant de profiter de votre tranquillit\u00e9. Son <strong>panneau de commande \u00e0 boutons<\/strong> avec <strong>affichage LED<\/strong> rend son utilisation simple et intuitive.<\/p><p>Ce mod\u00e8le dispose de <strong>8 programmes de lavage<\/strong> adapt\u00e9s \u00e0 tous les besoins : <strong>\u00c9co<\/strong>, <strong>Verre<\/strong>, <strong>90 minutes<\/strong>, <strong>Rapide<\/strong>, <strong>Lavage des fruits<\/strong>, <strong>Auto-nettoyage<\/strong>, <strong>Intensif<\/strong> et <strong>Normal<\/strong>. Vous pouvez \u00e9galement profiter de <strong>3 fonctions suppl\u00e9mentaires<\/strong> pour un r\u00e9sultat optimal : <strong>Power Wash<\/strong> pour un nettoyage en profondeur, <strong>Extra Drying<\/strong> pour un s\u00e9chage impeccable, et <strong>Express<\/strong> pour un lavage plus rapide.<\/p><p>L\u2019int\u00e9rieur est con\u00e7u avec <strong>un panier principal et un panier \u00e0 couverts<\/strong>, offrant un agencement pratique et efficace.<\/p><p>\u00a0<\/p><p>Compact, performant et moderne, ce lave-vaisselle de table est le choix parfait pour ceux qui recherchent <strong>un appareil fiable, \u00e9conomique et facile \u00e0 utiliser<\/strong> au quotidien.<\/p>\t\t\t\t<\/div>\n\t\t\t\t\t<\/div>\n\t\t\t\t\t\t<\/div>\n\t\t\t\t<\/div>\n\t\t\t\t<\/div>\n\t\t\t\t\t<\/div>\n\t\t\t\t<\/div>\n\t\t\t\t<\/div>\n\t\t","protected":false},"excerpt":{"rendered":"<div class=\"product-information\">\n<div id=\"product-description-short-9152\" class=\"product-short-description\">\n<p>MARQUE : SCHNEIDER<\/p>\n<p>FINITION : SILVER<\/p>\n<p>NOMBRE DE COUVERTS : 6C<\/p>\n<p>NOMBRE DE PROGRAMMES : 8 P<\/p>\n<\/div>\n<\/div>\n","protected":false},"featured_media":11223,"comment_status":"open","ping_status":"closed","template":"","meta":[],"product_brand":[127],"product_cat":[133,139,137],"product_tag":[],"class_list":{"0":"post-262","1":"product","2":"type-product","3":"status-publish","4":"has-post-thumbnail","6":"product_brand-schneider","7":"product_cat-electromenager","8":"product_cat-gros-electromenager","9":"product_cat-lave-vaisselle","11":"first","12":"outofstock","13":"shipping-taxable","14":"purchasable","15":"product-type-simple"},"yoast_head":"<!-- This site is optimized with the Yoast SEO Premium plugin v27.1 (Yoast SEO v27.1) - https:\/\/yoast.com\/product\/yoast-seo-premium-wordpress\/ -->\n<title>LAVE VAISSELLE SCHNEIDER 6CV 8P A+++ TABLE TOP SILVER - PAYLESS MAROC<\/title>\n<meta name=\"robots\" content=\"index, follow, max-snippet:-1, max-image-preview:large, max-video-preview:-1\" \/>\n<link rel=\"canonical\" href=\"https:\/\/pay4less.ma\/?product=hansa-zwm-536-wh\" \/>\n<meta property=\"og:locale\" content=\"fr_FR\" \/>\n<meta property=\"og:type\" content=\"article\" \/>\n<meta property=\"og:title\" content=\"LAVE VAISSELLE SCHNEIDER 6CV 8P A+++ TABLE TOP SILVER\" \/>\n<meta property=\"og:description\" content=\"MARQUE : SCHNEIDER  FINITION : SILVER  NOMBRE DE COUVERTS : 6C  NOMBRE DE PROGRAMMES : 8 P\" \/>\n<meta property=\"og:url\" content=\"https:\/\/pay4less.ma\/?product=hansa-zwm-536-wh\" \/>\n<meta property=\"og:site_name\" content=\"PAYLESS MAROC\" \/>\n<meta property=\"article:publisher\" content=\"https:\/\/www.facebook.com\/paylessmaroc\" \/>\n<meta property=\"article:modified_time\" content=\"2026-03-23T16:07:10+00:00\" \/>\n<meta property=\"og:image\" content=\"http:\/\/pay4less.ma\/wp-content\/uploads\/2025\/01\/lave-vaisselle-schneider-6cv-8p-a-table-top-silver1.png\" \/>\n\t<meta property=\"og:image:width\" content=\"700\" \/>\n\t<meta property=\"og:image:height\" content=\"800\" \/>\n\t<meta property=\"og:image:type\" content=\"image\/png\" \/>\n<meta name=\"twitter:card\" content=\"summary_large_image\" \/>\n<meta name=\"twitter:label1\" content=\"Dur\u00e9e de lecture estim\u00e9e\" \/>\n\t<meta name=\"twitter:data1\" content=\"1 minute\" \/>\n<script type=\"application\/ld+json\" class=\"yoast-schema-graph\">{\"@context\":\"https:\/\/schema.org\",\"@graph\":[{\"@type\":\"WebPage\",\"@id\":\"https:\/\/pay4less.ma\/?product=hansa-zwm-536-wh\",\"url\":\"https:\/\/pay4less.ma\/?product=hansa-zwm-536-wh\",\"name\":\"LAVE VAISSELLE SCHNEIDER 6CV 8P A+++ TABLE TOP SILVER - PAYLESS MAROC\",\"isPartOf\":{\"@id\":\"https:\/\/pay4less.ma\/#website\"},\"primaryImageOfPage\":{\"@id\":\"https:\/\/pay4less.ma\/?product=hansa-zwm-536-wh#primaryimage\"},\"image\":{\"@id\":\"https:\/\/pay4less.ma\/?product=hansa-zwm-536-wh#primaryimage\"},\"thumbnailUrl\":\"https:\/\/pay4less.ma\/wp-content\/uploads\/2025\/01\/lave-vaisselle-schneider-6cv-8p-a-table-top-silver1.png\",\"datePublished\":\"2025-01-14T14:40:29+00:00\",\"dateModified\":\"2026-03-23T16:07:10+00:00\",\"breadcrumb\":{\"@id\":\"https:\/\/pay4less.ma\/?product=hansa-zwm-536-wh#breadcrumb\"},\"inLanguage\":\"fr-FR\",\"potentialAction\":[{\"@type\":\"ReadAction\",\"target\":[\"https:\/\/pay4less.ma\/?product=hansa-zwm-536-wh\"]}]},{\"@type\":\"ImageObject\",\"inLanguage\":\"fr-FR\",\"@id\":\"https:\/\/pay4less.ma\/?product=hansa-zwm-536-wh#primaryimage\",\"url\":\"https:\/\/pay4less.ma\/wp-content\/uploads\/2025\/01\/lave-vaisselle-schneider-6cv-8p-a-table-top-silver1.png\",\"contentUrl\":\"https:\/\/pay4less.ma\/wp-content\/uploads\/2025\/01\/lave-vaisselle-schneider-6cv-8p-a-table-top-silver1.png\",\"width\":700,\"height\":800},{\"@type\":\"BreadcrumbList\",\"@id\":\"https:\/\/pay4less.ma\/?product=hansa-zwm-536-wh#breadcrumb\",\"itemListElement\":[{\"@type\":\"ListItem\",\"position\":1,\"name\":\"Accueil\",\"item\":\"https:\/\/pay4less.ma\/\"},{\"@type\":\"ListItem\",\"position\":2,\"name\":\"Shop\",\"item\":\"https:\/\/pay4less.ma\/?page_id=10644\"},{\"@type\":\"ListItem\",\"position\":3,\"name\":\"LAVE VAISSELLE SCHNEIDER 6CV 8P A+++ TABLE TOP SILVER\"}]},{\"@type\":\"WebSite\",\"@id\":\"https:\/\/pay4less.ma\/#website\",\"url\":\"https:\/\/pay4less.ma\/\",\"name\":\"PAYLESS MAROC\",\"description\":\"PAYLESS \u2013 Votre sp\u00e9cialiste en \u00e9lectrom\u00e9nager, TV et PC au Maroc. Qualit\u00e9, prix justes et service de confiance.\",\"publisher\":{\"@id\":\"https:\/\/pay4less.ma\/#organization\"},\"alternateName\":\"PAY4LESS\",\"potentialAction\":[{\"@type\":\"SearchAction\",\"target\":{\"@type\":\"EntryPoint\",\"urlTemplate\":\"https:\/\/pay4less.ma\/?s={search_term_string}\"},\"query-input\":{\"@type\":\"PropertyValueSpecification\",\"valueRequired\":true,\"valueName\":\"search_term_string\"}}],\"inLanguage\":\"fr-FR\"},{\"@type\":\"Organization\",\"@id\":\"https:\/\/pay4less.ma\/#organization\",\"name\":\"PAYLESS MAROC\",\"alternateName\":\"PAY4LESS\",\"url\":\"https:\/\/pay4less.ma\/\",\"logo\":{\"@type\":\"ImageObject\",\"inLanguage\":\"fr-FR\",\"@id\":\"https:\/\/pay4less.ma\/#\/schema\/logo\/image\/\",\"url\":\"https:\/\/pay4less.ma\/wp-content\/uploads\/2025\/12\/350X100-PX.png\",\"contentUrl\":\"https:\/\/pay4less.ma\/wp-content\/uploads\/2025\/12\/350X100-PX.png\",\"width\":350,\"height\":100,\"caption\":\"PAYLESS MAROC\"},\"image\":{\"@id\":\"https:\/\/pay4less.ma\/#\/schema\/logo\/image\/\"},\"sameAs\":[\"https:\/\/www.facebook.com\/paylessmaroc\",\"https:\/\/instagram.com\/paylessmaroc1\"]}]}<\/script>\n<!-- \/ Yoast SEO Premium plugin. -->","yoast_head_json":{"title":"LAVE VAISSELLE SCHNEIDER 6CV 8P A+++ TABLE TOP SILVER - PAYLESS MAROC","robots":{"index":"index","follow":"follow","max-snippet":"max-snippet:-1","max-image-preview":"max-image-preview:large","max-video-preview":"max-video-preview:-1"},"canonical":"https:\/\/pay4less.ma\/?product=hansa-zwm-536-wh","og_locale":"fr_FR","og_type":"article","og_title":"LAVE VAISSELLE SCHNEIDER 6CV 8P A+++ TABLE TOP SILVER","og_description":"MARQUE : SCHNEIDER  FINITION : SILVER  NOMBRE DE COUVERTS : 6C  NOMBRE DE PROGRAMMES : 8 P","og_url":"https:\/\/pay4less.ma\/?product=hansa-zwm-536-wh","og_site_name":"PAYLESS MAROC","article_publisher":"https:\/\/www.facebook.com\/paylessmaroc","article_modified_time":"2026-03-23T16:07:10+00:00","og_image":[{"width":700,"height":800,"url":"http:\/\/pay4less.ma\/wp-content\/uploads\/2025\/01\/lave-vaisselle-schneider-6cv-8p-a-table-top-silver1.png","type":"image\/png"}],"twitter_card":"summary_large_image","twitter_misc":{"Dur\u00e9e de lecture estim\u00e9e":"1 minute"},"schema":{"@context":"https:\/\/schema.org","@graph":[{"@type":"WebPage","@id":"https:\/\/pay4less.ma\/?product=hansa-zwm-536-wh","url":"https:\/\/pay4less.ma\/?product=hansa-zwm-536-wh","name":"LAVE VAISSELLE SCHNEIDER 6CV 8P A+++ TABLE TOP SILVER - PAYLESS MAROC","isPartOf":{"@id":"https:\/\/pay4less.ma\/#website"},"primaryImageOfPage":{"@id":"https:\/\/pay4less.ma\/?product=hansa-zwm-536-wh#primaryimage"},"image":{"@id":"https:\/\/pay4less.ma\/?product=hansa-zwm-536-wh#primaryimage"},"thumbnailUrl":"https:\/\/pay4less.ma\/wp-content\/uploads\/2025\/01\/lave-vaisselle-schneider-6cv-8p-a-table-top-silver1.png","datePublished":"2025-01-14T14:40:29+00:00","dateModified":"2026-03-23T16:07:10+00:00","breadcrumb":{"@id":"https:\/\/pay4less.ma\/?product=hansa-zwm-536-wh#breadcrumb"},"inLanguage":"fr-FR","potentialAction":[{"@type":"ReadAction","target":["https:\/\/pay4less.ma\/?product=hansa-zwm-536-wh"]}]},{"@type":"ImageObject","inLanguage":"fr-FR","@id":"https:\/\/pay4less.ma\/?product=hansa-zwm-536-wh#primaryimage","url":"https:\/\/pay4less.ma\/wp-content\/uploads\/2025\/01\/lave-vaisselle-schneider-6cv-8p-a-table-top-silver1.png","contentUrl":"https:\/\/pay4less.ma\/wp-content\/uploads\/2025\/01\/lave-vaisselle-schneider-6cv-8p-a-table-top-silver1.png","width":700,"height":800},{"@type":"BreadcrumbList","@id":"https:\/\/pay4less.ma\/?product=hansa-zwm-536-wh#breadcrumb","itemListElement":[{"@type":"ListItem","position":1,"name":"Accueil","item":"https:\/\/pay4less.ma\/"},{"@type":"ListItem","position":2,"name":"Shop","item":"https:\/\/pay4less.ma\/?page_id=10644"},{"@type":"ListItem","position":3,"name":"LAVE VAISSELLE SCHNEIDER 6CV 8P A+++ TABLE TOP SILVER"}]},{"@type":"WebSite","@id":"https:\/\/pay4less.ma\/#website","url":"https:\/\/pay4less.ma\/","name":"PAYLESS MAROC","description":"PAYLESS \u2013 Votre sp\u00e9cialiste en \u00e9lectrom\u00e9nager, TV et PC au Maroc. Qualit\u00e9, prix justes et service de confiance.","publisher":{"@id":"https:\/\/pay4less.ma\/#organization"},"alternateName":"PAY4LESS","potentialAction":[{"@type":"SearchAction","target":{"@type":"EntryPoint","urlTemplate":"https:\/\/pay4less.ma\/?s={search_term_string}"},"query-input":{"@type":"PropertyValueSpecification","valueRequired":true,"valueName":"search_term_string"}}],"inLanguage":"fr-FR"},{"@type":"Organization","@id":"https:\/\/pay4less.ma\/#organization","name":"PAYLESS MAROC","alternateName":"PAY4LESS","url":"https:\/\/pay4less.ma\/","logo":{"@type":"ImageObject","inLanguage":"fr-FR","@id":"https:\/\/pay4less.ma\/#\/schema\/logo\/image\/","url":"https:\/\/pay4less.ma\/wp-content\/uploads\/2025\/12\/350X100-PX.png","contentUrl":"https:\/\/pay4less.ma\/wp-content\/uploads\/2025\/12\/350X100-PX.png","width":350,"height":100,"caption":"PAYLESS MAROC"},"image":{"@id":"https:\/\/pay4less.ma\/#\/schema\/logo\/image\/"},"sameAs":["https:\/\/www.facebook.com\/paylessmaroc","https:\/\/instagram.com\/paylessmaroc1"]}]}},"jetpack_sharing_enabled":true,"_links":{"self":[{"href":"https:\/\/pay4less.ma\/index.php?rest_route=\/wp\/v2\/product\/262","targetHints":{"allow":["GET"]}}],"collection":[{"href":"https:\/\/pay4less.ma\/index.php?rest_route=\/wp\/v2\/product"}],"about":[{"href":"https:\/\/pay4less.ma\/index.php?rest_route=\/wp\/v2\/types\/product"}],"replies":[{"embeddable":true,"href":"https:\/\/pay4less.ma\/index.php?rest_route=%2Fwp%2Fv2%2Fcomments&post=262"}],"version-history":[{"count":5,"href":"https:\/\/pay4less.ma\/index.php?rest_route=\/wp\/v2\/product\/262\/revisions"}],"predecessor-version":[{"id":10815,"href":"https:\/\/pay4less.ma\/index.php?rest_route=\/wp\/v2\/product\/262\/revisions\/10815"}],"wp:featuredmedia":[{"embeddable":true,"href":"https:\/\/pay4less.ma\/index.php?rest_route=\/wp\/v2\/media\/11223"}],"wp:attachment":[{"href":"https:\/\/pay4less.ma\/index.php?rest_route=%2Fwp%2Fv2%2Fmedia&parent=262"}],"wp:term":[{"taxonomy":"product_brand","embeddable":true,"href":"https:\/\/pay4less.ma\/index.php?rest_route=%2Fwp%2Fv2%2Fproduct_brand&post=262"},{"taxonomy":"product_cat","embeddable":true,"href":"https:\/\/pay4less.ma\/index.php?rest_route=%2Fwp%2Fv2%2Fproduct_cat&post=262"},{"taxonomy":"product_tag","embeddable":true,"href":"https:\/\/pay4less.ma\/index.php?rest_route=%2Fwp%2Fv2%2Fproduct_tag&post=262"}],"curies":[{"name":"wp","href":"https:\/\/api.w.org\/{rel}","templated":true}]}}